{"id":3836,"date":"2025-02-04T19:20:12","date_gmt":"2025-02-04T17:20:12","guid":{"rendered":"https:\/\/redesignwithjulia.com\/?post_type=product&#038;p=3836"},"modified":"2025-02-08T20:22:40","modified_gmt":"2025-02-08T18:22:40","slug":"alphanumeric-essentials-matrita-silicon-dadarkararts-get-inspired","status":"publish","type":"product","link":"https:\/\/redesignwithjulia.com\/ro\/produs\/alphanumeric-essentials-matrita-silicon-dadarkararts-get-inspired\/","title":{"rendered":"Matri\u021b\u0103 silicon Alphanumeric Essentials &#8211; Dadarkararts &#8211; Get Inspired"},"content":{"rendered":"<p>Dimensiuni: 15.24 X 30.48 cm.<\/p>\n<p>Matri\u021bele din silicon de \u00eenalt\u0103 calitate sunt perfecte pentru utilizarea cu lut, r\u0103\u0219in\u0103 \u0219i multe alte materiale. Perfecte pentru decor, art\u0103, medii mixte \u0219i aplica\u021bii alimentare. Rezistente la c\u0103ldur\u0103 \u0219i sigure pentru alimente.<\/p>","protected":false},"excerpt":{"rendered":"<p>Dimensiuni: 15.24 X 30.48 cm. Matri\u021bele din silicon de \u00eenalt\u0103 calitate sunt perfecte pentru utilizarea cu lut, r\u0103\u0219in\u0103 \u0219i multe alte materiale. Perfecte pentru decor, art\u0103, medii mixte \u0219i aplica\u021bii alimentare. Rezistente la c\u0103ldur\u0103 \u0219i sigure pentru alimente.<\/p>","protected":false},"featured_media":3837,"comment_status":"open","ping_status":"closed","template":"","meta":{"_et_pb_use_builder":"","_et_pb_old_content":"","_et_gb_content_width":""},"product_cat":[61],"product_tag":[],"_links":{"self":[{"href":"https:\/\/redesignwithjulia.com\/ro\/wp-json\/wp\/v2\/product\/3836"}],"collection":[{"href":"https:\/\/redesignwithjulia.com\/ro\/wp-json\/wp\/v2\/product"}],"about":[{"href":"https:\/\/redesignwithjulia.com\/ro\/wp-json\/wp\/v2\/types\/product"}],"replies":[{"embeddable":true,"href":"https:\/\/redesignwithjulia.com\/ro\/wp-json\/wp\/v2\/comments?post=3836"}],"wp:featuredmedia":[{"embeddable":true,"href":"https:\/\/redesignwithjulia.com\/ro\/wp-json\/wp\/v2\/media\/3837"}],"wp:attachment":[{"href":"https:\/\/redesignwithjulia.com\/ro\/wp-json\/wp\/v2\/media?parent=3836"}],"wp:term":[{"taxonomy":"product_cat","embeddable":true,"href":"https:\/\/redesignwithjulia.com\/ro\/wp-json\/wp\/v2\/product_cat?post=3836"},{"taxonomy":"product_tag","embeddable":true,"href":"https:\/\/redesignwithjulia.com\/ro\/wp-json\/wp\/v2\/product_tag?post=3836"}],"curies":[{"name":"wp","href":"https:\/\/api.w.org\/{rel}","templated":true}]}}