{"id":3862,"date":"2025-02-07T14:00:47","date_gmt":"2025-02-07T12:00:47","guid":{"rendered":"https:\/\/redesignwithjulia.com\/?post_type=product&#038;p=3862"},"modified":"2025-12-10T15:29:09","modified_gmt":"2025-12-10T13:29:09","slug":"transfer-decorativ-pastels-artistry","status":"publish","type":"product","link":"https:\/\/redesignwithjulia.com\/ro\/produs\/transfer-decorativ-pastels-artistry\/","title":{"rendered":"Transfer Decorativ &#8211; Pastels Artistry"},"content":{"rendered":"<p>Transferul decorativ\u00a0 \u201ePastels Artistry\u201d \u00eenflore\u0219te cu flori moi, de vis, aduc\u00e2nd o \u0219oapt\u0103 de prim\u0103var\u0103 proiectelor tale DIY. Orna\u021bi piesa de mobilier preferat\u0103 cu acest buchet de alb \u0219i roz bl\u00e2nd, toate detaliate cu verdea\u021b\u0103 delicat\u0103. Este ca o pensul\u0103 de art\u0103 proprie naturii, gata s\u0103 transforme spa\u021biul t\u0103u \u00eentr-un paradis de lini\u0219te pastelat\u0103.<\/p>\n<p>Dimensiunea total\u0103 a foii 60,96 x 88,9 cm, t\u0103iat\u0103 \u00een dou\u0103. Transferurile sunt incredibil de u\u0219or de utilizat. Pur \u0219i simplu dezlipi\u021bi h\u00e2rtia de suport, a\u0219eza\u021bi transferul pe suprafa\u021ba dorit\u0103 \u0219i freca\u021bi-o cu instrumentul inclus pentru a transfera desenul. Transferul poate fi t\u0103iat \u0219i rearanjat pentru a se potrivi nevoilor dvs. specifice, ceea ce \u00eel face o alegere versatil\u0103 \u0219i personalizabil\u0103 pentru toate proiectele dvs. D\u00e9cor. Sigila\u021bi cu lacul dvs. preferat pe baz\u0103 de ap\u0103 sau cu cear\u0103 transparent\u0103.<\/p>\n<p>&nbsp;<\/p>","protected":false},"excerpt":{"rendered":"<p>Transferul decorativ\u00a0 \u201ePastels Artistry\u201d \u00eenflore\u0219te cu flori moi, de vis, aduc\u00e2nd o \u0219oapt\u0103 de prim\u0103var\u0103 proiectelor tale DIY. Orna\u021bi piesa de mobilier preferat\u0103 cu acest buchet de alb \u0219i roz bl\u00e2nd, toate detaliate cu verdea\u021b\u0103 delicat\u0103. Este ca o pensul\u0103 de art\u0103 proprie naturii, gata s\u0103 transforme spa\u021biul t\u0103u \u00eentr-un paradis de lini\u0219te pastelat\u0103. Dimensiunea [&hellip;]<\/p>","protected":false},"featured_media":3863,"comment_status":"open","ping_status":"closed","template":"","meta":{"_et_pb_use_builder":"","_et_pb_old_content":"","_et_gb_content_width":""},"product_cat":[25],"product_tag":[],"_links":{"self":[{"href":"https:\/\/redesignwithjulia.com\/ro\/wp-json\/wp\/v2\/product\/3862"}],"collection":[{"href":"https:\/\/redesignwithjulia.com\/ro\/wp-json\/wp\/v2\/product"}],"about":[{"href":"https:\/\/redesignwithjulia.com\/ro\/wp-json\/wp\/v2\/types\/product"}],"replies":[{"embeddable":true,"href":"https:\/\/redesignwithjulia.com\/ro\/wp-json\/wp\/v2\/comments?post=3862"}],"wp:featuredmedia":[{"embeddable":true,"href":"https:\/\/redesignwithjulia.com\/ro\/wp-json\/wp\/v2\/media\/3863"}],"wp:attachment":[{"href":"https:\/\/redesignwithjulia.com\/ro\/wp-json\/wp\/v2\/media?parent=3862"}],"wp:term":[{"taxonomy":"product_cat","embeddable":true,"href":"https:\/\/redesignwithjulia.com\/ro\/wp-json\/wp\/v2\/product_cat?post=3862"},{"taxonomy":"product_tag","embeddable":true,"href":"https:\/\/redesignwithjulia.com\/ro\/wp-json\/wp\/v2\/product_tag?post=3862"}],"curies":[{"name":"wp","href":"https:\/\/api.w.org\/{rel}","templated":true}]}}