{"id":3870,"date":"2025-02-07T22:32:13","date_gmt":"2025-02-07T20:32:13","guid":{"rendered":"https:\/\/redesignwithjulia.com\/?post_type=product&#038;p=3870"},"modified":"2025-02-07T23:35:10","modified_gmt":"2025-02-07T21:35:10","slug":"transfer-decorativ-foliage-finesse","status":"publish","type":"product","link":"https:\/\/redesignwithjulia.com\/ro\/produs\/transfer-decorativ-foliage-finesse\/","title":{"rendered":"Transfer Decorativ &#8211; Foliage Finesse"},"content":{"rendered":"<p>Du-te dup\u0103 aur!<br \/>\nTransferul \u201eFoliage Finesse\u201d \u00een foi\u021b\u0103 aurie aduce \u00een interioarele dvs. complica\u021biile delicate ale unei gr\u0103dini aurii. Aceast\u0103 pies\u0103 de art\u0103 prezint\u0103 o varietate de frunze \u0219i frunzi\u0219uri, fiecare cu textura sa unic\u0103, toate unite de str\u0103lucirea luxoas\u0103 a aurului. Este o tapiserie complex\u0103 care promite s\u0103 adauge o not\u0103 de elegan\u021b\u0103 a naturii oric\u0103rui proiect, infuz\u00e2nd spa\u021biul dvs. cu un farmec botanic atemporal.<\/p>\n<p>Transferurile sunt incredibil de u\u0219or de utilizat. Pur \u0219i simplu dezlipi\u021bi h\u00e2rtia de suport, a\u0219eza\u021bi transferul pe suprafa\u021ba dorit\u0103 \u0219i freca\u021bi-o cu instrumentul inclus pentru a transfera desenul. Transferul poate fi t\u0103iat \u0219i rearanjat pentru a se potrivi nevoilor dvs. specifice, ceea ce \u00eel face o alegere versatil\u0103 \u0219i personalizabil\u0103 pentru toate proiectele dvs. de decor.<\/p>\n<p>Sigila\u021bi cu lacul dvs. preferat pe baz\u0103 de ap\u0103 sau cu cear\u0103 transparent\u0103.<\/p>\n<p>Dimensiuni : 45,72 x 60,96 cm<\/p>","protected":false},"excerpt":{"rendered":"<p>Du-te dup\u0103 aur! Transferul \u201eFoliage Finesse\u201d \u00een foi\u021b\u0103 aurie aduce \u00een interioarele dvs. complica\u021biile delicate ale unei gr\u0103dini aurii. Aceast\u0103 pies\u0103 de art\u0103 prezint\u0103 o varietate de frunze \u0219i frunzi\u0219uri, fiecare cu textura sa unic\u0103, toate unite de str\u0103lucirea luxoas\u0103 a aurului. Este o tapiserie complex\u0103 care promite s\u0103 adauge o not\u0103 de elegan\u021b\u0103 a [&hellip;]<\/p>","protected":false},"featured_media":3871,"comment_status":"open","ping_status":"closed","template":"","meta":{"_et_pb_use_builder":"","_et_pb_old_content":"","_et_gb_content_width":""},"product_cat":[25],"product_tag":[],"_links":{"self":[{"href":"https:\/\/redesignwithjulia.com\/ro\/wp-json\/wp\/v2\/product\/3870"}],"collection":[{"href":"https:\/\/redesignwithjulia.com\/ro\/wp-json\/wp\/v2\/product"}],"about":[{"href":"https:\/\/redesignwithjulia.com\/ro\/wp-json\/wp\/v2\/types\/product"}],"replies":[{"embeddable":true,"href":"https:\/\/redesignwithjulia.com\/ro\/wp-json\/wp\/v2\/comments?post=3870"}],"wp:featuredmedia":[{"embeddable":true,"href":"https:\/\/redesignwithjulia.com\/ro\/wp-json\/wp\/v2\/media\/3871"}],"wp:attachment":[{"href":"https:\/\/redesignwithjulia.com\/ro\/wp-json\/wp\/v2\/media?parent=3870"}],"wp:term":[{"taxonomy":"product_cat","embeddable":true,"href":"https:\/\/redesignwithjulia.com\/ro\/wp-json\/wp\/v2\/product_cat?post=3870"},{"taxonomy":"product_tag","embeddable":true,"href":"https:\/\/redesignwithjulia.com\/ro\/wp-json\/wp\/v2\/product_tag?post=3870"}],"curies":[{"name":"wp","href":"https:\/\/api.w.org\/{rel}","templated":true}]}}