{"id":3874,"date":"2025-02-07T23:21:56","date_gmt":"2025-02-07T21:21:56","guid":{"rendered":"https:\/\/redesignwithjulia.com\/?post_type=product&#038;p=3874"},"modified":"2025-02-07T23:34:03","modified_gmt":"2025-02-07T21:34:03","slug":"transfer-decorativ-house-of-damask-kacha","status":"publish","type":"product","link":"https:\/\/redesignwithjulia.com\/ro\/produs\/transfer-decorativ-house-of-damask-kacha\/","title":{"rendered":"Transfer Decorativ &#8211; House of Damask &#8211; Kacha"},"content":{"rendered":"<p>O superb\u0103 folie aurie de la Kacha pentru a ad\u0103uga o not\u0103 de GLAM urm\u0103toarei dvs. piese!<\/p>\n<p>V\u0103 prezent\u0103m fermec\u0103torul D\u00e9cor Transfer\u00ae \u201eHouse of Damask\u201d!<\/p>\n<p>Ob\u021bine\u021bi aspectul de stencil cu foi\u021b\u0103 de aur, f\u0103r\u0103 to\u021bi pa\u0219ii sau mizeria! M\u0103sur\u00e2nd 18\u2033 x 24\u2033, acest transfer uimitor cu design de damasc este perfect pentru a ad\u0103uga o not\u0103 de elegan\u021b\u0103 \u0219i sofisticare oric\u0103rui proiect de decorare a casei, \u00een adev\u0103ratul stil GLAM! Kacha este cunoscut\u0103 pentru designurile sale elegante \u0219i feminine, iar transferul de decor \u201eHouse of Damask\u201d nu face excep\u021bie. Transferul este durabil \u0219i de lung\u0103 durat\u0103, asigur\u00e2nd c\u0103 desenele dvs. vor ar\u0103ta grozav pentru anii urm\u0103tori.<\/p>\n<p>Sfat: Ob\u021bine\u021bi cu u\u0219urin\u021b\u0103 aspectul foliilor aurii! Pur \u0219i simplu aplica\u021bi transferul pe suprafa\u021ba dorit\u0103 \u0219i freca\u021bi-l cu un instrument de transfer Redesign. Kacha recomand\u0103 sigilarea transferurilor de folii cu o cear\u0103 transparent\u0103 pe baz\u0103 de ap\u0103 sau poli. Testa\u021bi \u00eentotdeauna produsul mai \u00eent\u00e2i. Rezultatul este un design frumos, str\u0103lucitor, din folie aurie, care adaug\u0103 o not\u0103 de farmec oric\u0103rei \u00eenc\u0103peri.<br \/>\nDac\u0103 sunte\u021bi \u00een c\u0103utarea unei modalit\u0103\u021bi de a ad\u0103uga farmec \u0219i rafinament proiectelor dvs. de decora\u021biuni interioare, nu c\u0103uta\u021bi mai departe.<\/p>\n<p>dimensiune: 45,70 x 60,90 cm<\/p>","protected":false},"excerpt":{"rendered":"<p>O superb\u0103 folie aurie de la Kacha pentru a ad\u0103uga o not\u0103 de GLAM urm\u0103toarei dvs. piese! V\u0103 prezent\u0103m fermec\u0103torul D\u00e9cor Transfer\u00ae \u201eHouse of Damask\u201d! Ob\u021bine\u021bi aspectul de stencil cu foi\u021b\u0103 de aur, f\u0103r\u0103 to\u021bi pa\u0219ii sau mizeria! M\u0103sur\u00e2nd 18\u2033 x 24\u2033, acest transfer uimitor cu design de damasc este perfect pentru a ad\u0103uga o [&hellip;]<\/p>","protected":false},"featured_media":3875,"comment_status":"open","ping_status":"closed","template":"","meta":{"_et_pb_use_builder":"","_et_pb_old_content":"","_et_gb_content_width":""},"product_cat":[25],"product_tag":[],"_links":{"self":[{"href":"https:\/\/redesignwithjulia.com\/ro\/wp-json\/wp\/v2\/product\/3874"}],"collection":[{"href":"https:\/\/redesignwithjulia.com\/ro\/wp-json\/wp\/v2\/product"}],"about":[{"href":"https:\/\/redesignwithjulia.com\/ro\/wp-json\/wp\/v2\/types\/product"}],"replies":[{"embeddable":true,"href":"https:\/\/redesignwithjulia.com\/ro\/wp-json\/wp\/v2\/comments?post=3874"}],"wp:featuredmedia":[{"embeddable":true,"href":"https:\/\/redesignwithjulia.com\/ro\/wp-json\/wp\/v2\/media\/3875"}],"wp:attachment":[{"href":"https:\/\/redesignwithjulia.com\/ro\/wp-json\/wp\/v2\/media?parent=3874"}],"wp:term":[{"taxonomy":"product_cat","embeddable":true,"href":"https:\/\/redesignwithjulia.com\/ro\/wp-json\/wp\/v2\/product_cat?post=3874"},{"taxonomy":"product_tag","embeddable":true,"href":"https:\/\/redesignwithjulia.com\/ro\/wp-json\/wp\/v2\/product_tag?post=3874"}],"curies":[{"name":"wp","href":"https:\/\/api.w.org\/{rel}","templated":true}]}}