{"id":3877,"date":"2025-02-07T23:31:13","date_gmt":"2025-02-07T21:31:13","guid":{"rendered":"https:\/\/redesignwithjulia.com\/?post_type=product&#038;p=3877"},"modified":"2025-02-07T23:33:48","modified_gmt":"2025-02-07T21:33:48","slug":"transfer-decorativ-silver-house-of-damask-kacha","status":"publish","type":"product","link":"https:\/\/redesignwithjulia.com\/ro\/produs\/transfer-decorativ-silver-house-of-damask-kacha\/","title":{"rendered":"Transfer Decorativ \u2013 Silver House of Damask \u2013 Kacha"},"content":{"rendered":"<p>Damasc trendy? Absolut, dar cu atingerea inconfundabil\u0103 de farmec a lui Kacha! Transferul decorativ \u201eSilver House of Damask\u201d\u00a0 preia modelul clasic \u0219i elegant Damask \u0219i \u00eel \u00eenal\u021b\u0103 cu o folie argintie uimitoare care radiaz\u0103 lux.<\/p>\n<p>Perfect pentru cei c\u0103rora le place s\u0103 \u00eembine stilul tradi\u021bional cu o \u00eentors\u0103tur\u0103 modern\u0103, acest transfer adaug\u0103 o frumuse\u021be \u00eendr\u0103znea\u021b\u0103, reflectorizant\u0103 oric\u0103rei piese. Fie c\u0103 actualiza\u021bi un sideboard \u0219ic sau ad\u0103uga\u021bi farmec unui perete de accent, acest design transform\u0103 obi\u0219nuitul \u00een extraordinar, infuz\u00e2nd spa\u021biul dvs. cu un luciu argintiu plin de farmec, care este pur Kacha.<\/p>\n<p>Transferurile sunt incredibil de u\u0219or de utilizat. Pur \u0219i simplu dezlipi\u021bi h\u00e2rtia de suport, a\u0219eza\u021bi transferul pe suprafa\u021ba dorit\u0103 \u0219i freca\u021bi-o cu instrumentul inclus pentru a transfera desenul. Transferul poate fi t\u0103iat \u0219i rearanjat pentru a se potrivi nevoilor dvs. specifice, ceea ce \u00eel face o alegere versatil\u0103 \u0219i personalizabil\u0103 pentru toate proiectele dvs. de decor. Sigila\u021bi cu lacul dvs. preferat pe baz\u0103 de ap\u0103 sau cu cear\u0103 transparent\u0103.<\/p>\n<p>Dimensiuni: 45,7 x 60,9 cm<\/p>","protected":false},"excerpt":{"rendered":"<p>Damasc trendy? Absolut, dar cu atingerea inconfundabil\u0103 de farmec a lui Kacha! Transferul decorativ \u201eSilver House of Damask\u201d\u00a0 preia modelul clasic \u0219i elegant Damask \u0219i \u00eel \u00eenal\u021b\u0103 cu o folie argintie uimitoare care radiaz\u0103 lux. Perfect pentru cei c\u0103rora le place s\u0103 \u00eembine stilul tradi\u021bional cu o \u00eentors\u0103tur\u0103 modern\u0103, acest transfer adaug\u0103 o frumuse\u021be \u00eendr\u0103znea\u021b\u0103, [&hellip;]<\/p>","protected":false},"featured_media":3878,"comment_status":"open","ping_status":"closed","template":"","meta":{"_et_pb_use_builder":"","_et_pb_old_content":"","_et_gb_content_width":""},"product_cat":[25],"product_tag":[],"_links":{"self":[{"href":"https:\/\/redesignwithjulia.com\/ro\/wp-json\/wp\/v2\/product\/3877"}],"collection":[{"href":"https:\/\/redesignwithjulia.com\/ro\/wp-json\/wp\/v2\/product"}],"about":[{"href":"https:\/\/redesignwithjulia.com\/ro\/wp-json\/wp\/v2\/types\/product"}],"replies":[{"embeddable":true,"href":"https:\/\/redesignwithjulia.com\/ro\/wp-json\/wp\/v2\/comments?post=3877"}],"wp:featuredmedia":[{"embeddable":true,"href":"https:\/\/redesignwithjulia.com\/ro\/wp-json\/wp\/v2\/media\/3878"}],"wp:attachment":[{"href":"https:\/\/redesignwithjulia.com\/ro\/wp-json\/wp\/v2\/media?parent=3877"}],"wp:term":[{"taxonomy":"product_cat","embeddable":true,"href":"https:\/\/redesignwithjulia.com\/ro\/wp-json\/wp\/v2\/product_cat?post=3877"},{"taxonomy":"product_tag","embeddable":true,"href":"https:\/\/redesignwithjulia.com\/ro\/wp-json\/wp\/v2\/product_tag?post=3877"}],"curies":[{"name":"wp","href":"https:\/\/api.w.org\/{rel}","templated":true}]}}