{"id":3907,"date":"2025-02-12T00:30:15","date_gmt":"2025-02-11T22:30:15","guid":{"rendered":"https:\/\/redesignwithjulia.com\/?post_type=product&#038;p=3907"},"modified":"2026-02-03T13:49:07","modified_gmt":"2026-02-03T11:49:07","slug":"rustic-retreat","status":"publish","type":"product","link":"https:\/\/redesignwithjulia.com\/ro\/produs\/rustic-retreat\/","title":{"rendered":"Rustic Retreat \u2013 material decorativ mobil\u0103"},"content":{"rendered":"<p>Distrac\u021bie tripl\u0103! V\u0103 prezent\u0103m noul pachet Redesign, cu trei modele frumoase, perfect preg\u0103tite pentru a le combina \u0219i asorta \u00een urm\u0103torul proiect DIY! V\u0103 plac animalele? \u201eRustic Retreat\u201d aduce farmecul scenelor de iarn\u0103 \u0219i o varietate de animale s\u0103lbatice \u00een proiectele tale. Cu o v\u00e2ltoare, scen\u0103 de iarn\u0103, aceste h\u00e2rtii prezint\u0103 vite incredibile cu coarne lungi, lame pufoase \u0219i o vac\u0103 mam\u0103 \u00eenduio\u0219\u0103toare \u0219i vi\u021belul ei. Aceste modele surprind frumuse\u021bea naturii \u0219i senin\u0103tatea de la \u021bar\u0103. Fie c\u0103 lucra\u021bi la me\u0219te\u0219uguri de sezon, decora\u021biuni pentru cas\u0103 sau orice alt proiect care \u00eembr\u0103\u021bi\u0219eaz\u0103 tema retragerii rustice, aceste h\u00e2rtii decoupage vor ad\u0103uga o not\u0103 de c\u0103ldur\u0103 \u0219i farmec natural. Durabilitatea materialului asigur\u0103 faptul c\u0103 proiectul dvs. de decoupage va dura mul\u021bi ani. Materialul este rezistent la rupere \u0219i decolorare, asigur\u00e2ndu-se c\u0103 designul frumos r\u0103m\u00e2ne vibrant \u0219i frumos chiar \u0219i \u00een cazul utiliz\u0103rii regulate.<\/p>\n<p>Acest set con\u021bine 3 coli, fiecare de 48,2 x 76,2 cm.<\/p>\n<p>Modelele lor se potrivesc frumos \u00eempreun\u0103.<\/p>\n<p>Materialul este perfect pentru utilizarea pe pere\u021bi, mobilier \u0219i alte elemente de decor.Materialul este incredibil de u\u0219or de utilizat. Pur \u0219i simplu m\u0103sura\u021bi \u0219i t\u0103ia\u021bi cantitatea dorit\u0103 de h\u00e2rtie, ad\u0103uga\u021bi Gel Decoupage pe suprafa\u021ba preg\u0103tit\u0103, a\u0219eza\u021bi h\u00e2rtia deasupra \u0219i netezi\u021bi-o. Ad\u0103uga\u021bi \u00eenc\u0103 un strat de Gel Decoupage deasupra \u0219i l\u0103sa\u021bi s\u0103 se usuce.<\/p>\n<p>&nbsp;<\/p>","protected":false},"excerpt":{"rendered":"<p>Distrac\u021bie tripl\u0103! V\u0103 prezent\u0103m noul pachet Redesign, cu trei modele frumoase, perfect preg\u0103tite pentru a le combina \u0219i asorta \u00een urm\u0103torul proiect DIY! V\u0103 plac animalele? \u201eRustic Retreat\u201d aduce farmecul scenelor de iarn\u0103 \u0219i o varietate de animale s\u0103lbatice \u00een proiectele tale. Cu o v\u00e2ltoare, scen\u0103 de iarn\u0103, aceste h\u00e2rtii prezint\u0103 vite incredibile cu coarne [&hellip;]<\/p>","protected":false},"featured_media":3908,"comment_status":"open","ping_status":"closed","template":"","meta":{"_et_pb_use_builder":"","_et_pb_old_content":"","_et_gb_content_width":""},"product_cat":[67],"product_tag":[],"_links":{"self":[{"href":"https:\/\/redesignwithjulia.com\/ro\/wp-json\/wp\/v2\/product\/3907"}],"collection":[{"href":"https:\/\/redesignwithjulia.com\/ro\/wp-json\/wp\/v2\/product"}],"about":[{"href":"https:\/\/redesignwithjulia.com\/ro\/wp-json\/wp\/v2\/types\/product"}],"replies":[{"embeddable":true,"href":"https:\/\/redesignwithjulia.com\/ro\/wp-json\/wp\/v2\/comments?post=3907"}],"wp:featuredmedia":[{"embeddable":true,"href":"https:\/\/redesignwithjulia.com\/ro\/wp-json\/wp\/v2\/media\/3908"}],"wp:attachment":[{"href":"https:\/\/redesignwithjulia.com\/ro\/wp-json\/wp\/v2\/media?parent=3907"}],"wp:term":[{"taxonomy":"product_cat","embeddable":true,"href":"https:\/\/redesignwithjulia.com\/ro\/wp-json\/wp\/v2\/product_cat?post=3907"},{"taxonomy":"product_tag","embeddable":true,"href":"https:\/\/redesignwithjulia.com\/ro\/wp-json\/wp\/v2\/product_tag?post=3907"}],"curies":[{"name":"wp","href":"https:\/\/api.w.org\/{rel}","templated":true}]}}