{"id":3992,"date":"2025-03-14T20:20:45","date_gmt":"2025-03-14T18:20:45","guid":{"rendered":"https:\/\/redesignwithjulia.com\/?post_type=product&#038;p=3992"},"modified":"2025-03-15T12:11:29","modified_gmt":"2025-03-15T10:11:29","slug":"capcana-de-vise-2","status":"publish","type":"product","link":"https:\/\/redesignwithjulia.com\/ro\/produs\/capcana-de-vise-2\/","title":{"rendered":"Capcan\u0103 de vise"},"content":{"rendered":"<p>Una dintre cele mai r\u0103sp\u00e2ndite semnifica\u021bii ale prinz\u0103toarelor de <b>vise<\/b> este aceea de protec\u021bie. Conform tradi\u021biei Ojibwa, prinz\u0103toarele de <b>vise<\/b> au capacitatea de a captura visele \u00een timpul nop\u021bii, l\u0103s\u00e2ndu-le s\u0103 alunece \u00een josul penelor \u0219i s\u0103 \u00eentoarc\u0103 c\u0103tre purt\u0103tor numai visele bune.<\/p>","protected":false},"excerpt":{"rendered":"<p>Una dintre cele mai r\u0103sp\u00e2ndite semnifica\u021bii ale prinz\u0103toarelor de vise este aceea de protec\u021bie. Conform tradi\u021biei Ojibwa, prinz\u0103toarele de vise au capacitatea de a captura visele \u00een timpul nop\u021bii, l\u0103s\u00e2ndu-le s\u0103 alunece \u00een josul penelor \u0219i s\u0103 \u00eentoarc\u0103 c\u0103tre purt\u0103tor numai visele bune.<\/p>","protected":false},"featured_media":3993,"comment_status":"open","ping_status":"closed","template":"","meta":{"_et_pb_use_builder":"","_et_pb_old_content":"","_et_gb_content_width":""},"product_cat":[80],"product_tag":[],"_links":{"self":[{"href":"https:\/\/redesignwithjulia.com\/ro\/wp-json\/wp\/v2\/product\/3992"}],"collection":[{"href":"https:\/\/redesignwithjulia.com\/ro\/wp-json\/wp\/v2\/product"}],"about":[{"href":"https:\/\/redesignwithjulia.com\/ro\/wp-json\/wp\/v2\/types\/product"}],"replies":[{"embeddable":true,"href":"https:\/\/redesignwithjulia.com\/ro\/wp-json\/wp\/v2\/comments?post=3992"}],"wp:featuredmedia":[{"embeddable":true,"href":"https:\/\/redesignwithjulia.com\/ro\/wp-json\/wp\/v2\/media\/3993"}],"wp:attachment":[{"href":"https:\/\/redesignwithjulia.com\/ro\/wp-json\/wp\/v2\/media?parent=3992"}],"wp:term":[{"taxonomy":"product_cat","embeddable":true,"href":"https:\/\/redesignwithjulia.com\/ro\/wp-json\/wp\/v2\/product_cat?post=3992"},{"taxonomy":"product_tag","embeddable":true,"href":"https:\/\/redesignwithjulia.com\/ro\/wp-json\/wp\/v2\/product_tag?post=3992"}],"curies":[{"name":"wp","href":"https:\/\/api.w.org\/{rel}","templated":true}]}}