{"id":4033,"date":"2025-03-18T21:32:33","date_gmt":"2025-03-18T19:32:33","guid":{"rendered":"https:\/\/redesignwithjulia.com\/?post_type=product&#038;p=4033"},"modified":"2025-03-18T21:43:40","modified_gmt":"2025-03-18T19:43:40","slug":"wild-textures-transfer-decorativ-mobila","status":"publish","type":"product","link":"https:\/\/redesignwithjulia.com\/ro\/produs\/wild-textures-transfer-decorativ-mobila\/","title":{"rendered":"Wild Textures \u2013 Transfer decorativ mobil\u0103"},"content":{"rendered":"<p>Fii s\u0103lbatic! Transferul Wild Textures\u00a0 prezint\u0103 c\u00e2teva texturi interesante care vor fi perfecte pentru proiectele inspirate de natur\u0103. Amprent\u0103 mic\u0103, impact uria\u0219! Este perfect pentru proiecte detaliate, piese mai mici \u0219i multe altele! Pur \u0219i simplu dezlipi\u021bi, freca\u021bi \u0219i transfera\u021bi un design frumos detaliat pentru a transforma urm\u0103toarea dvs. pies\u0103 \u00eentr-o oper\u0103 de art\u0103.<\/p>\n<p>21,6 x 27,9 cm<\/p>","protected":false},"excerpt":{"rendered":"<p>Fii s\u0103lbatic! Transferul Wild Textures\u00a0 prezint\u0103 c\u00e2teva texturi interesante care vor fi perfecte pentru proiectele inspirate de natur\u0103. Amprent\u0103 mic\u0103, impact uria\u0219! Este perfect pentru proiecte detaliate, piese mai mici \u0219i multe altele! Pur \u0219i simplu dezlipi\u021bi, freca\u021bi \u0219i transfera\u021bi un design frumos detaliat pentru a transforma urm\u0103toarea dvs. pies\u0103 \u00eentr-o oper\u0103 de art\u0103. 21,6 [&hellip;]<\/p>","protected":false},"featured_media":4034,"comment_status":"open","ping_status":"closed","template":"","meta":{"_et_pb_use_builder":"","_et_pb_old_content":"","_et_gb_content_width":""},"product_cat":[68,25],"product_tag":[],"_links":{"self":[{"href":"https:\/\/redesignwithjulia.com\/ro\/wp-json\/wp\/v2\/product\/4033"}],"collection":[{"href":"https:\/\/redesignwithjulia.com\/ro\/wp-json\/wp\/v2\/product"}],"about":[{"href":"https:\/\/redesignwithjulia.com\/ro\/wp-json\/wp\/v2\/types\/product"}],"replies":[{"embeddable":true,"href":"https:\/\/redesignwithjulia.com\/ro\/wp-json\/wp\/v2\/comments?post=4033"}],"wp:featuredmedia":[{"embeddable":true,"href":"https:\/\/redesignwithjulia.com\/ro\/wp-json\/wp\/v2\/media\/4034"}],"wp:attachment":[{"href":"https:\/\/redesignwithjulia.com\/ro\/wp-json\/wp\/v2\/media?parent=4033"}],"wp:term":[{"taxonomy":"product_cat","embeddable":true,"href":"https:\/\/redesignwithjulia.com\/ro\/wp-json\/wp\/v2\/product_cat?post=4033"},{"taxonomy":"product_tag","embeddable":true,"href":"https:\/\/redesignwithjulia.com\/ro\/wp-json\/wp\/v2\/product_tag?post=4033"}],"curies":[{"name":"wp","href":"https:\/\/api.w.org\/{rel}","templated":true}]}}