{"id":4036,"date":"2025-03-20T12:44:24","date_gmt":"2025-03-20T10:44:24","guid":{"rendered":"https:\/\/redesignwithjulia.com\/?post_type=product&#038;p=4036"},"modified":"2025-03-20T12:47:05","modified_gmt":"2025-03-20T10:47:05","slug":"bunny-trails-transfer-decorativ-mobila","status":"publish","type":"product","link":"https:\/\/redesignwithjulia.com\/ro\/produs\/bunny-trails-transfer-decorativ-mobila\/","title":{"rendered":"Bunny Trails \u2013 Transfer decorativ mobil\u0103"},"content":{"rendered":"<p>Preg\u0103te\u0219te-te s\u0103 sari \u00een cea mai dr\u0103gu\u021b\u0103 aventur\u0103 de prim\u0103var\u0103 cu transferul mediu Bunny Trails! Acest set capricios de 3 foi este plin de magia pove\u0219tilor &#8211; iepura\u0219i juc\u0103u\u0219i \u00een \u021binute dr\u0103gu\u021be, ou\u0103 de Pa\u0219te colorate, pui galbeni pufo\u0219i, margarete \u00een floare \u0219i chiar un iepura\u0219 care se plimb\u0103 \u00eentr-o ma\u0219in\u0103 cu morcovi! Este perfect pentru a crea un decor care pare c\u0103 apar\u021bine unei paji\u0219ti fermecate.<\/p>\n<p>Ad\u0103uga\u021bi aceste modele fermec\u0103toare pe mobilier, t\u0103vi sau decora\u021biuni de Pa\u0219te pentru a aduce o not\u0103 proasp\u0103t\u0103 \u0219i vesel\u0103 casei dvs. Imagina\u021bi-v\u0103 o scen\u0103 de iepura\u0219 dulce pe cuf\u0103rul cu juc\u0103rii al unui copil sau o pies\u0103 central\u0103 festiv\u0103 pentru masa dvs. de Pa\u0219te &#8211; acest transfer face totul posibil.<\/p>\n<p>MOD DE UTILIZARE: Aceste transferuri sunt la fel de u\u0219or de utilizat pe c\u00e2t sunt de adorabile! Pur \u0219i simplu alege\u021bi suprafa\u021ba, dezlipi\u021bi suportul, plasa\u021bi desenul \u0219i freca\u021bi u\u0219or cu instrumentul inclus. Detaliile se transfer\u0103 f\u0103r\u0103 cusur, cre\u00e2nd un finisaj profesional \u0219i \u00eenduio\u0219\u0103tor, care va face pe toat\u0103 lumea s\u0103 le\u0219ine \u00een fa\u021ba crea\u021biilor tale.<\/p>","protected":false},"excerpt":{"rendered":"<p>Preg\u0103te\u0219te-te s\u0103 sari \u00een cea mai dr\u0103gu\u021b\u0103 aventur\u0103 de prim\u0103var\u0103 cu transferul mediu Bunny Trails! Acest set capricios de 3 foi este plin de magia pove\u0219tilor &#8211; iepura\u0219i juc\u0103u\u0219i \u00een \u021binute dr\u0103gu\u021be, ou\u0103 de Pa\u0219te colorate, pui galbeni pufo\u0219i, margarete \u00een floare \u0219i chiar un iepura\u0219 care se plimb\u0103 \u00eentr-o ma\u0219in\u0103 cu morcovi! Este perfect [&hellip;]<\/p>","protected":false},"featured_media":4037,"comment_status":"open","ping_status":"closed","template":"","meta":{"_et_pb_use_builder":"","_et_pb_old_content":"","_et_gb_content_width":""},"product_cat":[79,68],"product_tag":[],"_links":{"self":[{"href":"https:\/\/redesignwithjulia.com\/ro\/wp-json\/wp\/v2\/product\/4036"}],"collection":[{"href":"https:\/\/redesignwithjulia.com\/ro\/wp-json\/wp\/v2\/product"}],"about":[{"href":"https:\/\/redesignwithjulia.com\/ro\/wp-json\/wp\/v2\/types\/product"}],"replies":[{"embeddable":true,"href":"https:\/\/redesignwithjulia.com\/ro\/wp-json\/wp\/v2\/comments?post=4036"}],"wp:featuredmedia":[{"embeddable":true,"href":"https:\/\/redesignwithjulia.com\/ro\/wp-json\/wp\/v2\/media\/4037"}],"wp:attachment":[{"href":"https:\/\/redesignwithjulia.com\/ro\/wp-json\/wp\/v2\/media?parent=4036"}],"wp:term":[{"taxonomy":"product_cat","embeddable":true,"href":"https:\/\/redesignwithjulia.com\/ro\/wp-json\/wp\/v2\/product_cat?post=4036"},{"taxonomy":"product_tag","embeddable":true,"href":"https:\/\/redesignwithjulia.com\/ro\/wp-json\/wp\/v2\/product_tag?post=4036"}],"curies":[{"name":"wp","href":"https:\/\/api.w.org\/{rel}","templated":true}]}}