{"id":404,"date":"2021-05-27T17:20:00","date_gmt":"2021-05-27T15:20:00","guid":{"rendered":"https:\/\/redesignwithjulia.com\/?post_type=product&#038;p=404"},"modified":"2025-10-15T19:36:14","modified_gmt":"2025-10-15T17:36:14","slug":"decoupage-decor-tissue-paper","status":"publish","type":"product","link":"https:\/\/redesignwithjulia.com\/ro\/produs\/decoupage-decor-tissue-paper\/","title":{"rendered":"Zara &#8211; material decorativ mobil\u0103 &#8211; Redesign with Prima"},"content":{"rendered":"<p>Discover a new way to decorate your furniture and d\u00e9cor pieces with our Redesign Decoupage D\u00e9cor Tissue Paper. Made to be a decorative specialty sheet, these beautiful sheets feature a machine made fibrous texture for a delicate and unique look. The thicker width allows for easier usage, placement and durability, while being tear resistant unlike thinner tissue materials. This allows for a brighter and more vibrant look and finish. Great for furniture and collage d\u00e9cor. For best results use with our soft gloss gel or soft matte gel.<\/p>","protected":false},"excerpt":{"rendered":"<p>Discover a new way to decorate your furniture and d\u00e9cor pieces with our Redesign Decoupage D\u00e9cor Tissue Paper.<\/p>","protected":false},"featured_media":228,"comment_status":"open","ping_status":"closed","template":"","meta":{"_et_pb_use_builder":"","_et_pb_old_content":"","_et_gb_content_width":""},"product_cat":[31],"product_tag":[],"_links":{"self":[{"href":"https:\/\/redesignwithjulia.com\/ro\/wp-json\/wp\/v2\/product\/404"}],"collection":[{"href":"https:\/\/redesignwithjulia.com\/ro\/wp-json\/wp\/v2\/product"}],"about":[{"href":"https:\/\/redesignwithjulia.com\/ro\/wp-json\/wp\/v2\/types\/product"}],"replies":[{"embeddable":true,"href":"https:\/\/redesignwithjulia.com\/ro\/wp-json\/wp\/v2\/comments?post=404"}],"wp:featuredmedia":[{"embeddable":true,"href":"https:\/\/redesignwithjulia.com\/ro\/wp-json\/wp\/v2\/media\/228"}],"wp:attachment":[{"href":"https:\/\/redesignwithjulia.com\/ro\/wp-json\/wp\/v2\/media?parent=404"}],"wp:term":[{"taxonomy":"product_cat","embeddable":true,"href":"https:\/\/redesignwithjulia.com\/ro\/wp-json\/wp\/v2\/product_cat?post=404"},{"taxonomy":"product_tag","embeddable":true,"href":"https:\/\/redesignwithjulia.com\/ro\/wp-json\/wp\/v2\/product_tag?post=404"}],"curies":[{"name":"wp","href":"https:\/\/api.w.org\/{rel}","templated":true}]}}