{"id":4041,"date":"2025-03-20T13:08:09","date_gmt":"2025-03-20T11:08:09","guid":{"rendered":"https:\/\/redesignwithjulia.com\/?post_type=product&#038;p=4041"},"modified":"2025-10-06T20:15:06","modified_gmt":"2025-10-06T18:15:06","slug":"spring-serenade-transfer-decorativ-mini","status":"publish","type":"product","link":"https:\/\/redesignwithjulia.com\/ro\/produs\/spring-serenade-transfer-decorativ-mini\/","title":{"rendered":"Spring Serenade &#8211; Transfer decorativ mini"},"content":{"rendered":"<p>L\u0103sa\u021bi-v\u0103 creativitatea s\u0103 c\u00e2nte cu minitransferul Spring Serenade . Cu flori elegante \u00een albastru cobalt bogat, acest set de 3 foi\u00a0 este ca o bucat\u0103 de por\u021belan francez \u00een form\u0103 de transfer. Inspirate de modelele europene clasice, aceste modele complicate aduc rafinament \u0219i farmec mobilierului, dulapurilor \u0219i chiar micilor piese de decor.<\/p>\n<p>Perfecte pentru cei care iubesc frumuse\u021bea atemporal\u0103, monocromatic\u0103, aceste transferuri v\u0103 vor transforma proiectele \u00een exponate elegante. G\u00e2ndi\u021bi-v\u0103 la flori albastre elegante pe un dulap \u00eentunecat sau la un aspect moale, de inspira\u021bie parizian\u0103, pe o comod\u0103 &#8211; orice a\u021bi visa, acest transfer \u00eel face de neuitat.<\/p>\n<p>MOD DE UTILIZARE: Aplica\u021bi cu u\u0219urin\u021b\u0103 prin decojire, plasare \u0219i frecare u\u0219oar\u0103 cu instrumentul inclus. Indiferent dac\u0103 lucra\u021bi cu lemn, metal sau sticl\u0103, designul se transfer\u0103 f\u0103r\u0103 probleme. Sigila\u021bi lucrarea dvs. pentru a p\u0103stra acel detaliu albastru clar \u0219i frapant pentru anii urm\u0103tori.<\/p>\n<p>&nbsp;<\/p>","protected":false},"excerpt":{"rendered":"<p>L\u0103sa\u021bi-v\u0103 creativitatea s\u0103 c\u00e2nte cu minitransferul Spring Serenade . Cu flori elegante \u00een albastru cobalt bogat, acest set de 3 foi\u00a0 este ca o bucat\u0103 de por\u021belan francez \u00een form\u0103 de transfer. Inspirate de modelele europene clasice, aceste modele complicate aduc rafinament \u0219i farmec mobilierului, dulapurilor \u0219i chiar micilor piese de decor. Perfecte pentru cei [&hellip;]<\/p>","protected":false},"featured_media":4042,"comment_status":"open","ping_status":"closed","template":"","meta":{"_et_pb_use_builder":"","_et_pb_old_content":"","_et_gb_content_width":""},"product_cat":[79,75],"product_tag":[],"_links":{"self":[{"href":"https:\/\/redesignwithjulia.com\/ro\/wp-json\/wp\/v2\/product\/4041"}],"collection":[{"href":"https:\/\/redesignwithjulia.com\/ro\/wp-json\/wp\/v2\/product"}],"about":[{"href":"https:\/\/redesignwithjulia.com\/ro\/wp-json\/wp\/v2\/types\/product"}],"replies":[{"embeddable":true,"href":"https:\/\/redesignwithjulia.com\/ro\/wp-json\/wp\/v2\/comments?post=4041"}],"wp:featuredmedia":[{"embeddable":true,"href":"https:\/\/redesignwithjulia.com\/ro\/wp-json\/wp\/v2\/media\/4042"}],"wp:attachment":[{"href":"https:\/\/redesignwithjulia.com\/ro\/wp-json\/wp\/v2\/media?parent=4041"}],"wp:term":[{"taxonomy":"product_cat","embeddable":true,"href":"https:\/\/redesignwithjulia.com\/ro\/wp-json\/wp\/v2\/product_cat?post=4041"},{"taxonomy":"product_tag","embeddable":true,"href":"https:\/\/redesignwithjulia.com\/ro\/wp-json\/wp\/v2\/product_tag?post=4041"}],"curies":[{"name":"wp","href":"https:\/\/api.w.org\/{rel}","templated":true}]}}