{"id":4047,"date":"2025-03-20T14:56:23","date_gmt":"2025-03-20T12:56:23","guid":{"rendered":"https:\/\/redesignwithjulia.com\/?post_type=product&#038;p=4047"},"modified":"2025-03-26T20:48:00","modified_gmt":"2025-03-26T18:48:00","slug":"pure-light-floral-transfer-decorativ-mobila","status":"publish","type":"product","link":"https:\/\/redesignwithjulia.com\/ro\/produs\/pure-light-floral-transfer-decorativ-mobila\/","title":{"rendered":"Pure Light Floral &#8211; Transfer decorativ mobil\u0103"},"content":{"rendered":"<p>Explora\u021bi numeroasele posibilit\u0103\u021bi de a v\u0103 transforma casa cu ajutorul transferurilor noastre decorative. Excep\u021bional de detaliate, superb compuse \u0219i u\u0219or de aplicat f\u0103r\u0103 efort, aceste transferuri v\u0103 vor transforma spa\u021biul de locuit. Utiliza\u021bi-le pe pere\u021bi, mobilier, lemn, u\u0219i \u0219i multe alte suprafe\u021be. Posibilit\u0103\u021bile sunt nelimitate. Include un transfer. V\u0103 rug\u0103m s\u0103 re\u021bine\u021bi, transferul poate fi t\u0103iat \u00een buc\u0103\u021bi pentru o aplicare u\u0219oar\u0103.<\/p>","protected":false},"excerpt":{"rendered":"<p>Explora\u021bi numeroasele posibilit\u0103\u021bi de a v\u0103 transforma casa cu ajutorul transferurilor noastre decorative. Excep\u021bional de detaliate, superb compuse \u0219i u\u0219or de aplicat f\u0103r\u0103 efort, aceste transferuri v\u0103 vor transforma spa\u021biul de locuit. Utiliza\u021bi-le pe pere\u021bi, mobilier, lemn, u\u0219i \u0219i multe alte suprafe\u021be. Posibilit\u0103\u021bile sunt nelimitate. Include un transfer. V\u0103 rug\u0103m s\u0103 re\u021bine\u021bi, transferul poate fi [&hellip;]<\/p>","protected":false},"featured_media":4048,"comment_status":"open","ping_status":"closed","template":"","meta":{"_et_pb_use_builder":"","_et_pb_old_content":"","_et_gb_content_width":""},"product_cat":[79,25],"product_tag":[],"_links":{"self":[{"href":"https:\/\/redesignwithjulia.com\/ro\/wp-json\/wp\/v2\/product\/4047"}],"collection":[{"href":"https:\/\/redesignwithjulia.com\/ro\/wp-json\/wp\/v2\/product"}],"about":[{"href":"https:\/\/redesignwithjulia.com\/ro\/wp-json\/wp\/v2\/types\/product"}],"replies":[{"embeddable":true,"href":"https:\/\/redesignwithjulia.com\/ro\/wp-json\/wp\/v2\/comments?post=4047"}],"wp:featuredmedia":[{"embeddable":true,"href":"https:\/\/redesignwithjulia.com\/ro\/wp-json\/wp\/v2\/media\/4048"}],"wp:attachment":[{"href":"https:\/\/redesignwithjulia.com\/ro\/wp-json\/wp\/v2\/media?parent=4047"}],"wp:term":[{"taxonomy":"product_cat","embeddable":true,"href":"https:\/\/redesignwithjulia.com\/ro\/wp-json\/wp\/v2\/product_cat?post=4047"},{"taxonomy":"product_tag","embeddable":true,"href":"https:\/\/redesignwithjulia.com\/ro\/wp-json\/wp\/v2\/product_tag?post=4047"}],"curies":[{"name":"wp","href":"https:\/\/api.w.org\/{rel}","templated":true}]}}