{"id":4049,"date":"2025-03-21T14:53:20","date_gmt":"2025-03-21T12:53:20","guid":{"rendered":"https:\/\/redesignwithjulia.com\/?post_type=product&#038;p=4049"},"modified":"2025-11-25T13:16:20","modified_gmt":"2025-11-25T11:16:20","slug":"butterfly-conservatory-tales-material-decorativ-mobila-a1-redesign-with-prima","status":"publish","type":"product","link":"https:\/\/redesignwithjulia.com\/ro\/produs\/butterfly-conservatory-tales-material-decorativ-mobila-a1-redesign-with-prima\/","title":{"rendered":"Butterfly Conservatory Tales \u2013 material decorativ mobil\u0103 A1 \u2013 Redesign with Prima"},"content":{"rendered":"<p>Las\u0103-\u021bi creativitatea s\u0103 zboare cu Butterfly Conservatory Tales, un material uimitor care surprinde elegan\u021ba naturii.<\/p>\n<p>Aceast\u0103 pies\u0103 prezint\u0103 un fluture magnific \u00een detalii complexe, \u00eenconjurat de frunzi\u0219 luxuriant pe un fundal \u00eentunecat dramatic. Culorile vibrante \u0219i modelele fine evoc\u0103 un farmec atemporal, perfect pentru proiectele care au nevoie de o atingere \u00eendr\u0103znea\u021b\u0103, sofisticat\u0103.<\/p>\n<p>Realizat\u0103 cu grij\u0103 pentru o aplicare lin\u0103, acest material decoupage este ideal pentru transform\u0103ri de mobilier, art\u0103 mural\u0103 sau crea\u021bii mixte.<br \/>\nPentru cele mai bune rezultate, combina\u021bi-o cu Decoupage Gel \u00een varianta Shine sau Matte pentru a proteja \u0219i \u00eembun\u0103t\u0103\u021bi fiecare detaliu al capodoperei dvs.<\/p>\n<p>Dimensiuni: 59,4 x 84 cm (1 foaie)<\/p>\n<p>&nbsp;<\/p>","protected":false},"excerpt":{"rendered":"<p>Las\u0103-\u021bi creativitatea s\u0103 zboare cu Butterfly Conservatory Tales, un material uimitor care surprinde elegan\u021ba naturii. Aceast\u0103 pies\u0103 prezint\u0103 un fluture magnific \u00een detalii complexe, \u00eenconjurat de frunzi\u0219 luxuriant pe un fundal \u00eentunecat dramatic. Culorile vibrante \u0219i modelele fine evoc\u0103 un farmec atemporal, perfect pentru proiectele care au nevoie de o atingere \u00eendr\u0103znea\u021b\u0103, sofisticat\u0103. Realizat\u0103 cu [&hellip;]<\/p>","protected":false},"featured_media":4050,"comment_status":"open","ping_status":"closed","template":"","meta":{"_et_pb_use_builder":"","_et_pb_old_content":"","_et_gb_content_width":""},"product_cat":[66],"product_tag":[],"_links":{"self":[{"href":"https:\/\/redesignwithjulia.com\/ro\/wp-json\/wp\/v2\/product\/4049"}],"collection":[{"href":"https:\/\/redesignwithjulia.com\/ro\/wp-json\/wp\/v2\/product"}],"about":[{"href":"https:\/\/redesignwithjulia.com\/ro\/wp-json\/wp\/v2\/types\/product"}],"replies":[{"embeddable":true,"href":"https:\/\/redesignwithjulia.com\/ro\/wp-json\/wp\/v2\/comments?post=4049"}],"wp:featuredmedia":[{"embeddable":true,"href":"https:\/\/redesignwithjulia.com\/ro\/wp-json\/wp\/v2\/media\/4050"}],"wp:attachment":[{"href":"https:\/\/redesignwithjulia.com\/ro\/wp-json\/wp\/v2\/media?parent=4049"}],"wp:term":[{"taxonomy":"product_cat","embeddable":true,"href":"https:\/\/redesignwithjulia.com\/ro\/wp-json\/wp\/v2\/product_cat?post=4049"},{"taxonomy":"product_tag","embeddable":true,"href":"https:\/\/redesignwithjulia.com\/ro\/wp-json\/wp\/v2\/product_tag?post=4049"}],"curies":[{"name":"wp","href":"https:\/\/api.w.org\/{rel}","templated":true}]}}