{"id":4086,"date":"2025-04-02T13:47:41","date_gmt":"2025-04-02T11:47:41","guid":{"rendered":"https:\/\/redesignwithjulia.com\/?post_type=product&#038;p=4086"},"modified":"2025-04-06T13:22:51","modified_gmt":"2025-04-06T11:22:51","slug":"secret-garden-transfer-decorativ-mobila","status":"publish","type":"product","link":"https:\/\/redesignwithjulia.com\/ro\/produs\/secret-garden-transfer-decorativ-mobila\/","title":{"rendered":"Secret Garden &#8211; Transfer decorativ mobil\u0103"},"content":{"rendered":"<p>Fluturi delica\u021bi, plante botanice de epoc\u0103 \u0219i flori s\u0103lbatice fac din minitransferul Secret Garden o necesitate pentru iubitorii de modele naturale, p\u0103m\u00e2ntii.<\/p>\n<p>Inspirat de frumuse\u021bea unei gr\u0103dini ne\u00eembl\u00e2nzite, acest transfer se potrive\u0219te de minune pe mobilierul \u00een culori \u00eendr\u0103zne\u021be, cum ar fi un dulap galben \u00eensorit sau o pies\u0103 din lemn \u00eenchis. Fiecare element pare c\u0103 a fost cules direct din natur\u0103, aduc\u00e2nd un farmec de poveste decorului t\u0103u. Include trei foi.<\/p>\n<p>MOD DE UTILIZARE: Aplica\u021bi cu u\u0219urin\u021b\u0103 direct pe mobilier sau decor. Detaliile complicate se transfer\u0103 f\u0103r\u0103 efort, l\u0103s\u00e2nd suprafa\u021ba s\u0103 arate ca \u0219i cum ar fi fost pictat\u0103 manual de un artist. Sigila\u021bi pentru durabilitate \u0219i bucura\u021bi-v\u0103 de finisajul \u00eenc\u00e2nt\u0103tor.<\/p>\n<p>Dimensiuni: 15,25 x 30,5 cm<\/p>\n<p>&nbsp;<\/p>","protected":false},"excerpt":{"rendered":"<p>Fluturi delica\u021bi, plante botanice de epoc\u0103 \u0219i flori s\u0103lbatice fac din minitransferul Secret Garden o necesitate pentru iubitorii de modele naturale, p\u0103m\u00e2ntii. Inspirat de frumuse\u021bea unei gr\u0103dini ne\u00eembl\u00e2nzite, acest transfer se potrive\u0219te de minune pe mobilierul \u00een culori \u00eendr\u0103zne\u021be, cum ar fi un dulap galben \u00eensorit sau o pies\u0103 din lemn \u00eenchis. Fiecare element pare [&hellip;]<\/p>","protected":false},"featured_media":4087,"comment_status":"open","ping_status":"closed","template":"","meta":{"_et_pb_use_builder":"","_et_pb_old_content":"","_et_gb_content_width":""},"product_cat":[79,75],"product_tag":[],"_links":{"self":[{"href":"https:\/\/redesignwithjulia.com\/ro\/wp-json\/wp\/v2\/product\/4086"}],"collection":[{"href":"https:\/\/redesignwithjulia.com\/ro\/wp-json\/wp\/v2\/product"}],"about":[{"href":"https:\/\/redesignwithjulia.com\/ro\/wp-json\/wp\/v2\/types\/product"}],"replies":[{"embeddable":true,"href":"https:\/\/redesignwithjulia.com\/ro\/wp-json\/wp\/v2\/comments?post=4086"}],"wp:featuredmedia":[{"embeddable":true,"href":"https:\/\/redesignwithjulia.com\/ro\/wp-json\/wp\/v2\/media\/4087"}],"wp:attachment":[{"href":"https:\/\/redesignwithjulia.com\/ro\/wp-json\/wp\/v2\/media?parent=4086"}],"wp:term":[{"taxonomy":"product_cat","embeddable":true,"href":"https:\/\/redesignwithjulia.com\/ro\/wp-json\/wp\/v2\/product_cat?post=4086"},{"taxonomy":"product_tag","embeddable":true,"href":"https:\/\/redesignwithjulia.com\/ro\/wp-json\/wp\/v2\/product_tag?post=4086"}],"curies":[{"name":"wp","href":"https:\/\/api.w.org\/{rel}","templated":true}]}}