{"id":4092,"date":"2025-04-06T13:22:07","date_gmt":"2025-04-06T11:22:07","guid":{"rendered":"https:\/\/redesignwithjulia.com\/?post_type=product&#038;p=4092"},"modified":"2025-04-06T13:22:36","modified_gmt":"2025-04-06T11:22:36","slug":"garden-whispers-transfer-decorativ-mini","status":"publish","type":"product","link":"https:\/\/redesignwithjulia.com\/ro\/produs\/garden-whispers-transfer-decorativ-mini\/","title":{"rendered":"Garden Whispers &#8211; Transfer Decorativ Mini"},"content":{"rendered":"<p>Aduce\u021bi o not\u0103 de lini\u0219te \u00een casa dvs. cu Garden Whispers Small D\u00e9cor Transfer\u00ae.<\/p>\n<p>Acest set uimitor de 3 foi este plin de nuan\u021be delicate de albastru, verde moale \u0219i p\u0103s\u0103ri gra\u021bioase coco\u021bate printre flori \u00eenflorite.<\/p>\n<p>Fiecare desen capteaz\u0103 esen\u021ba unei gr\u0103dini senine \u00een zori, fiind perfect pentru transform\u0103ri de mobilier, pere\u021bi de accent sau proiecte fermec\u0103toare de decora\u021biuni interioare.<\/p>\n<p>Imagina\u021bi-v\u0103 o comod\u0103 \u00eempodobit\u0103 cu p\u0103s\u0103ri albastre capricioase sau o m\u0103su\u021b\u0103 cu flori \u00een cascad\u0103 &#8211; este o modalitate u\u0219oar\u0103 de a transforma piesele de zi cu zi \u00een opere de art\u0103 care se simt atemporale \u0219i proaspete.<\/p>\n<p>MOD DE UTILIZARE: MOD DE UTILIZARE: Aceste transferuri fac magia u\u0219oar\u0103. Preg\u0103ti\u021bi suprafa\u021ba, dezlipi\u021bi desenul \u0219i freca\u021bi u\u0219or cu instrumentul inclus pentru a crea un finisaj profesional, f\u0103r\u0103 cus\u0103turi. Sigila\u021bi cu cear\u0103 sau lac pentru a p\u0103stra str\u0103lucirea albastrului superb pentru anii urm\u0103tori.<\/p>\n<p>Dimensiuni: 15,25 x 30,5 cm<\/p>","protected":false},"excerpt":{"rendered":"<p>Aduce\u021bi o not\u0103 de lini\u0219te \u00een casa dvs. cu Garden Whispers Small D\u00e9cor Transfer\u00ae. Acest set uimitor de 3 foi este plin de nuan\u021be delicate de albastru, verde moale \u0219i p\u0103s\u0103ri gra\u021bioase coco\u021bate printre flori \u00eenflorite. Fiecare desen capteaz\u0103 esen\u021ba unei gr\u0103dini senine \u00een zori, fiind perfect pentru transform\u0103ri de mobilier, pere\u021bi de accent sau [&hellip;]<\/p>","protected":false},"featured_media":4093,"comment_status":"open","ping_status":"closed","template":"","meta":{"_et_pb_use_builder":"","_et_pb_old_content":"","_et_gb_content_width":""},"product_cat":[79,75],"product_tag":[],"_links":{"self":[{"href":"https:\/\/redesignwithjulia.com\/ro\/wp-json\/wp\/v2\/product\/4092"}],"collection":[{"href":"https:\/\/redesignwithjulia.com\/ro\/wp-json\/wp\/v2\/product"}],"about":[{"href":"https:\/\/redesignwithjulia.com\/ro\/wp-json\/wp\/v2\/types\/product"}],"replies":[{"embeddable":true,"href":"https:\/\/redesignwithjulia.com\/ro\/wp-json\/wp\/v2\/comments?post=4092"}],"wp:featuredmedia":[{"embeddable":true,"href":"https:\/\/redesignwithjulia.com\/ro\/wp-json\/wp\/v2\/media\/4093"}],"wp:attachment":[{"href":"https:\/\/redesignwithjulia.com\/ro\/wp-json\/wp\/v2\/media?parent=4092"}],"wp:term":[{"taxonomy":"product_cat","embeddable":true,"href":"https:\/\/redesignwithjulia.com\/ro\/wp-json\/wp\/v2\/product_cat?post=4092"},{"taxonomy":"product_tag","embeddable":true,"href":"https:\/\/redesignwithjulia.com\/ro\/wp-json\/wp\/v2\/product_tag?post=4092"}],"curies":[{"name":"wp","href":"https:\/\/api.w.org\/{rel}","templated":true}]}}