{"id":4094,"date":"2025-04-06T13:26:53","date_gmt":"2025-04-06T11:26:53","guid":{"rendered":"https:\/\/redesignwithjulia.com\/?post_type=product&#038;p=4094"},"modified":"2025-10-06T20:16:36","modified_gmt":"2025-10-06T18:16:36","slug":"blushing-blooms-transfer-decorativ-mini","status":"publish","type":"product","link":"https:\/\/redesignwithjulia.com\/ro\/produs\/blushing-blooms-transfer-decorativ-mini\/","title":{"rendered":"Blushing Blooms \u2013 Transfer Decorativ Mini"},"content":{"rendered":"<p>Saluta\u021bi prim\u0103vara cu Blushing Blooms Small D\u00e9cor Transfer\u00ae!<\/p>\n<p>Acest set de 3 foi este plin de flori juc\u0103u\u0219e roz \u0219i piersic\u0103, verdea\u021b\u0103 luxuriant\u0103 \u0219i fructe de p\u0103dure delicate. Este ca \u0219i cum ai aduce o gr\u0103din\u0103 fermecat\u0103 \u00een cas\u0103! Fie c\u0103 vrei s\u0103 transformi o comod\u0103 simpl\u0103 \u00eentr-o capodoper\u0103 floral\u0103 sau s\u0103 dai decorului t\u0103u o explozie de culoare, aceste transferuri sunt modul perfect de a ad\u0103uga personalitate \u0219i farmec spa\u021biului t\u0103u.<\/p>\n<p>G\u00e2ndi\u021bi-v\u0103 la buchete capricioase drapate pe mobil\u0103 sau la mici detalii florale pe o tav\u0103 &#8211; creativitatea dumneavoastr\u0103 va \u00eenflori cu fiecare utilizare.<\/p>\n<p>MOD DE UTILIZARE: A\u0219eza\u021bi, freca\u021bi \u0219i l\u0103sa\u021bi magia s\u0103 se desf\u0103\u0219oare. Dezlipi\u021bi suportul, pozi\u021biona\u021bi desenul \u0219i freca\u021bi u\u0219or pentru un finisaj f\u0103r\u0103 cus\u0103turi. Proteja\u021bi-v\u0103 piesa cu cear\u0103 sau lac pentru a v\u0103 p\u0103stra florile proaspete \u0219i vibrante pentru totdeauna.<\/p>\n<p>Dimensiuni: 15,25 x 30,5 cm<\/p>","protected":false},"excerpt":{"rendered":"<p>Saluta\u021bi prim\u0103vara cu Blushing Blooms Small D\u00e9cor Transfer\u00ae! Acest set de 3 foi este plin de flori juc\u0103u\u0219e roz \u0219i piersic\u0103, verdea\u021b\u0103 luxuriant\u0103 \u0219i fructe de p\u0103dure delicate. Este ca \u0219i cum ai aduce o gr\u0103din\u0103 fermecat\u0103 \u00een cas\u0103! Fie c\u0103 vrei s\u0103 transformi o comod\u0103 simpl\u0103 \u00eentr-o capodoper\u0103 floral\u0103 sau s\u0103 dai decorului t\u0103u [&hellip;]<\/p>","protected":false},"featured_media":4095,"comment_status":"open","ping_status":"closed","template":"","meta":{"_et_pb_use_builder":"","_et_pb_old_content":"","_et_gb_content_width":""},"product_cat":[79,75,25],"product_tag":[],"_links":{"self":[{"href":"https:\/\/redesignwithjulia.com\/ro\/wp-json\/wp\/v2\/product\/4094"}],"collection":[{"href":"https:\/\/redesignwithjulia.com\/ro\/wp-json\/wp\/v2\/product"}],"about":[{"href":"https:\/\/redesignwithjulia.com\/ro\/wp-json\/wp\/v2\/types\/product"}],"replies":[{"embeddable":true,"href":"https:\/\/redesignwithjulia.com\/ro\/wp-json\/wp\/v2\/comments?post=4094"}],"wp:featuredmedia":[{"embeddable":true,"href":"https:\/\/redesignwithjulia.com\/ro\/wp-json\/wp\/v2\/media\/4095"}],"wp:attachment":[{"href":"https:\/\/redesignwithjulia.com\/ro\/wp-json\/wp\/v2\/media?parent=4094"}],"wp:term":[{"taxonomy":"product_cat","embeddable":true,"href":"https:\/\/redesignwithjulia.com\/ro\/wp-json\/wp\/v2\/product_cat?post=4094"},{"taxonomy":"product_tag","embeddable":true,"href":"https:\/\/redesignwithjulia.com\/ro\/wp-json\/wp\/v2\/product_tag?post=4094"}],"curies":[{"name":"wp","href":"https:\/\/api.w.org\/{rel}","templated":true}]}}