{"id":4112,"date":"2025-04-16T22:09:21","date_gmt":"2025-04-16T20:09:21","guid":{"rendered":"https:\/\/redesignwithjulia.com\/?post_type=product&#038;p=4112"},"modified":"2025-05-09T19:20:46","modified_gmt":"2025-05-09T17:20:46","slug":"blush-blossoms-transfer-decorativ-mediu-redesign-with-prima","status":"publish","type":"product","link":"https:\/\/redesignwithjulia.com\/ro\/produs\/blush-blossoms-transfer-decorativ-mediu-redesign-with-prima\/","title":{"rendered":"Blush Blossoms \u2013 Transfer Decorativ Mediu &#8211; Redesign with Prima"},"content":{"rendered":"<p>\u201eBlush Blossoms\u201d este un set de trei foi pline cu trandafiri roz suav \u0219i verdea\u021b\u0103 luxuriant\u0103, perfecte pentru a fi amestecate \u0219i suprapuse pentru a crea modele florale unice.<\/p>\n<p>Petalele bogate \u0219i frunzele delicate aduc un farmec atemporal \u0219i romantic mobilierului, decora\u021biunilor \u0219i proiectelor creative. Fiecare foaie ofer\u0103 elemente florale detaliate care pot fi folosite \u00eempreun\u0103 sau separat pentru a se potrivi diferitelor suprafe\u021be \u0219i layout-uri.<\/p>\n<p>Dezlipi\u021bi suportul de protec\u021bie, a\u0219eza\u021bi transferul A4 &#8211; \u201eBlush Blossoms\u201d pe o suprafa\u021b\u0103 curat\u0103 \u0219i freca\u021bi ferm folosind bastonul sau instrumentul de transfer inclus. Pe m\u0103sur\u0103 ce designul ader\u0103, se \u00eembin\u0103 frumos cu fundalul, cre\u00e2nd un efect natural, pictat manual.<\/p>\n<p>O lustruire u\u0219oar\u0103 neteze\u0219te detaliile, f\u0103c\u00e2nd ca totul s\u0103 par\u0103 f\u0103r\u0103 cusur.<\/p>\n<p>Dimensiuni: 21,5 x 27,9 cm ( 3 foi)<\/p>","protected":false},"excerpt":{"rendered":"<p>\u201eBlush Blossoms\u201d este un set de trei foi pline cu trandafiri roz suav \u0219i verdea\u021b\u0103 luxuriant\u0103, perfecte pentru a fi amestecate \u0219i suprapuse pentru a crea modele florale unice. Petalele bogate \u0219i frunzele delicate aduc un farmec atemporal \u0219i romantic mobilierului, decora\u021biunilor \u0219i proiectelor creative. Fiecare foaie ofer\u0103 elemente florale detaliate care pot fi folosite [&hellip;]<\/p>","protected":false},"featured_media":4113,"comment_status":"open","ping_status":"closed","template":"","meta":{"_et_pb_use_builder":"","_et_pb_old_content":"","_et_gb_content_width":""},"product_cat":[79,68],"product_tag":[],"_links":{"self":[{"href":"https:\/\/redesignwithjulia.com\/ro\/wp-json\/wp\/v2\/product\/4112"}],"collection":[{"href":"https:\/\/redesignwithjulia.com\/ro\/wp-json\/wp\/v2\/product"}],"about":[{"href":"https:\/\/redesignwithjulia.com\/ro\/wp-json\/wp\/v2\/types\/product"}],"replies":[{"embeddable":true,"href":"https:\/\/redesignwithjulia.com\/ro\/wp-json\/wp\/v2\/comments?post=4112"}],"wp:featuredmedia":[{"embeddable":true,"href":"https:\/\/redesignwithjulia.com\/ro\/wp-json\/wp\/v2\/media\/4113"}],"wp:attachment":[{"href":"https:\/\/redesignwithjulia.com\/ro\/wp-json\/wp\/v2\/media?parent=4112"}],"wp:term":[{"taxonomy":"product_cat","embeddable":true,"href":"https:\/\/redesignwithjulia.com\/ro\/wp-json\/wp\/v2\/product_cat?post=4112"},{"taxonomy":"product_tag","embeddable":true,"href":"https:\/\/redesignwithjulia.com\/ro\/wp-json\/wp\/v2\/product_tag?post=4112"}],"curies":[{"name":"wp","href":"https:\/\/api.w.org\/{rel}","templated":true}]}}