{"id":4114,"date":"2025-04-17T09:29:55","date_gmt":"2025-04-17T07:29:55","guid":{"rendered":"https:\/\/redesignwithjulia.com\/?post_type=product&#038;p=4114"},"modified":"2025-05-09T19:20:31","modified_gmt":"2025-05-09T17:20:31","slug":"gentle-symphony-transfer-decorativ-mediu-redesign-with-prima","status":"publish","type":"product","link":"https:\/\/redesignwithjulia.com\/ro\/produs\/gentle-symphony-transfer-decorativ-mediu-redesign-with-prima\/","title":{"rendered":"Gentle Symphony \u2013 Transfer Decorativ Mediu &#8211; Redesign with Prima"},"content":{"rendered":"<p>Transferul decorativ \u201eGentle Symphony\u201d prezint\u0103 trei foi de flori moi \u0219i ramuri aerisite, aduc\u00e2nd un aer u\u0219or \u0219i elegant oric\u0103rui proiect.<\/p>\n<p>Trandafirii delica\u021bi \u0219i verdea\u021ba curg\u0103toare pot fi combinate \u00een moduri infinite, facilit\u00e2nd amestecarea elementelor, stratificarea detaliilor sau utilizarea lor separat\u0103 pe mai multe piese. Fie c\u0103 sunt aplicate pe mobilier, decora\u021biuni interioare sau proiecte creative, aceste flori adaug\u0103 frumuse\u021be f\u0103r\u0103 efort.<\/p>\n<p>Dezlipi\u021bi suportul de protec\u021bie, a\u0219eza\u021bi transferul &#8211; \u201eGentle Symphony\u201d pe suprafa\u021ba preg\u0103tit\u0103 \u0219i freca\u021bi ferm cu bastonul sau instrumentul de transfer inclus. Pe m\u0103sur\u0103 ce se transfer\u0103, desenul se fixeaz\u0103 \u00een suprafa\u021b\u0103, cre\u00e2nd un efect de pictur\u0103 moale.<\/p>\n<p>\u0218lefuirea marginilor spore\u0219te aspectul natural, f\u0103r\u0103 cusur.<\/p>\n<p>Dimensiuni: 21,5 x 27,9 cm (3 coli)<\/p>","protected":false},"excerpt":{"rendered":"<p>Transferul decorativ \u201eGentle Symphony\u201d prezint\u0103 trei foi de flori moi \u0219i ramuri aerisite, aduc\u00e2nd un aer u\u0219or \u0219i elegant oric\u0103rui proiect. Trandafirii delica\u021bi \u0219i verdea\u021ba curg\u0103toare pot fi combinate \u00een moduri infinite, facilit\u00e2nd amestecarea elementelor, stratificarea detaliilor sau utilizarea lor separat\u0103 pe mai multe piese. Fie c\u0103 sunt aplicate pe mobilier, decora\u021biuni interioare sau proiecte [&hellip;]<\/p>","protected":false},"featured_media":4115,"comment_status":"open","ping_status":"closed","template":"","meta":{"_et_pb_use_builder":"","_et_pb_old_content":"","_et_gb_content_width":""},"product_cat":[79,68],"product_tag":[],"_links":{"self":[{"href":"https:\/\/redesignwithjulia.com\/ro\/wp-json\/wp\/v2\/product\/4114"}],"collection":[{"href":"https:\/\/redesignwithjulia.com\/ro\/wp-json\/wp\/v2\/product"}],"about":[{"href":"https:\/\/redesignwithjulia.com\/ro\/wp-json\/wp\/v2\/types\/product"}],"replies":[{"embeddable":true,"href":"https:\/\/redesignwithjulia.com\/ro\/wp-json\/wp\/v2\/comments?post=4114"}],"wp:featuredmedia":[{"embeddable":true,"href":"https:\/\/redesignwithjulia.com\/ro\/wp-json\/wp\/v2\/media\/4115"}],"wp:attachment":[{"href":"https:\/\/redesignwithjulia.com\/ro\/wp-json\/wp\/v2\/media?parent=4114"}],"wp:term":[{"taxonomy":"product_cat","embeddable":true,"href":"https:\/\/redesignwithjulia.com\/ro\/wp-json\/wp\/v2\/product_cat?post=4114"},{"taxonomy":"product_tag","embeddable":true,"href":"https:\/\/redesignwithjulia.com\/ro\/wp-json\/wp\/v2\/product_tag?post=4114"}],"curies":[{"name":"wp","href":"https:\/\/api.w.org\/{rel}","templated":true}]}}