{"id":4120,"date":"2025-04-17T11:54:41","date_gmt":"2025-04-17T09:54:41","guid":{"rendered":"https:\/\/redesignwithjulia.com\/?post_type=product&#038;p=4120"},"modified":"2025-10-07T12:01:44","modified_gmt":"2025-10-07T10:01:44","slug":"my-garden-whimsy-material-decorativ-mobila-redesign-with-prima-a3","status":"publish","type":"product","link":"https:\/\/redesignwithjulia.com\/ro\/produs\/my-garden-whimsy-material-decorativ-mobila-redesign-with-prima-a3\/","title":{"rendered":"My Garden Whimsy \u2013 material decorativ mobil\u0103 &#8211; Redesign with Prima \u2013 A3"},"content":{"rendered":"<p>Un amestec delicat de flori albe, scenarii de epoc\u0103 \u0219i texturi \u00eenvechite, noul set de \u021bes\u0103turi Decoupage\u00a0 A3 &#8211; \u201eMy Garden Whimsy \u201d adaug\u0103 elegan\u021b\u0103 rustic\u0103 mobilierului \u0219i decora\u021biunilor pentru cas\u0103.<\/p>\n<p>Detaliile botanice delicate \u0219i fundalul estompat creeaz\u0103 un aspect artistic stratificat, care \u00eembun\u0103t\u0103\u021be\u0219te at\u00e2t proiectele mari, c\u00e2t \u0219i pe cele mici. Cu o foaie de 49,5 x 76,2 cm \u0219i o foaie de dimensiune A3 (29,7 x 41,6 cm), acest set permite potrivirea u\u0219oar\u0103 a mobilierului \u00eentre diferite piese.<\/p>\n<p>Pur \u0219i simplu m\u0103sura\u021bi \u0219i t\u0103ia\u021bi h\u00e2rtia necesar\u0103, aplica\u021bi Decoupage Gel pe suprafa\u021ba preg\u0103tit\u0103, pozi\u021biona\u021bi desenul \u0219i netezi\u021bi-l cu instrumentul Scraper sau Brayer. Un strat final de Decoupage Gel fixeaz\u0103 totul la locul s\u0103u pentru un finisaj durabil, f\u0103r\u0103 cusur.<\/p>\n<p>Dimensiuni: 2 foi: o foaie 49,5 x 76,2 cm \u0219i o foaie A3 (29,7 x 41,6 cm)<\/p>","protected":false},"excerpt":{"rendered":"<p>Un amestec delicat de flori albe, scenarii de epoc\u0103 \u0219i texturi \u00eenvechite, noul set de \u021bes\u0103turi Decoupage\u00a0 A3 &#8211; \u201eMy Garden Whimsy \u201d adaug\u0103 elegan\u021b\u0103 rustic\u0103 mobilierului \u0219i decora\u021biunilor pentru cas\u0103. Detaliile botanice delicate \u0219i fundalul estompat creeaz\u0103 un aspect artistic stratificat, care \u00eembun\u0103t\u0103\u021be\u0219te at\u00e2t proiectele mari, c\u00e2t \u0219i pe cele mici. Cu o foaie [&hellip;]<\/p>","protected":false},"featured_media":4121,"comment_status":"open","ping_status":"closed","template":"","meta":{"_et_pb_use_builder":"","_et_pb_old_content":"","_et_gb_content_width":""},"product_cat":[77],"product_tag":[],"_links":{"self":[{"href":"https:\/\/redesignwithjulia.com\/ro\/wp-json\/wp\/v2\/product\/4120"}],"collection":[{"href":"https:\/\/redesignwithjulia.com\/ro\/wp-json\/wp\/v2\/product"}],"about":[{"href":"https:\/\/redesignwithjulia.com\/ro\/wp-json\/wp\/v2\/types\/product"}],"replies":[{"embeddable":true,"href":"https:\/\/redesignwithjulia.com\/ro\/wp-json\/wp\/v2\/comments?post=4120"}],"wp:featuredmedia":[{"embeddable":true,"href":"https:\/\/redesignwithjulia.com\/ro\/wp-json\/wp\/v2\/media\/4121"}],"wp:attachment":[{"href":"https:\/\/redesignwithjulia.com\/ro\/wp-json\/wp\/v2\/media?parent=4120"}],"wp:term":[{"taxonomy":"product_cat","embeddable":true,"href":"https:\/\/redesignwithjulia.com\/ro\/wp-json\/wp\/v2\/product_cat?post=4120"},{"taxonomy":"product_tag","embeddable":true,"href":"https:\/\/redesignwithjulia.com\/ro\/wp-json\/wp\/v2\/product_tag?post=4120"}],"curies":[{"name":"wp","href":"https:\/\/api.w.org\/{rel}","templated":true}]}}