{"id":4126,"date":"2025-04-17T20:27:07","date_gmt":"2025-04-17T18:27:07","guid":{"rendered":"https:\/\/redesignwithjulia.com\/?post_type=product&#038;p=4126"},"modified":"2025-05-09T13:21:24","modified_gmt":"2025-05-09T11:21:24","slug":"chasing-petals-material-decorativ-mobila-redesign-with-prima-kacha","status":"publish","type":"product","link":"https:\/\/redesignwithjulia.com\/ro\/produs\/chasing-petals-material-decorativ-mobila-redesign-with-prima-kacha\/","title":{"rendered":"Chasing Petals \u2013 material decorativ mobil\u0103 &#8211; Redesign with Prima &#8211; Kacha"},"content":{"rendered":"<p>Estetica suav\u0103 \u0219i romantic\u0103 a h\u00e2rtiei de tesut Decoupage D\u00e9cor de la Kacha &#8211; \u201eChasing Petals\u201d o face completarea perfect\u0103 a celorlalte modele din aceast\u0103 colec\u021bie.<\/p>\n<p>Cu aranjamente florale delicate \u0219i detalii de inspira\u021bie vintage, aceast\u0103 foaie de 49,5 x 76,2 cm aduce o not\u0103 de elegan\u021b\u0103 mobilierului, t\u0103vilor \u0219i proiectelor de decora\u021biuni interioare. Fie c\u0103 este folosit\u0103 singur\u0103 sau \u00een combina\u021bie cu alte elemente din aceast\u0103 colec\u021bie, creeaz\u0103 un aspect rafinat, atemporal.<\/p>\n<p>Pur \u0219i simplu t\u0103ia\u021bi cantitatea necesar\u0103, aplica\u021bi Decoupage Gel pe suprafa\u021ba preg\u0103tit\u0103, pozi\u021biona\u021bi h\u00e2rtia de \u021besut \u0219i netezi\u021bi-o cu instrumentul Scraper sau Brayer. Un strat final de Decoupage Gel sigileaz\u0103 designul, asigur\u00e2nd un finisaj frumos lustruit.<\/p>\n<p>Aceast\u0103 nou\u0103 colec\u021bie floral\u0103 de la Kacha este conceput\u0103 pentru a lucra \u00eempreun\u0103 f\u0103r\u0103 efort, facilit\u00e2nd crearea unui design perfect asortat \u0219i coerent \u00een cadrul mai multor proiecte.<\/p>\n<p>Dimensiuni: 49,5 x 76,2 cm<\/p>","protected":false},"excerpt":{"rendered":"<p>Estetica suav\u0103 \u0219i romantic\u0103 a h\u00e2rtiei de tesut Decoupage D\u00e9cor de la Kacha &#8211; \u201eChasing Petals\u201d o face completarea perfect\u0103 a celorlalte modele din aceast\u0103 colec\u021bie. Cu aranjamente florale delicate \u0219i detalii de inspira\u021bie vintage, aceast\u0103 foaie de 49,5 x 76,2 cm aduce o not\u0103 de elegan\u021b\u0103 mobilierului, t\u0103vilor \u0219i proiectelor de decora\u021biuni interioare. Fie [&hellip;]<\/p>","protected":false},"featured_media":4127,"comment_status":"open","ping_status":"closed","template":"","meta":{"_et_pb_use_builder":"","_et_pb_old_content":"","_et_gb_content_width":""},"product_cat":[77],"product_tag":[],"_links":{"self":[{"href":"https:\/\/redesignwithjulia.com\/ro\/wp-json\/wp\/v2\/product\/4126"}],"collection":[{"href":"https:\/\/redesignwithjulia.com\/ro\/wp-json\/wp\/v2\/product"}],"about":[{"href":"https:\/\/redesignwithjulia.com\/ro\/wp-json\/wp\/v2\/types\/product"}],"replies":[{"embeddable":true,"href":"https:\/\/redesignwithjulia.com\/ro\/wp-json\/wp\/v2\/comments?post=4126"}],"wp:featuredmedia":[{"embeddable":true,"href":"https:\/\/redesignwithjulia.com\/ro\/wp-json\/wp\/v2\/media\/4127"}],"wp:attachment":[{"href":"https:\/\/redesignwithjulia.com\/ro\/wp-json\/wp\/v2\/media?parent=4126"}],"wp:term":[{"taxonomy":"product_cat","embeddable":true,"href":"https:\/\/redesignwithjulia.com\/ro\/wp-json\/wp\/v2\/product_cat?post=4126"},{"taxonomy":"product_tag","embeddable":true,"href":"https:\/\/redesignwithjulia.com\/ro\/wp-json\/wp\/v2\/product_tag?post=4126"}],"curies":[{"name":"wp","href":"https:\/\/api.w.org\/{rel}","templated":true}]}}