{"id":4130,"date":"2025-04-18T20:11:05","date_gmt":"2025-04-18T18:11:05","guid":{"rendered":"https:\/\/redesignwithjulia.com\/?post_type=product&#038;p=4130"},"modified":"2025-04-18T20:20:05","modified_gmt":"2025-04-18T18:20:05","slug":"opulent-matrita-silicon-redesign-with-prima","status":"publish","type":"product","link":"https:\/\/redesignwithjulia.com\/ro\/produs\/opulent-matrita-silicon-redesign-with-prima\/","title":{"rendered":"Opulent \u2013 Matri\u021b\u0103 silicon Redesign with Prima"},"content":{"rendered":"<p>Descoperi\u021bi o lume a elegan\u021bei cu matri\u021ba &#8211; \u201eOpulent\u201d, cu g\u0103uri de chei rafinate, \u00eencuietori ornamentate \u0219i ornamente \u00een stil vintage direct dintr-un mare castel.<\/p>\n<p>Fie c\u0103 ad\u0103uga\u021bi farmec istoric mobilierului, crea\u021bi decoruri dimensionale sau crea\u021bi detalii comestibile pentru pr\u0103jituri de lux, aceast\u0103 matri\u021b\u0103 aduce frumuse\u021be atemporal\u0103 oric\u0103rui proiect.<\/p>\n<p>Conceput\u0103 pentru r\u0103\u0219in\u0103, lut uscat la aer, fondant, ciocolat\u0103 \u0219i multe altele, fiecare mulaj capteaz\u0103 detaliile fine care fac ca o pies\u0103 s\u0103 fie cu adev\u0103rat special\u0103. Sigur\u0103 pentru alimente, rezistent\u0103 la cuptor \u0219i gata s\u0103 transforme orice suprafa\u021b\u0103 \u00een ceva extraordinar.<\/p>\n<p>Dimensiuni: 20,32 x 12,7 cm<\/p>","protected":false},"excerpt":{"rendered":"<p>Descoperi\u021bi o lume a elegan\u021bei cu matri\u021ba &#8211; \u201eOpulent\u201d, cu g\u0103uri de chei rafinate, \u00eencuietori ornamentate \u0219i ornamente \u00een stil vintage direct dintr-un mare castel. Fie c\u0103 ad\u0103uga\u021bi farmec istoric mobilierului, crea\u021bi decoruri dimensionale sau crea\u021bi detalii comestibile pentru pr\u0103jituri de lux, aceast\u0103 matri\u021b\u0103 aduce frumuse\u021be atemporal\u0103 oric\u0103rui proiect. Conceput\u0103 pentru r\u0103\u0219in\u0103, lut uscat la [&hellip;]<\/p>","protected":false},"featured_media":4131,"comment_status":"open","ping_status":"closed","template":"","meta":{"_et_pb_use_builder":"","_et_pb_old_content":"","_et_gb_content_width":""},"product_cat":[21],"product_tag":[],"_links":{"self":[{"href":"https:\/\/redesignwithjulia.com\/ro\/wp-json\/wp\/v2\/product\/4130"}],"collection":[{"href":"https:\/\/redesignwithjulia.com\/ro\/wp-json\/wp\/v2\/product"}],"about":[{"href":"https:\/\/redesignwithjulia.com\/ro\/wp-json\/wp\/v2\/types\/product"}],"replies":[{"embeddable":true,"href":"https:\/\/redesignwithjulia.com\/ro\/wp-json\/wp\/v2\/comments?post=4130"}],"wp:featuredmedia":[{"embeddable":true,"href":"https:\/\/redesignwithjulia.com\/ro\/wp-json\/wp\/v2\/media\/4131"}],"wp:attachment":[{"href":"https:\/\/redesignwithjulia.com\/ro\/wp-json\/wp\/v2\/media?parent=4130"}],"wp:term":[{"taxonomy":"product_cat","embeddable":true,"href":"https:\/\/redesignwithjulia.com\/ro\/wp-json\/wp\/v2\/product_cat?post=4130"},{"taxonomy":"product_tag","embeddable":true,"href":"https:\/\/redesignwithjulia.com\/ro\/wp-json\/wp\/v2\/product_tag?post=4130"}],"curies":[{"name":"wp","href":"https:\/\/api.w.org\/{rel}","templated":true}]}}