{"id":4133,"date":"2025-04-18T20:18:44","date_gmt":"2025-04-18T18:18:44","guid":{"rendered":"https:\/\/redesignwithjulia.com\/?post_type=product&#038;p=4133"},"modified":"2025-04-24T21:08:24","modified_gmt":"2025-04-24T19:08:24","slug":"angelic-aura-matrita-silicon-redesign-with-prima","status":"publish","type":"product","link":"https:\/\/redesignwithjulia.com\/ro\/produs\/angelic-aura-matrita-silicon-redesign-with-prima\/","title":{"rendered":"Angelic Aura &#8211; Matri\u021b\u0103 silicon Redesign with Prima"},"content":{"rendered":"<p>Moale, delicate \u0219i din alt\u0103 lume. Matri\u021ba &#8211; \u201eAngelic Aura\u201d este despre aripile gra\u021bioase de \u00eenger \u0219i detaliile celeste care aduc o calitate de vis mobilierului, mediilor mixte sau modelelor comestibile.<\/p>\n<p>Se toarn\u0103 \u00een r\u0103\u0219in\u0103 pentru o pies\u0103 de art\u0103 uimitoare, se utilizeaz\u0103 lut pentru decor \u00een stil vintage sau se modeleaz\u0103 fondant pentru decora\u021biuni elegante pentru torturi.<\/p>\n<p>Func\u021bioneaz\u0103 cu r\u0103\u0219in\u0103, lut, fondant \u0219i ciocolat\u0103 &#8211; pentru c\u0103 creativitatea nu ar trebui s\u0103 fie limitat\u0103. Fie c\u0103 decora\u021bi mobilier, crea\u021bi art\u0103 statement sau coace\u021bi ceva de neuitat, aceste matri\u021be Redesign withPrima\u00ae ofer\u0103 detalii impecabile \u00een r\u0103\u0219in\u0103, lut uscat la aer, fondant \u0219i ciocolat\u0103. Sigur pentru alimente, sigur pentru cuptor \u0219i gata pentru orice.<\/p>\n<p>Dimensiuni: 20,32 x 12,7 cm<\/p>","protected":false},"excerpt":{"rendered":"<p>Moale, delicate \u0219i din alt\u0103 lume. Matri\u021ba &#8211; \u201eAngelic Aura\u201d este despre aripile gra\u021bioase de \u00eenger \u0219i detaliile celeste care aduc o calitate de vis mobilierului, mediilor mixte sau modelelor comestibile. Se toarn\u0103 \u00een r\u0103\u0219in\u0103 pentru o pies\u0103 de art\u0103 uimitoare, se utilizeaz\u0103 lut pentru decor \u00een stil vintage sau se modeleaz\u0103 fondant pentru decora\u021biuni [&hellip;]<\/p>","protected":false},"featured_media":4134,"comment_status":"open","ping_status":"closed","template":"","meta":{"_et_pb_use_builder":"","_et_pb_old_content":"","_et_gb_content_width":""},"product_cat":[21],"product_tag":[],"_links":{"self":[{"href":"https:\/\/redesignwithjulia.com\/ro\/wp-json\/wp\/v2\/product\/4133"}],"collection":[{"href":"https:\/\/redesignwithjulia.com\/ro\/wp-json\/wp\/v2\/product"}],"about":[{"href":"https:\/\/redesignwithjulia.com\/ro\/wp-json\/wp\/v2\/types\/product"}],"replies":[{"embeddable":true,"href":"https:\/\/redesignwithjulia.com\/ro\/wp-json\/wp\/v2\/comments?post=4133"}],"wp:featuredmedia":[{"embeddable":true,"href":"https:\/\/redesignwithjulia.com\/ro\/wp-json\/wp\/v2\/media\/4134"}],"wp:attachment":[{"href":"https:\/\/redesignwithjulia.com\/ro\/wp-json\/wp\/v2\/media?parent=4133"}],"wp:term":[{"taxonomy":"product_cat","embeddable":true,"href":"https:\/\/redesignwithjulia.com\/ro\/wp-json\/wp\/v2\/product_cat?post=4133"},{"taxonomy":"product_tag","embeddable":true,"href":"https:\/\/redesignwithjulia.com\/ro\/wp-json\/wp\/v2\/product_tag?post=4133"}],"curies":[{"name":"wp","href":"https:\/\/api.w.org\/{rel}","templated":true}]}}