{"id":4141,"date":"2025-05-07T10:10:05","date_gmt":"2025-05-07T08:10:05","guid":{"rendered":"https:\/\/redesignwithjulia.com\/?post_type=product&#038;p=4141"},"modified":"2026-03-17T10:09:35","modified_gmt":"2026-03-17T08:09:35","slug":"blushing-bloom-material-decorativ-mobila-redesign-with-prima-a3","status":"publish","type":"product","link":"https:\/\/redesignwithjulia.com\/ro\/produs\/blushing-bloom-material-decorativ-mobila-redesign-with-prima-a3\/","title":{"rendered":"Blushing Bloom \u2013 material decorativ mobil\u0103 &#8211; Redesign with Prima \u2013 A3"},"content":{"rendered":"<p>Un design floral delicat cu trandafiri roz piersic\u0103 cald\u0103 \u0219i un fundal de inspira\u021bie vintage, noul set de h\u00e2rtie decoupage\u00a0 A3 &#8211; \u201eBlushing Bloom\u201d este perfect pentru a crea accente suave \u0219i romantice pe mobilier, rame \u0219i piese de decor.<\/p>\n<p>Fie c\u0103 \u00eel aplica\u021bi pe o comod\u0103 mare sau pe t\u0103vi \u0219i cutii mai mici, acest set, cu o foaie de 49,5 x 76,2 cm \u0219i o foaie de dimensiune A3 (29,7 x 41,6 cm), faciliteaz\u0103 coordonarea diferitelor proiecte cu un aspect f\u0103r\u0103 cusur.<\/p>\n<p>Pur \u0219i simplu t\u0103ia\u021bi cantitatea necesar\u0103, aplica\u021bi Decoupage Gel pe suprafa\u021ba preg\u0103tit\u0103, a\u0219eza\u021bi h\u00e2rtia de \u021besut \u0219i netezi\u021bi-o cu instrumentul Scraper sau Brayer.<\/p>\n<p>Un strat final de Decoupage Gel sau Powertex Easy coat asigur\u0103 un finisaj neted \u0219i de lung\u0103 durat\u0103.<\/p>\n<p>Dimensiuni: 2 foi: o foaie 49,5 x 76,2 cm \u0219i o foaie A3 (29,7 x 41,6 cm)<\/p>","protected":false},"excerpt":{"rendered":"<p>Un design floral delicat cu trandafiri roz piersic\u0103 cald\u0103 \u0219i un fundal de inspira\u021bie vintage, noul set de h\u00e2rtie decoupage\u00a0 A3 &#8211; \u201eBlushing Bloom\u201d este perfect pentru a crea accente suave \u0219i romantice pe mobilier, rame \u0219i piese de decor. Fie c\u0103 \u00eel aplica\u021bi pe o comod\u0103 mare sau pe t\u0103vi \u0219i cutii mai mici, [&hellip;]<\/p>","protected":false},"featured_media":4142,"comment_status":"open","ping_status":"closed","template":"","meta":{"_et_pb_use_builder":"","_et_pb_old_content":"","_et_gb_content_width":""},"product_cat":[77],"product_tag":[],"_links":{"self":[{"href":"https:\/\/redesignwithjulia.com\/ro\/wp-json\/wp\/v2\/product\/4141"}],"collection":[{"href":"https:\/\/redesignwithjulia.com\/ro\/wp-json\/wp\/v2\/product"}],"about":[{"href":"https:\/\/redesignwithjulia.com\/ro\/wp-json\/wp\/v2\/types\/product"}],"replies":[{"embeddable":true,"href":"https:\/\/redesignwithjulia.com\/ro\/wp-json\/wp\/v2\/comments?post=4141"}],"wp:featuredmedia":[{"embeddable":true,"href":"https:\/\/redesignwithjulia.com\/ro\/wp-json\/wp\/v2\/media\/4142"}],"wp:attachment":[{"href":"https:\/\/redesignwithjulia.com\/ro\/wp-json\/wp\/v2\/media?parent=4141"}],"wp:term":[{"taxonomy":"product_cat","embeddable":true,"href":"https:\/\/redesignwithjulia.com\/ro\/wp-json\/wp\/v2\/product_cat?post=4141"},{"taxonomy":"product_tag","embeddable":true,"href":"https:\/\/redesignwithjulia.com\/ro\/wp-json\/wp\/v2\/product_tag?post=4141"}],"curies":[{"name":"wp","href":"https:\/\/api.w.org\/{rel}","templated":true}]}}