{"id":4145,"date":"2025-05-07T17:13:09","date_gmt":"2025-05-07T15:13:09","guid":{"rendered":"https:\/\/redesignwithjulia.com\/?post_type=product&#038;p=4145"},"modified":"2025-05-25T08:33:57","modified_gmt":"2025-05-25T06:33:57","slug":"jardin-fleuri-material-decorativ-mobila-redesign-with-prima-a3","status":"publish","type":"product","link":"https:\/\/redesignwithjulia.com\/ro\/produs\/jardin-fleuri-material-decorativ-mobila-redesign-with-prima-a3\/","title":{"rendered":"Jardin Fleuri \u2013 material decorativ mobil\u0103 Redesign with Prima \u2013 A3"},"content":{"rendered":"<p>O tapiserie bogat\u0103 de verdea\u021b\u0103 \u00eempletit\u0103, flori delicate de portocal \u0219i un fundal natural moale, noul set de material decoupage A3 -\u201d Jardin Fleuri\u201d aduce c\u0103ldur\u0103 \u0219i mi\u0219care mobilierului, panourilor decorative \u0219i proiectelor creative.<\/p>\n<p>Echilibrul de flori moi \u0219i frunze detaliate faciliteaz\u0103 crearea de compozi\u021bii personalizate pe diferite suprafe\u021be. Cele dou\u0103 coli incluse &#8211; una \u00een format 49,5 x 76,2 cm \u0219i una \u00een format A3 (29,7 x 41,6 cm) &#8211; ofer\u0103 numeroase op\u021biuni de design pentru aplica\u021bii la scar\u0103 mare \u0219i mic\u0103.<\/p>\n<p>Pentru utilizare, m\u0103sura\u021bi \u0219i t\u0103ia\u021bi h\u00e2rtia, aplica\u021bi Decoupage Gel pe suprafa\u021b\u0103, a\u0219eza\u021bi h\u00e2rtia de \u021besut deasupra \u0219i netezi\u021bi-o cu instrumentul Scraper sau Brayer.<\/p>\n<p>Un strat final de Decoupage Gel sau Powertex Easy coat asigur\u0103 un finisaj neted \u0219i de lung\u0103 durat\u0103.<\/p>\n<p>Dimensiuni: 2 foi: o foaie 49,5 x 76,2 cm \u0219i o foaie A3 (29,7 x 41,6 cm)<\/p>\n<p>&nbsp;<\/p>","protected":false},"excerpt":{"rendered":"<p>O tapiserie bogat\u0103 de verdea\u021b\u0103 \u00eempletit\u0103, flori delicate de portocal \u0219i un fundal natural moale, noul set de material decoupage A3 -\u201d Jardin Fleuri\u201d aduce c\u0103ldur\u0103 \u0219i mi\u0219care mobilierului, panourilor decorative \u0219i proiectelor creative. Echilibrul de flori moi \u0219i frunze detaliate faciliteaz\u0103 crearea de compozi\u021bii personalizate pe diferite suprafe\u021be. Cele dou\u0103 coli incluse &#8211; una [&hellip;]<\/p>","protected":false},"featured_media":4146,"comment_status":"open","ping_status":"closed","template":"","meta":{"_et_pb_use_builder":"","_et_pb_old_content":"","_et_gb_content_width":""},"product_cat":[77],"product_tag":[],"_links":{"self":[{"href":"https:\/\/redesignwithjulia.com\/ro\/wp-json\/wp\/v2\/product\/4145"}],"collection":[{"href":"https:\/\/redesignwithjulia.com\/ro\/wp-json\/wp\/v2\/product"}],"about":[{"href":"https:\/\/redesignwithjulia.com\/ro\/wp-json\/wp\/v2\/types\/product"}],"replies":[{"embeddable":true,"href":"https:\/\/redesignwithjulia.com\/ro\/wp-json\/wp\/v2\/comments?post=4145"}],"wp:featuredmedia":[{"embeddable":true,"href":"https:\/\/redesignwithjulia.com\/ro\/wp-json\/wp\/v2\/media\/4146"}],"wp:attachment":[{"href":"https:\/\/redesignwithjulia.com\/ro\/wp-json\/wp\/v2\/media?parent=4145"}],"wp:term":[{"taxonomy":"product_cat","embeddable":true,"href":"https:\/\/redesignwithjulia.com\/ro\/wp-json\/wp\/v2\/product_cat?post=4145"},{"taxonomy":"product_tag","embeddable":true,"href":"https:\/\/redesignwithjulia.com\/ro\/wp-json\/wp\/v2\/product_tag?post=4145"}],"curies":[{"name":"wp","href":"https:\/\/api.w.org\/{rel}","templated":true}]}}