{"id":4150,"date":"2025-05-07T17:34:15","date_gmt":"2025-05-07T15:34:15","guid":{"rendered":"https:\/\/redesignwithjulia.com\/?post_type=product&#038;p=4150"},"modified":"2025-11-19T22:18:39","modified_gmt":"2025-11-19T20:18:39","slug":"blossom-tweet-transfer-decorativ-redesign-with-prima","status":"publish","type":"product","link":"https:\/\/redesignwithjulia.com\/ro\/produs\/blossom-tweet-transfer-decorativ-redesign-with-prima\/","title":{"rendered":"Blossom Tweet \u2013 Transfer Decorativ &#8211; Redesign with Prima"},"content":{"rendered":"<p>Dac\u0103 florile moi \u0219i farmecul vintage ar avea un copil, \u201eBlossom Tweet\u201d ar fi acela!<\/p>\n<p>Trandafirii roz, scrisul delicat \u0219i p\u0103s\u0103relele dulci coco\u021bate pe ramuri delicate &#8211; acest transfer decorativ\u00a0 aduce tot romantismul \u0219i frumuse\u021bea atemporal\u0103 la care a\u021bi putea visa. Fie c\u0103 renova\u021bi o cutie de bijuterii, ad\u0103uga\u021bi stil mobilierului sau face\u021bi o ram\u0103 foto foarte special\u0103, acest design va face inimile s\u0103 tresar\u0103.<\/p>\n<p>Amesteca\u021bi, potrivi\u021bi \u0219i stratifica\u021bi pentru a ob\u021bine ceva cu adev\u0103rat unic! Punctele Harmony Hue Dots \u00eencorporate v\u0103 ajut\u0103 s\u0103 v\u0103 coordona\u021bi vopselele preferate ca un profesionist &#8211; f\u0103r\u0103 \u00eendoieli, doar o armonie perfect\u0103 de fiecare dat\u0103.<\/p>\n<p>MOD DE UTILIZARE: Alege\u021bi o suprafa\u021b\u0103 (lemn, metal, sticl\u0103 &#8211; da\u021bi-i drumul!), dezlipi\u021bi suportul, ap\u0103sa\u021bi transferul \u00een loc \u0219i freca\u021bi-l. Dup\u0103 ce ridica\u021bi foaia, ve\u021bi ob\u021bine un aspect pictat manual, f\u0103r\u0103 cusur, f\u0103r\u0103 s\u0103 ridica\u021bi vreodat\u0103 o pensul\u0103. Este ca magia, dar mai bine!<\/p>\n<p>&nbsp;<\/p>","protected":false},"excerpt":{"rendered":"<p>Dac\u0103 florile moi \u0219i farmecul vintage ar avea un copil, \u201eBlossom Tweet\u201d ar fi acela! Trandafirii roz, scrisul delicat \u0219i p\u0103s\u0103relele dulci coco\u021bate pe ramuri delicate &#8211; acest transfer decorativ\u00a0 aduce tot romantismul \u0219i frumuse\u021bea atemporal\u0103 la care a\u021bi putea visa. Fie c\u0103 renova\u021bi o cutie de bijuterii, ad\u0103uga\u021bi stil mobilierului sau face\u021bi o ram\u0103 [&hellip;]<\/p>","protected":false},"featured_media":4151,"comment_status":"open","ping_status":"closed","template":"","meta":{"_et_pb_use_builder":"","_et_pb_old_content":"","_et_gb_content_width":""},"product_cat":[79],"product_tag":[],"_links":{"self":[{"href":"https:\/\/redesignwithjulia.com\/ro\/wp-json\/wp\/v2\/product\/4150"}],"collection":[{"href":"https:\/\/redesignwithjulia.com\/ro\/wp-json\/wp\/v2\/product"}],"about":[{"href":"https:\/\/redesignwithjulia.com\/ro\/wp-json\/wp\/v2\/types\/product"}],"replies":[{"embeddable":true,"href":"https:\/\/redesignwithjulia.com\/ro\/wp-json\/wp\/v2\/comments?post=4150"}],"wp:featuredmedia":[{"embeddable":true,"href":"https:\/\/redesignwithjulia.com\/ro\/wp-json\/wp\/v2\/media\/4151"}],"wp:attachment":[{"href":"https:\/\/redesignwithjulia.com\/ro\/wp-json\/wp\/v2\/media?parent=4150"}],"wp:term":[{"taxonomy":"product_cat","embeddable":true,"href":"https:\/\/redesignwithjulia.com\/ro\/wp-json\/wp\/v2\/product_cat?post=4150"},{"taxonomy":"product_tag","embeddable":true,"href":"https:\/\/redesignwithjulia.com\/ro\/wp-json\/wp\/v2\/product_tag?post=4150"}],"curies":[{"name":"wp","href":"https:\/\/api.w.org\/{rel}","templated":true}]}}