{"id":4153,"date":"2025-05-07T17:47:40","date_gmt":"2025-05-07T15:47:40","guid":{"rendered":"https:\/\/redesignwithjulia.com\/?post_type=product&#038;p=4153"},"modified":"2025-05-09T13:06:00","modified_gmt":"2025-05-09T11:06:00","slug":"sunlit-serenade-transfer-decorativ-redesign-with-prima","status":"publish","type":"product","link":"https:\/\/redesignwithjulia.com\/ro\/produs\/sunlit-serenade-transfer-decorativ-redesign-with-prima\/","title":{"rendered":"Sunlit Serenade \u2013 Transfer Decorativ &#8211;  Redesign with Prima"},"content":{"rendered":"<p>Bun\u0103, raz\u0103 de soare! \u201eSunlit Serenade\u201d este ca o dup\u0103-amiaz\u0103 aurie \u00eenvelit\u0103 \u00een flori &#8211; cald\u0103, str\u0103lucitoare \u0219i absolut plin\u0103 de via\u021b\u0103!<\/p>\n<p>Imagina\u021bi-v\u0103 trandafiri cremo\u0219i \u0219i flori galbene vesele dans\u00e2nd \u00een briz\u0103, \u00een timp ce albinu\u021be zumz\u0103itoare se al\u0103tur\u0103 petrecerii. Fie c\u0103 da\u021bi via\u021b\u0103 unei comode obosite, ad\u0103uga\u021bi farmec unei t\u0103vi rustice sau reface\u021bi un perete simplu, acest nou transfer decorativ Redesign with Prima\u00ae ofer\u0103 o str\u0103lucire instantanee.<\/p>\n<p>Stratifica\u021bi-l, amesteca\u021bi-l sau l\u0103sa\u021bi-l s\u0103 fure lumina reflectoarelor &#8211; fiecare element este proiectat pentru o aplicare u\u0219oar\u0103, astfel \u00eenc\u00e2t s\u0103 pute\u021bi crea o capodoper\u0103 unic\u0103. \u0218i ghici\u021bi ce? Harmony Hue Dots fac ca potrivirea culorilor s\u0103 fie floare la ureche! G\u0103si\u021bi nuan\u021bele perfecte de vopsea cu zero presupuneri pentru un finisaj impecabil.<\/p>\n<p>MOD DE UTILIZARE: Este la fel de u\u0219or ca \u0219i cum dezlipe\u0219ti, ape\u0219i, freci \u0219i bum &#8211; magia lucrului de art\u0103! Alege-\u021bi suprafa\u021ba (mobil\u0103, pere\u021bi, decora\u021biuni &#8211; o nume\u0219ti tu), plaseaz\u0103 transferul, freac\u0103-l cu instrumentul inclus \u0219i prive\u0219te cum designul se integreaz\u0103 ca \u0219i cum ar fi fost menit dintotdeauna s\u0103 fie acolo. F\u0103r\u0103 mizerie, f\u0103r\u0103 stres, doar art\u0103 instantanee!<\/p>","protected":false},"excerpt":{"rendered":"<p>Bun\u0103, raz\u0103 de soare! \u201eSunlit Serenade\u201d este ca o dup\u0103-amiaz\u0103 aurie \u00eenvelit\u0103 \u00een flori &#8211; cald\u0103, str\u0103lucitoare \u0219i absolut plin\u0103 de via\u021b\u0103! Imagina\u021bi-v\u0103 trandafiri cremo\u0219i \u0219i flori galbene vesele dans\u00e2nd \u00een briz\u0103, \u00een timp ce albinu\u021be zumz\u0103itoare se al\u0103tur\u0103 petrecerii. Fie c\u0103 da\u021bi via\u021b\u0103 unei comode obosite, ad\u0103uga\u021bi farmec unei t\u0103vi rustice sau reface\u021bi un [&hellip;]<\/p>","protected":false},"featured_media":4154,"comment_status":"open","ping_status":"closed","template":"","meta":{"_et_pb_use_builder":"","_et_pb_old_content":"","_et_gb_content_width":""},"product_cat":[79],"product_tag":[],"_links":{"self":[{"href":"https:\/\/redesignwithjulia.com\/ro\/wp-json\/wp\/v2\/product\/4153"}],"collection":[{"href":"https:\/\/redesignwithjulia.com\/ro\/wp-json\/wp\/v2\/product"}],"about":[{"href":"https:\/\/redesignwithjulia.com\/ro\/wp-json\/wp\/v2\/types\/product"}],"replies":[{"embeddable":true,"href":"https:\/\/redesignwithjulia.com\/ro\/wp-json\/wp\/v2\/comments?post=4153"}],"wp:featuredmedia":[{"embeddable":true,"href":"https:\/\/redesignwithjulia.com\/ro\/wp-json\/wp\/v2\/media\/4154"}],"wp:attachment":[{"href":"https:\/\/redesignwithjulia.com\/ro\/wp-json\/wp\/v2\/media?parent=4153"}],"wp:term":[{"taxonomy":"product_cat","embeddable":true,"href":"https:\/\/redesignwithjulia.com\/ro\/wp-json\/wp\/v2\/product_cat?post=4153"},{"taxonomy":"product_tag","embeddable":true,"href":"https:\/\/redesignwithjulia.com\/ro\/wp-json\/wp\/v2\/product_tag?post=4153"}],"curies":[{"name":"wp","href":"https:\/\/api.w.org\/{rel}","templated":true}]}}