{"id":4162,"date":"2025-05-08T06:57:25","date_gmt":"2025-05-08T04:57:25","guid":{"rendered":"https:\/\/redesignwithjulia.com\/?post_type=product&#038;p=4162"},"modified":"2026-03-13T13:34:49","modified_gmt":"2026-03-13T11:34:49","slug":"sunlit-serenade-transfer-decorativ-redesign-with-prima-2","status":"publish","type":"product","link":"https:\/\/redesignwithjulia.com\/ro\/produs\/sunlit-serenade-transfer-decorativ-redesign-with-prima-2\/","title":{"rendered":"Azure Blossom \u2013 Transfer Decorativ &#8211;  Redesign with Prima"},"content":{"rendered":"<p>Vis\u0103tor, elegant \u0219i at\u00e2t de uimitor &#8211; \u201eAzure Blossom\u201d este ca o \u0219oapt\u0103 de dantel\u0103 de epoc\u0103 \u0219i trandafiri albastre moi direct dintr-o poveste. Fie c\u0103 dori\u021bi s\u0103 transforma\u021bi o noptier\u0103 simpl\u0103 \u00eentr-o pies\u0103 de rezisten\u021b\u0103 sau s\u0103 oferi\u021bi unei oglinzi vechi un moment de Cenu\u0219\u0103reas\u0103, acest transfer decorativ Redesign with Prima\u00ae v\u0103 \u00eenv\u0103luie proiectele \u00eentr-o frumuse\u021be atemporal\u0103.<\/p>\n<p>Fiecare pies\u0103 este conceput\u0103 pentru a fi a\u0219ezat\u0103 \u00een straturi, combinat\u0103 \u0219i personalizat\u0103. \u00cen plus, punctele Harmony Hue Dots \u00eenseamn\u0103 c\u0103 nu mai trebuie s\u0103 v\u0103 juca\u021bi de-a ghicitul atunci c\u00e2nd alege\u021bi vopseaua &#8211; trebuie doar s\u0103 v\u0103 potrivi\u021bi nuan\u021bele f\u0103r\u0103 efort pentru un finisaj impecabil.<\/p>\n<p>MOD DE UTILIZARE: Simplu! Alege\u021bi o suprafa\u021b\u0103, \u00eendep\u0103rta\u021bi suportul, ap\u0103sa\u021bi transferul acolo unde dori\u021bi \u0219i freca\u021bi p\u00e2n\u0103 se \u00eent\u00e2mpl\u0103 magia. Rezultatul? Un aspect profesional, pictat manual, f\u0103r\u0103 ore de munc\u0103. Transformare instantanee, f\u0103r\u0103 efort!<\/p>\n<p>Dimensiuni: 60,96 x 76,2 cm ( t\u0103iat \u00een 4 foi)<\/p>","protected":false},"excerpt":{"rendered":"<p>Vis\u0103tor, elegant \u0219i at\u00e2t de uimitor &#8211; \u201eAzure Blossom\u201d este ca o \u0219oapt\u0103 de dantel\u0103 de epoc\u0103 \u0219i trandafiri albastre moi direct dintr-o poveste. Fie c\u0103 dori\u021bi s\u0103 transforma\u021bi o noptier\u0103 simpl\u0103 \u00eentr-o pies\u0103 de rezisten\u021b\u0103 sau s\u0103 oferi\u021bi unei oglinzi vechi un moment de Cenu\u0219\u0103reas\u0103, acest transfer decorativ Redesign with Prima\u00ae v\u0103 \u00eenv\u0103luie proiectele [&hellip;]<\/p>","protected":false},"featured_media":4163,"comment_status":"open","ping_status":"closed","template":"","meta":{"_et_pb_use_builder":"","_et_pb_old_content":"","_et_gb_content_width":""},"product_cat":[79],"product_tag":[],"_links":{"self":[{"href":"https:\/\/redesignwithjulia.com\/ro\/wp-json\/wp\/v2\/product\/4162"}],"collection":[{"href":"https:\/\/redesignwithjulia.com\/ro\/wp-json\/wp\/v2\/product"}],"about":[{"href":"https:\/\/redesignwithjulia.com\/ro\/wp-json\/wp\/v2\/types\/product"}],"replies":[{"embeddable":true,"href":"https:\/\/redesignwithjulia.com\/ro\/wp-json\/wp\/v2\/comments?post=4162"}],"wp:featuredmedia":[{"embeddable":true,"href":"https:\/\/redesignwithjulia.com\/ro\/wp-json\/wp\/v2\/media\/4163"}],"wp:attachment":[{"href":"https:\/\/redesignwithjulia.com\/ro\/wp-json\/wp\/v2\/media?parent=4162"}],"wp:term":[{"taxonomy":"product_cat","embeddable":true,"href":"https:\/\/redesignwithjulia.com\/ro\/wp-json\/wp\/v2\/product_cat?post=4162"},{"taxonomy":"product_tag","embeddable":true,"href":"https:\/\/redesignwithjulia.com\/ro\/wp-json\/wp\/v2\/product_tag?post=4162"}],"curies":[{"name":"wp","href":"https:\/\/api.w.org\/{rel}","templated":true}]}}