{"id":4167,"date":"2025-05-09T12:10:02","date_gmt":"2025-05-09T10:10:02","guid":{"rendered":"https:\/\/redesignwithjulia.com\/?post_type=product&#038;p=4167"},"modified":"2025-05-09T13:03:57","modified_gmt":"2025-05-09T11:03:57","slug":"transfer-decorativ-mediu-yellow-bliss","status":"publish","type":"product","link":"https:\/\/redesignwithjulia.com\/ro\/produs\/transfer-decorativ-mediu-yellow-bliss\/","title":{"rendered":"Yellow Bliss &#8211; Transfer Decorativ Mediu \u2013 Redesign with Prima"},"content":{"rendered":"<p>Transferul decorativ A4 &#8211; \u201eYellow Bliss\u201d include trei foi cu flori galben-aurii, trandafiri crem \u0219i frunze verde intens, ad\u0103ug\u00e2nd o not\u0103 bogat\u0103 \u0219i vesel\u0103 mobilierului \u0219i decorului.<\/p>\n<p>Fiecare foaie ofer\u0103 aranjamente florale diferite care pot fi combinate sau utilizate separat, permi\u021b\u00e2nd posibilit\u0103\u021bi creative nelimitate. Fie c\u0103 acoperi\u021bi o suprafa\u021b\u0103 mai mare sau plasa\u021bi mici accente pe mai multe proiecte, aceste flori aduc c\u0103ldur\u0103 \u0219i farmec.<\/p>\n<p>\u00cendep\u0103rta\u021bi suportul de protec\u021bie, aplica\u021bi transferul &#8211; \u201eYellow Bliss\u201d pe o suprafa\u021b\u0103 curat\u0103 \u0219i freca\u021bi ferm cu bastonul sau instrumentul de transfer inclus. Pe m\u0103sur\u0103 ce transferul ader\u0103, se amestec\u0103 f\u0103r\u0103 efort, cre\u00e2nd un aspect pictat manual cu detalii dimensionale.<\/p>\n<p>O finisare delicat\u0103 pe margini \u00eembun\u0103t\u0103\u021be\u0219te efectul final, asigur\u00e2nd un rezultat profesional, lustruit.<\/p>\n<p>Dimensiuni: 21,5 x 27,9 cm<\/p>\n<p>&nbsp;<\/p>","protected":false},"excerpt":{"rendered":"<p>Transferul decorativ A4 &#8211; \u201eYellow Bliss\u201d include trei foi cu flori galben-aurii, trandafiri crem \u0219i frunze verde intens, ad\u0103ug\u00e2nd o not\u0103 bogat\u0103 \u0219i vesel\u0103 mobilierului \u0219i decorului. Fiecare foaie ofer\u0103 aranjamente florale diferite care pot fi combinate sau utilizate separat, permi\u021b\u00e2nd posibilit\u0103\u021bi creative nelimitate. Fie c\u0103 acoperi\u021bi o suprafa\u021b\u0103 mai mare sau plasa\u021bi mici accente [&hellip;]<\/p>","protected":false},"featured_media":4168,"comment_status":"open","ping_status":"closed","template":"","meta":{"_et_pb_use_builder":"","_et_pb_old_content":"","_et_gb_content_width":""},"product_cat":[79,68],"product_tag":[],"_links":{"self":[{"href":"https:\/\/redesignwithjulia.com\/ro\/wp-json\/wp\/v2\/product\/4167"}],"collection":[{"href":"https:\/\/redesignwithjulia.com\/ro\/wp-json\/wp\/v2\/product"}],"about":[{"href":"https:\/\/redesignwithjulia.com\/ro\/wp-json\/wp\/v2\/types\/product"}],"replies":[{"embeddable":true,"href":"https:\/\/redesignwithjulia.com\/ro\/wp-json\/wp\/v2\/comments?post=4167"}],"wp:featuredmedia":[{"embeddable":true,"href":"https:\/\/redesignwithjulia.com\/ro\/wp-json\/wp\/v2\/media\/4168"}],"wp:attachment":[{"href":"https:\/\/redesignwithjulia.com\/ro\/wp-json\/wp\/v2\/media?parent=4167"}],"wp:term":[{"taxonomy":"product_cat","embeddable":true,"href":"https:\/\/redesignwithjulia.com\/ro\/wp-json\/wp\/v2\/product_cat?post=4167"},{"taxonomy":"product_tag","embeddable":true,"href":"https:\/\/redesignwithjulia.com\/ro\/wp-json\/wp\/v2\/product_tag?post=4167"}],"curies":[{"name":"wp","href":"https:\/\/api.w.org\/{rel}","templated":true}]}}