{"id":4170,"date":"2025-05-09T13:28:47","date_gmt":"2025-05-09T11:28:47","guid":{"rendered":"https:\/\/redesignwithjulia.com\/?post_type=product&#038;p=4170"},"modified":"2025-10-07T11:57:02","modified_gmt":"2025-10-07T09:57:02","slug":"creamy-blush-blooms-transfer-decorativ-mediu-redesign-with-prima","status":"publish","type":"product","link":"https:\/\/redesignwithjulia.com\/ro\/produs\/creamy-blush-blooms-transfer-decorativ-mediu-redesign-with-prima\/","title":{"rendered":"Creamy Blush Blooms \u2013 Transfer Decorativ Mediu \u2013 Redesign with Prima"},"content":{"rendered":"<p>Transferul decorativ A4 &#8211; \u201eCreamy Blush Blooms\u201d include trei foi de flori calde de filde\u0219 \u0219i fard de obraz, concepute pentru a aduce o not\u0103 de farmec vintage.<\/p>\n<p>Petalele aerisite \u0219i verdele moale pot fi aranjate \u00een moduri diferite, pentru a se potrivi oric\u0103rui proiect, fie c\u0103 se suprapun pentru o compozi\u021bie floral\u0103 complet\u0103 sau se folosesc flori individuale pentru accente mai mici. Foile de 27,5 x 21,5 cm faciliteaz\u0103 lucrul pe o varietate de suprafe\u021be, de la mobilier \u0219i panouri decorative la proiecte de artizanat.<\/p>\n<p>\u00cendep\u0103rta\u021bi suportul de protec\u021bie, a\u0219eza\u021bi transferul \u201eCreamy Blush Blooms\u201dpe o suprafa\u021b\u0103 preg\u0103tit\u0103 \u0219i freca\u021bi u\u0219or cu bastonul sau instrumentul de transfer inclus. Pe m\u0103sur\u0103 ce lucrarea de art\u0103 ader\u0103, aceasta se \u00eembin\u0103 perfect, d\u00e2nd aspectul unui finisaj moale, pictat manual.<\/p>\n<p>\u0218lefuirea neteze\u0219te u\u0219or marginile pentru un rezultat natural.<\/p>\n<p>Dimensiuni: 27,5 x 21,5 cm ( 3 foi)<\/p>\n<p>&nbsp;<\/p>","protected":false},"excerpt":{"rendered":"<p>Transferul decorativ A4 &#8211; \u201eCreamy Blush Blooms\u201d include trei foi de flori calde de filde\u0219 \u0219i fard de obraz, concepute pentru a aduce o not\u0103 de farmec vintage. Petalele aerisite \u0219i verdele moale pot fi aranjate \u00een moduri diferite, pentru a se potrivi oric\u0103rui proiect, fie c\u0103 se suprapun pentru o compozi\u021bie floral\u0103 complet\u0103 sau [&hellip;]<\/p>","protected":false},"featured_media":4171,"comment_status":"open","ping_status":"closed","template":"","meta":{"_et_pb_use_builder":"","_et_pb_old_content":"","_et_gb_content_width":""},"product_cat":[79,68],"product_tag":[],"_links":{"self":[{"href":"https:\/\/redesignwithjulia.com\/ro\/wp-json\/wp\/v2\/product\/4170"}],"collection":[{"href":"https:\/\/redesignwithjulia.com\/ro\/wp-json\/wp\/v2\/product"}],"about":[{"href":"https:\/\/redesignwithjulia.com\/ro\/wp-json\/wp\/v2\/types\/product"}],"replies":[{"embeddable":true,"href":"https:\/\/redesignwithjulia.com\/ro\/wp-json\/wp\/v2\/comments?post=4170"}],"wp:featuredmedia":[{"embeddable":true,"href":"https:\/\/redesignwithjulia.com\/ro\/wp-json\/wp\/v2\/media\/4171"}],"wp:attachment":[{"href":"https:\/\/redesignwithjulia.com\/ro\/wp-json\/wp\/v2\/media?parent=4170"}],"wp:term":[{"taxonomy":"product_cat","embeddable":true,"href":"https:\/\/redesignwithjulia.com\/ro\/wp-json\/wp\/v2\/product_cat?post=4170"},{"taxonomy":"product_tag","embeddable":true,"href":"https:\/\/redesignwithjulia.com\/ro\/wp-json\/wp\/v2\/product_tag?post=4170"}],"curies":[{"name":"wp","href":"https:\/\/api.w.org\/{rel}","templated":true}]}}