{"id":4224,"date":"2025-06-28T15:16:03","date_gmt":"2025-06-28T13:16:03","guid":{"rendered":"https:\/\/redesignwithjulia.com\/?post_type=product&#038;p=4224"},"modified":"2025-09-05T09:28:18","modified_gmt":"2025-09-05T07:28:18","slug":"aged-machinery-elegance-material-decorativ-mobila-redesign-with-prima-a1","status":"publish","type":"product","link":"https:\/\/redesignwithjulia.com\/ro\/produs\/aged-machinery-elegance-material-decorativ-mobila-redesign-with-prima-a1\/","title":{"rendered":"Aged Machinery Elegance \u2013 material decorativ mobil\u0103 \u2013 Redesign with Prima \u2013 A1"},"content":{"rendered":"<p>Un material de \u00eenalt\u0103 calitate construit pe flexibilitate, u\u0219urin\u021b\u0103 \u00een utilizare \u0219i durabilitate, noul nostru Decoupage Fiber v\u0103 va oferi cu siguran\u021b\u0103 rezultate \u0219i aplica\u021bii incredibile.<\/p>\n<p>Fabricat dintr-un material fibros de \u00eenalt\u0103 densitate, este conceput pentru a fi utilizat pe orice suprafa\u021b\u0103, de la mobilier la pere\u021bi, cu o suprafa\u021b\u0103 f\u0103r\u0103 riduri care va oferi rezultate incredibile. Acest material rezistent la rupere, care nu se \u00eencre\u021be\u0219te \u0219i ultra versatil este compatibil cu majoritatea mediilor pe baz\u0103 de ap\u0103 \u0219i se va integra complet \u00een suprafe\u021bele dvs. f\u0103r\u0103 cr\u0103p\u0103turi sau deform\u0103ri.<\/p>\n<p>Materialul ofer\u0103 o modalitate frumoas\u0103 \u0219i economic\u0103 de a v\u0103 transforma suprafe\u021bele \u0219i piesele, u\u0219or \u0219i la pre\u021buri accesibile. Se asociaz\u0103 cel mai bine cu: Transfer Gel, in varianta mata sau lucioasa.<\/p>\n<p>Cel mai bine utilizat pe: aproape orice suprafa\u021b\u0103, inclusiv lemn, p\u00e2nz\u0103, beton,<\/p>\n<p>Dimensiuni : 59,5 x 84 cm<\/p>","protected":false},"excerpt":{"rendered":"<p>Un material de \u00eenalt\u0103 calitate construit pe flexibilitate, u\u0219urin\u021b\u0103 \u00een utilizare \u0219i durabilitate, noul nostru Decoupage Fiber v\u0103 va oferi cu siguran\u021b\u0103 rezultate \u0219i aplica\u021bii incredibile. Fabricat dintr-un material fibros de \u00eenalt\u0103 densitate, este conceput pentru a fi utilizat pe orice suprafa\u021b\u0103, de la mobilier la pere\u021bi, cu o suprafa\u021b\u0103 f\u0103r\u0103 riduri care va oferi [&hellip;]<\/p>","protected":false},"featured_media":4225,"comment_status":"open","ping_status":"closed","template":"","meta":{"_et_pb_use_builder":"","_et_pb_old_content":"","_et_gb_content_width":""},"product_cat":[77,66],"product_tag":[],"_links":{"self":[{"href":"https:\/\/redesignwithjulia.com\/ro\/wp-json\/wp\/v2\/product\/4224"}],"collection":[{"href":"https:\/\/redesignwithjulia.com\/ro\/wp-json\/wp\/v2\/product"}],"about":[{"href":"https:\/\/redesignwithjulia.com\/ro\/wp-json\/wp\/v2\/types\/product"}],"replies":[{"embeddable":true,"href":"https:\/\/redesignwithjulia.com\/ro\/wp-json\/wp\/v2\/comments?post=4224"}],"wp:featuredmedia":[{"embeddable":true,"href":"https:\/\/redesignwithjulia.com\/ro\/wp-json\/wp\/v2\/media\/4225"}],"wp:attachment":[{"href":"https:\/\/redesignwithjulia.com\/ro\/wp-json\/wp\/v2\/media?parent=4224"}],"wp:term":[{"taxonomy":"product_cat","embeddable":true,"href":"https:\/\/redesignwithjulia.com\/ro\/wp-json\/wp\/v2\/product_cat?post=4224"},{"taxonomy":"product_tag","embeddable":true,"href":"https:\/\/redesignwithjulia.com\/ro\/wp-json\/wp\/v2\/product_tag?post=4224"}],"curies":[{"name":"wp","href":"https:\/\/api.w.org\/{rel}","templated":true}]}}