{"id":4228,"date":"2025-06-28T19:40:55","date_gmt":"2025-06-28T17:40:55","guid":{"rendered":"https:\/\/redesignwithjulia.com\/?post_type=product&#038;p=4228"},"modified":"2025-06-28T19:41:50","modified_gmt":"2025-06-28T17:41:50","slug":"mad-hatters-muse-material-decorativ-mobila-redesign-with-prima","status":"publish","type":"product","link":"https:\/\/redesignwithjulia.com\/ro\/produs\/mad-hatters-muse-material-decorativ-mobila-redesign-with-prima\/","title":{"rendered":"Mad Hatter&#8217;s Muse \u2013 material decorativ mobil\u0103 \u2013 Redesign with Prima"},"content":{"rendered":"<p>Canaliza\u021bi farmecul excentric al \u021a\u0103rii Minunilor cu materialul decorativ \u201eMad Hatter&#8217;s Muse\u201d.<\/p>\n<p>Acest design este o aluzie juc\u0103u\u0219\u0103 la lumea excentric\u0103 a P\u0103l\u0103rierului Nebun, \u00eembin\u00e2nd un model arlechin cu ilustra\u021bii capricioase de petreceri de ceai, p\u0103l\u0103rii supradimensionate \u0219i personaje curioase.<\/p>\n<p>Tonurile surde, p\u0103m\u00e2ntii adaug\u0103 o not\u0103 vintage, f\u0103c\u00e2ndu-l perfect pentru proiectele care au nevoie de un pic din flerul imprevizibil al \u021a\u0103rii Minunilor. Fie c\u0103 decora\u021bi mobil\u0103 sau crea\u021bi un decor unic, acest material aduce un strop de nebunie \u0219i mult\u0103 creativitate la mas\u0103.<\/p>\n<p>Realizat cu o textur\u0103 durabil\u0103, rezistent\u0103 la rupere, acest material este pe c\u00e2t de rezistent, pe at\u00e2t de fermec\u0103tor. Detaliile complicate ale designului \u0219i paleta clasic\u0103 de culori faciliteaz\u0103 crearea a ceva cu adev\u0103rat special.<\/p>\n<p>Ideal\u0103 pentru transform\u0103ri de mobilier sau pentru a ad\u0103uga o not\u0103 de \u021aara Minunilor oric\u0103rui proiect, combina\u021bi aceast\u0103 h\u00e2rtie cu gel Decoupage, gel de transfer sau Easy Coat pentru un finisaj neted \u0219i durabil, care p\u0103streaz\u0103 spiritul P\u0103l\u0103rierului Nebun, viu \u00een fiecare pies\u0103 pe care o crea\u021bi.<\/p>\n<p>Dimensiuni: 49,5 x 76,2 cm<\/p>","protected":false},"excerpt":{"rendered":"<p>Canaliza\u021bi farmecul excentric al \u021a\u0103rii Minunilor cu materialul decorativ \u201eMad Hatter&#8217;s Muse\u201d. Acest design este o aluzie juc\u0103u\u0219\u0103 la lumea excentric\u0103 a P\u0103l\u0103rierului Nebun, \u00eembin\u00e2nd un model arlechin cu ilustra\u021bii capricioase de petreceri de ceai, p\u0103l\u0103rii supradimensionate \u0219i personaje curioase. Tonurile surde, p\u0103m\u00e2ntii adaug\u0103 o not\u0103 vintage, f\u0103c\u00e2ndu-l perfect pentru proiectele care au nevoie de [&hellip;]<\/p>","protected":false},"featured_media":4229,"comment_status":"open","ping_status":"closed","template":"","meta":{"_et_pb_use_builder":"","_et_pb_old_content":"","_et_gb_content_width":""},"product_cat":[77,66],"product_tag":[],"_links":{"self":[{"href":"https:\/\/redesignwithjulia.com\/ro\/wp-json\/wp\/v2\/product\/4228"}],"collection":[{"href":"https:\/\/redesignwithjulia.com\/ro\/wp-json\/wp\/v2\/product"}],"about":[{"href":"https:\/\/redesignwithjulia.com\/ro\/wp-json\/wp\/v2\/types\/product"}],"replies":[{"embeddable":true,"href":"https:\/\/redesignwithjulia.com\/ro\/wp-json\/wp\/v2\/comments?post=4228"}],"wp:featuredmedia":[{"embeddable":true,"href":"https:\/\/redesignwithjulia.com\/ro\/wp-json\/wp\/v2\/media\/4229"}],"wp:attachment":[{"href":"https:\/\/redesignwithjulia.com\/ro\/wp-json\/wp\/v2\/media?parent=4228"}],"wp:term":[{"taxonomy":"product_cat","embeddable":true,"href":"https:\/\/redesignwithjulia.com\/ro\/wp-json\/wp\/v2\/product_cat?post=4228"},{"taxonomy":"product_tag","embeddable":true,"href":"https:\/\/redesignwithjulia.com\/ro\/wp-json\/wp\/v2\/product_tag?post=4228"}],"curies":[{"name":"wp","href":"https:\/\/api.w.org\/{rel}","templated":true}]}}