{"id":4230,"date":"2025-06-28T20:07:00","date_gmt":"2025-06-28T18:07:00","guid":{"rendered":"https:\/\/redesignwithjulia.com\/?post_type=product&#038;p=4230"},"modified":"2025-09-05T09:48:18","modified_gmt":"2025-09-05T07:48:18","slug":"distressed-deco-material-decorativ-mobila-redesign-with-prima","status":"publish","type":"product","link":"https:\/\/redesignwithjulia.com\/ro\/produs\/distressed-deco-material-decorativ-mobila-redesign-with-prima\/","title":{"rendered":"Distressed Deco \u2013 material decorativ mobil\u0103 \u2013 Redesign with Prima"},"content":{"rendered":"<p>O solu\u021bie inteligent\u0103 \u0219i elegant\u0103 pentru urm\u0103toarea ta sarcin\u0103 de design &#8211; materialul decorativ &#8211; Distressed Deco. Creat pentru a v\u0103 inspira \u0219i sprijini procesul creativ cu calitate \u0219i stil. U\u0219or de utilizat, fiabil \u0219i potrivit pentru o gam\u0103 larg\u0103 de aplica\u021bii. Perfect\u0103 at\u00e2t pentru iubitorii de bricolaj, c\u00e2t \u0219i pentru creatorii profesioni\u0219ti. Un accesoriu esen\u021bial \u00een orice colec\u021bie de artizanat sau decor.<\/p>\n<p>Dimensiune : 48.3 x 76.2 cm<\/p>","protected":false},"excerpt":{"rendered":"<p>O solu\u021bie inteligent\u0103 \u0219i elegant\u0103 pentru urm\u0103toarea ta sarcin\u0103 de design &#8211; materialul decorativ &#8211; Distressed Deco. Creat pentru a v\u0103 inspira \u0219i sprijini procesul creativ cu calitate \u0219i stil. U\u0219or de utilizat, fiabil \u0219i potrivit pentru o gam\u0103 larg\u0103 de aplica\u021bii. Perfect\u0103 at\u00e2t pentru iubitorii de bricolaj, c\u00e2t \u0219i pentru creatorii profesioni\u0219ti. Un accesoriu [&hellip;]<\/p>","protected":false},"featured_media":4231,"comment_status":"open","ping_status":"closed","template":"","meta":{"_et_pb_use_builder":"","_et_pb_old_content":"","_et_gb_content_width":""},"product_cat":[77],"product_tag":[],"_links":{"self":[{"href":"https:\/\/redesignwithjulia.com\/ro\/wp-json\/wp\/v2\/product\/4230"}],"collection":[{"href":"https:\/\/redesignwithjulia.com\/ro\/wp-json\/wp\/v2\/product"}],"about":[{"href":"https:\/\/redesignwithjulia.com\/ro\/wp-json\/wp\/v2\/types\/product"}],"replies":[{"embeddable":true,"href":"https:\/\/redesignwithjulia.com\/ro\/wp-json\/wp\/v2\/comments?post=4230"}],"wp:featuredmedia":[{"embeddable":true,"href":"https:\/\/redesignwithjulia.com\/ro\/wp-json\/wp\/v2\/media\/4231"}],"wp:attachment":[{"href":"https:\/\/redesignwithjulia.com\/ro\/wp-json\/wp\/v2\/media?parent=4230"}],"wp:term":[{"taxonomy":"product_cat","embeddable":true,"href":"https:\/\/redesignwithjulia.com\/ro\/wp-json\/wp\/v2\/product_cat?post=4230"},{"taxonomy":"product_tag","embeddable":true,"href":"https:\/\/redesignwithjulia.com\/ro\/wp-json\/wp\/v2\/product_tag?post=4230"}],"curies":[{"name":"wp","href":"https:\/\/api.w.org\/{rel}","templated":true}]}}