{"id":4260,"date":"2025-09-05T09:00:27","date_gmt":"2025-09-05T07:00:27","guid":{"rendered":"https:\/\/redesignwithjulia.com\/?post_type=product&#038;p=4260"},"modified":"2025-09-05T09:30:31","modified_gmt":"2025-09-05T07:30:31","slug":"eternal-lotus-material-decorativ-mobila-redesign-with-prima-a1","status":"publish","type":"product","link":"https:\/\/redesignwithjulia.com\/ro\/produs\/eternal-lotus-material-decorativ-mobila-redesign-with-prima-a1\/","title":{"rendered":"Eternal Lotus \u2013 material decorativ mobil\u0103 \u2013 Redesign with Prima \u2013 A1"},"content":{"rendered":"<p>Experimenta\u021bi o nou\u0103 experien\u021b\u0103 cu materialul decoupage Redsign with Prima<\/p>\n<p>\u201eEternal Lotus\u201d prezint\u0103 un design pa\u0219nic \u0219i seren pentru materialul decoupage, creat \u00eentr-o combina\u021bie de culori neutre minunate, ad\u0103ug\u00e2nd un stil subtil, cu un design \u00een nuan\u021be delicate de auriu \u0219i turcoaz, urm\u0103toarei dvs. crea\u021bii.<\/p>\n<p>Un material de \u00eenalt\u0103 calitate, flexibil, u\u0219or de utilizat \u0219i durabil, noul nostru material\u00a0 decoupage v\u0103 va oferi cu siguran\u021b\u0103 rezultate \u0219i aplica\u021bii incredibile.<\/p>\n<p>Fabricat dintr-un material fibros de \u00eenalt\u0103 densitate,\u00a0 este conceput pentru a fi utilizat pe orice suprafa\u021b\u0103, de la mobilier la pere\u021bi, cu o suprafa\u021b\u0103 f\u0103r\u0103 cute care va oferi rezultate incredibile. Acest material rezistent la rupere, f\u0103r\u0103 cute \u0219i extrem de versatil este compatibil cu majoritatea mediilor pe baz\u0103 de ap\u0103 \u0219i se va integra complet \u00een suprafe\u021bele dvs. f\u0103r\u0103 a se cr\u0103pa sau deforma.<\/p>\n<p>&nbsp;<\/p>","protected":false},"excerpt":{"rendered":"<p>Experimenta\u021bi o nou\u0103 experien\u021b\u0103 cu materialul decoupage Redsign with Prima \u201eEternal Lotus\u201d prezint\u0103 un design pa\u0219nic \u0219i seren pentru materialul decoupage, creat \u00eentr-o combina\u021bie de culori neutre minunate, ad\u0103ug\u00e2nd un stil subtil, cu un design \u00een nuan\u021be delicate de auriu \u0219i turcoaz, urm\u0103toarei dvs. crea\u021bii. Un material de \u00eenalt\u0103 calitate, flexibil, u\u0219or de utilizat \u0219i [&hellip;]<\/p>","protected":false},"featured_media":4261,"comment_status":"open","ping_status":"closed","template":"","meta":{"_et_pb_use_builder":"","_et_pb_old_content":"","_et_gb_content_width":""},"product_cat":[66],"product_tag":[],"_links":{"self":[{"href":"https:\/\/redesignwithjulia.com\/ro\/wp-json\/wp\/v2\/product\/4260"}],"collection":[{"href":"https:\/\/redesignwithjulia.com\/ro\/wp-json\/wp\/v2\/product"}],"about":[{"href":"https:\/\/redesignwithjulia.com\/ro\/wp-json\/wp\/v2\/types\/product"}],"replies":[{"embeddable":true,"href":"https:\/\/redesignwithjulia.com\/ro\/wp-json\/wp\/v2\/comments?post=4260"}],"wp:featuredmedia":[{"embeddable":true,"href":"https:\/\/redesignwithjulia.com\/ro\/wp-json\/wp\/v2\/media\/4261"}],"wp:attachment":[{"href":"https:\/\/redesignwithjulia.com\/ro\/wp-json\/wp\/v2\/media?parent=4260"}],"wp:term":[{"taxonomy":"product_cat","embeddable":true,"href":"https:\/\/redesignwithjulia.com\/ro\/wp-json\/wp\/v2\/product_cat?post=4260"},{"taxonomy":"product_tag","embeddable":true,"href":"https:\/\/redesignwithjulia.com\/ro\/wp-json\/wp\/v2\/product_tag?post=4260"}],"curies":[{"name":"wp","href":"https:\/\/api.w.org\/{rel}","templated":true}]}}