{"id":4287,"date":"2025-10-02T21:20:11","date_gmt":"2025-10-02T19:20:11","guid":{"rendered":"https:\/\/redesignwithjulia.com\/?post_type=product&#038;p=4287"},"modified":"2025-10-02T21:23:25","modified_gmt":"2025-10-02T19:23:25","slug":"bunny-wonderland-material-decorativ-redesign-with-prima","status":"publish","type":"product","link":"https:\/\/redesignwithjulia.com\/ro\/produs\/bunny-wonderland-material-decorativ-redesign-with-prima\/","title":{"rendered":"Bunny Wonderland \u2013 material decorativ Redesign with Prima"},"content":{"rendered":"<p>Intra\u021bi \u00een atmosfera festiv\u0103 cu fibra pentru decoupage A3 \u201eBunny Wonderland\u201d!<\/p>\n<p>Aceste foi \u00eenc\u00e2nt\u0103toare prezint\u0103 scene fermec\u0103toare cu iepura\u0219i care se zbenguiesc \u00een z\u0103pad\u0103, \u00eembr\u0103ca\u021bi \u00een cele mai frumoase haine de s\u0103rb\u0103toare. Cu detalii capricioase \u0219i tonuri moi, de iarn\u0103, aceste modele adaug\u0103 o not\u0103 juc\u0103u\u0219\u0103 \u0219i cald\u0103 decorului dvs. de s\u0103rb\u0103tori.<\/p>\n<p>Ad\u0103uga\u021bi o not\u0103 de farmec vesel decorului dvs. cu aceste foi de dimensiuni A3, 29,7 x 42 cm fiecare. Realizate cu precizie \u0219i aten\u021bie la detalii, fibrele decoupage sunt concepute pentru a fi u\u0219or de aplicat \u0219i pentru a se integra perfect \u00een proiectele dvs. Combina\u021bi-le cu matri\u021bele noastre Nutcracker pentru un mix magic de s\u0103rb\u0103tori!<\/p>","protected":false},"excerpt":{"rendered":"<p>Intra\u021bi \u00een atmosfera festiv\u0103 cu fibra pentru decoupage A3 \u201eBunny Wonderland\u201d! Aceste foi \u00eenc\u00e2nt\u0103toare prezint\u0103 scene fermec\u0103toare cu iepura\u0219i care se zbenguiesc \u00een z\u0103pad\u0103, \u00eembr\u0103ca\u021bi \u00een cele mai frumoase haine de s\u0103rb\u0103toare. Cu detalii capricioase \u0219i tonuri moi, de iarn\u0103, aceste modele adaug\u0103 o not\u0103 juc\u0103u\u0219\u0103 \u0219i cald\u0103 decorului dvs. de s\u0103rb\u0103tori. Ad\u0103uga\u021bi o not\u0103 [&hellip;]<\/p>","protected":false},"featured_media":4288,"comment_status":"open","ping_status":"closed","template":"","meta":{"_et_pb_use_builder":"","_et_pb_old_content":"","_et_gb_content_width":""},"product_cat":[77,67],"product_tag":[],"_links":{"self":[{"href":"https:\/\/redesignwithjulia.com\/ro\/wp-json\/wp\/v2\/product\/4287"}],"collection":[{"href":"https:\/\/redesignwithjulia.com\/ro\/wp-json\/wp\/v2\/product"}],"about":[{"href":"https:\/\/redesignwithjulia.com\/ro\/wp-json\/wp\/v2\/types\/product"}],"replies":[{"embeddable":true,"href":"https:\/\/redesignwithjulia.com\/ro\/wp-json\/wp\/v2\/comments?post=4287"}],"wp:featuredmedia":[{"embeddable":true,"href":"https:\/\/redesignwithjulia.com\/ro\/wp-json\/wp\/v2\/media\/4288"}],"wp:attachment":[{"href":"https:\/\/redesignwithjulia.com\/ro\/wp-json\/wp\/v2\/media?parent=4287"}],"wp:term":[{"taxonomy":"product_cat","embeddable":true,"href":"https:\/\/redesignwithjulia.com\/ro\/wp-json\/wp\/v2\/product_cat?post=4287"},{"taxonomy":"product_tag","embeddable":true,"href":"https:\/\/redesignwithjulia.com\/ro\/wp-json\/wp\/v2\/product_tag?post=4287"}],"curies":[{"name":"wp","href":"https:\/\/api.w.org\/{rel}","templated":true}]}}