{"id":4293,"date":"2025-10-08T13:25:53","date_gmt":"2025-10-08T11:25:53","guid":{"rendered":"https:\/\/redesignwithjulia.com\/?post_type=product&#038;p=4293"},"modified":"2025-10-08T13:33:00","modified_gmt":"2025-10-08T11:33:00","slug":"aviary-elgance-transfer-decorativ-redesign-with-prima","status":"publish","type":"product","link":"https:\/\/redesignwithjulia.com\/ro\/produs\/aviary-elgance-transfer-decorativ-redesign-with-prima\/","title":{"rendered":"Aviary Elegance \u2013 Transfer Decorativ \u2013 Redesign with Prima"},"content":{"rendered":"<p>P\u0103s\u0103ri vioaie \u00een zbor, flori \u00eenflorite \u0219i verdea\u021b\u0103 proasp\u0103t\u0103 se \u00eembin\u0103 \u00een transferul decorativ Aviary Elegance , un transfer vibrant, plin de mi\u0219care \u0219i farmec.<\/p>\n<p>Fiecare element pare pictat manual, cu nuan\u021be delicate de albastru, alb cremos \u0219i maro natural, care confer\u0103 profunzime comodei, dulapurilor \u0219i decorurilor de perete.<\/p>\n<p>MOD DE UTILIZARE: Alege\u021bi o suprafa\u021b\u0103 (lemn, metal, sticl\u0103 \u2013 da\u021bi fr\u00e2u liber imagina\u021biei!), \u00eendep\u0103rta\u021bi folia de protec\u021bie, ap\u0103sa\u021bi transferul \u00een locul dorit \u0219i freca\u021bi-l. Odat\u0103 ce ridica\u021bi folia, ve\u021bi ob\u021bine un aspect perfect, pictat manual, f\u0103r\u0103 a fi nevoie s\u0103 folosi\u021bi pensula. Este ca o magie, dar mai bine!<\/p>\n<p>Dimensiune: 60,96 x 76,2 cm (t\u0103iat \u00een 4 foi)<\/p>","protected":false},"excerpt":{"rendered":"<p>P\u0103s\u0103ri vioaie \u00een zbor, flori \u00eenflorite \u0219i verdea\u021b\u0103 proasp\u0103t\u0103 se \u00eembin\u0103 \u00een transferul decorativ Aviary Elegance , un transfer vibrant, plin de mi\u0219care \u0219i farmec. Fiecare element pare pictat manual, cu nuan\u021be delicate de albastru, alb cremos \u0219i maro natural, care confer\u0103 profunzime comodei, dulapurilor \u0219i decorurilor de perete. MOD DE UTILIZARE: Alege\u021bi o suprafa\u021b\u0103 [&hellip;]<\/p>","protected":false},"featured_media":4294,"comment_status":"open","ping_status":"closed","template":"","meta":{"_et_pb_use_builder":"","_et_pb_old_content":"","_et_gb_content_width":""},"product_cat":[79],"product_tag":[],"_links":{"self":[{"href":"https:\/\/redesignwithjulia.com\/ro\/wp-json\/wp\/v2\/product\/4293"}],"collection":[{"href":"https:\/\/redesignwithjulia.com\/ro\/wp-json\/wp\/v2\/product"}],"about":[{"href":"https:\/\/redesignwithjulia.com\/ro\/wp-json\/wp\/v2\/types\/product"}],"replies":[{"embeddable":true,"href":"https:\/\/redesignwithjulia.com\/ro\/wp-json\/wp\/v2\/comments?post=4293"}],"wp:featuredmedia":[{"embeddable":true,"href":"https:\/\/redesignwithjulia.com\/ro\/wp-json\/wp\/v2\/media\/4294"}],"wp:attachment":[{"href":"https:\/\/redesignwithjulia.com\/ro\/wp-json\/wp\/v2\/media?parent=4293"}],"wp:term":[{"taxonomy":"product_cat","embeddable":true,"href":"https:\/\/redesignwithjulia.com\/ro\/wp-json\/wp\/v2\/product_cat?post=4293"},{"taxonomy":"product_tag","embeddable":true,"href":"https:\/\/redesignwithjulia.com\/ro\/wp-json\/wp\/v2\/product_tag?post=4293"}],"curies":[{"name":"wp","href":"https:\/\/api.w.org\/{rel}","templated":true}]}}