{"id":4299,"date":"2025-10-08T13:43:08","date_gmt":"2025-10-08T11:43:08","guid":{"rendered":"https:\/\/redesignwithjulia.com\/?post_type=product&#038;p=4299"},"modified":"2025-10-08T13:47:53","modified_gmt":"2025-10-08T11:47:53","slug":"rococo-transfer-decorativ-auriu-hokus-pokus-gold-foil","status":"publish","type":"product","link":"https:\/\/redesignwithjulia.com\/ro\/produs\/rococo-transfer-decorativ-auriu-hokus-pokus-gold-foil\/","title":{"rendered":"Rococo \u2013 Transfer Decorativ Auriu Hokus Pokus &#8211; Gold Foil"},"content":{"rendered":"<p>\u00cencerca\u021bi noile noastre folii decorative foarte detaliate, care pot fi utilizate \u00een majoritatea proiectelor de artizanat, cum ar fi: vaze, t\u0103vi, sfe\u0219nice, oglinzi sau orice suprafa\u021b\u0103 neted\u0103 \u0219i dur\u0103. Foliile pot fi t\u0103iate \u00een buc\u0103\u021bi separate pentru a crea propriul dvs. design.<\/p>\n<p>Aplicare: Folia decorativ\u0103 este u\u0219or de aplicat, f\u0103r\u0103 a fi nevoie de ap\u0103. Folosi\u021bi u\u0219or degetele sau instrumentul de artizanat inclus \u0219i aplica\u021bi conform instruc\u021biunilor noastre.<\/p>\n<p>V\u0103 rug\u0103m s\u0103 nu ap\u0103sa\u021bi prea tare, deoarece aceste folii sunt sensibile.<\/p>\n<p>Dimensiunea produsului: 30 cm x 30 cm (11,8\u2033 x 11,8\u2033)<\/p>\n<p>2 foi per pachet<\/p>","protected":false},"excerpt":{"rendered":"<p>\u00cencerca\u021bi noile noastre folii decorative foarte detaliate, care pot fi utilizate \u00een majoritatea proiectelor de artizanat, cum ar fi: vaze, t\u0103vi, sfe\u0219nice, oglinzi sau orice suprafa\u021b\u0103 neted\u0103 \u0219i dur\u0103. Foliile pot fi t\u0103iate \u00een buc\u0103\u021bi separate pentru a crea propriul dvs. design. Aplicare: Folia decorativ\u0103 este u\u0219or de aplicat, f\u0103r\u0103 a fi nevoie de ap\u0103. [&hellip;]<\/p>","protected":false},"featured_media":4300,"comment_status":"open","ping_status":"closed","template":"","meta":{"_et_pb_use_builder":"","_et_pb_old_content":"","_et_gb_content_width":""},"product_cat":[54],"product_tag":[],"_links":{"self":[{"href":"https:\/\/redesignwithjulia.com\/ro\/wp-json\/wp\/v2\/product\/4299"}],"collection":[{"href":"https:\/\/redesignwithjulia.com\/ro\/wp-json\/wp\/v2\/product"}],"about":[{"href":"https:\/\/redesignwithjulia.com\/ro\/wp-json\/wp\/v2\/types\/product"}],"replies":[{"embeddable":true,"href":"https:\/\/redesignwithjulia.com\/ro\/wp-json\/wp\/v2\/comments?post=4299"}],"wp:featuredmedia":[{"embeddable":true,"href":"https:\/\/redesignwithjulia.com\/ro\/wp-json\/wp\/v2\/media\/4300"}],"wp:attachment":[{"href":"https:\/\/redesignwithjulia.com\/ro\/wp-json\/wp\/v2\/media?parent=4299"}],"wp:term":[{"taxonomy":"product_cat","embeddable":true,"href":"https:\/\/redesignwithjulia.com\/ro\/wp-json\/wp\/v2\/product_cat?post=4299"},{"taxonomy":"product_tag","embeddable":true,"href":"https:\/\/redesignwithjulia.com\/ro\/wp-json\/wp\/v2\/product_tag?post=4299"}],"curies":[{"name":"wp","href":"https:\/\/api.w.org\/{rel}","templated":true}]}}