{"id":4301,"date":"2025-10-08T13:57:49","date_gmt":"2025-10-08T11:57:49","guid":{"rendered":"https:\/\/redesignwithjulia.com\/?post_type=product&#038;p=4301"},"modified":"2025-10-08T13:59:04","modified_gmt":"2025-10-08T11:59:04","slug":"my-honey-transfer-decorativ-mediu-redesign-with-prima","status":"publish","type":"product","link":"https:\/\/redesignwithjulia.com\/ro\/produs\/my-honey-transfer-decorativ-mediu-redesign-with-prima\/","title":{"rendered":"My Honey &#8211; Transfer Decorativ Mediu Redesign with Prima"},"content":{"rendered":"<p>Plin\u0103 de nuan\u021be galbene de l\u0103m\u00e2ie \u0219i portocalii \u00eenc\u00e2nt\u0103toare, \u201eMy Honey\u201d este o combina\u021bie superb\u0103 de transferuri florale care v\u0103 vor \u00eenveseli ziua \u0219i proiectele!<\/p>","protected":false},"excerpt":{"rendered":"<p>Plin\u0103 de nuan\u021be galbene de l\u0103m\u00e2ie \u0219i portocalii \u00eenc\u00e2nt\u0103toare, \u201eMy Honey\u201d este o combina\u021bie superb\u0103 de transferuri florale care v\u0103 vor \u00eenveseli ziua \u0219i proiectele!<\/p>","protected":false},"featured_media":4302,"comment_status":"open","ping_status":"closed","template":"","meta":{"_et_pb_use_builder":"","_et_pb_old_content":"","_et_gb_content_width":""},"product_cat":[79,68,25],"product_tag":[],"_links":{"self":[{"href":"https:\/\/redesignwithjulia.com\/ro\/wp-json\/wp\/v2\/product\/4301"}],"collection":[{"href":"https:\/\/redesignwithjulia.com\/ro\/wp-json\/wp\/v2\/product"}],"about":[{"href":"https:\/\/redesignwithjulia.com\/ro\/wp-json\/wp\/v2\/types\/product"}],"replies":[{"embeddable":true,"href":"https:\/\/redesignwithjulia.com\/ro\/wp-json\/wp\/v2\/comments?post=4301"}],"wp:featuredmedia":[{"embeddable":true,"href":"https:\/\/redesignwithjulia.com\/ro\/wp-json\/wp\/v2\/media\/4302"}],"wp:attachment":[{"href":"https:\/\/redesignwithjulia.com\/ro\/wp-json\/wp\/v2\/media?parent=4301"}],"wp:term":[{"taxonomy":"product_cat","embeddable":true,"href":"https:\/\/redesignwithjulia.com\/ro\/wp-json\/wp\/v2\/product_cat?post=4301"},{"taxonomy":"product_tag","embeddable":true,"href":"https:\/\/redesignwithjulia.com\/ro\/wp-json\/wp\/v2\/product_tag?post=4301"}],"curies":[{"name":"wp","href":"https:\/\/api.w.org\/{rel}","templated":true}]}}