{"id":4304,"date":"2025-10-08T14:08:55","date_gmt":"2025-10-08T12:08:55","guid":{"rendered":"https:\/\/redesignwithjulia.com\/?post_type=product&#038;p=4304"},"modified":"2025-10-09T09:31:38","modified_gmt":"2025-10-09T07:31:38","slug":"nutcracker-christmas-transfer-decorativ-mini-redesign-with-prima","status":"publish","type":"product","link":"https:\/\/redesignwithjulia.com\/ro\/produs\/nutcracker-christmas-transfer-decorativ-mini-redesign-with-prima\/","title":{"rendered":"Nutcracker Christmas &#8211; Transfer Decorativ Mini Redesign with Prima"},"content":{"rendered":"<p>Aduce\u021bi lumea fermec\u0103toare a baletului Sp\u0103rg\u0103torul de nuci \u00een proiectele dvs. de s\u0103rb\u0103tori cu minitransferul \u201eNutcracker Christmas\u201d .<\/p>\n<p>Acest set con\u021bine trei foi diferite, de 15,25 x 30,5 cm, cu imagini frumos detaliate ale Sp\u0103rg\u0103torului de nuci, Z\u00e2nei Zah\u0103rului, Regelui \u0218oarecilor, Regelui \u0218obolanilor \u0219i multe altele.<\/p>\n<p>Perfect pentru transformarea cutiilor cadou, a mobilierului \u0219i a altor obiecte decorative \u00een piese magice care surprind spiritul \u00eendr\u0103gitului balet. L\u0103sa\u021bi aceste modele capricioase \u0219i festive s\u0103 adauge un plus de elegan\u021b\u0103 teatral\u0103 \u0219i magie de s\u0103rb\u0103toare \u00een casa dumneavoastr\u0103.<\/p>\n<p>Realizat cu o aten\u021bie meticuloas\u0103 la detalii, acest transfer este u\u0219or de aplicat, necesit\u00e2nd doar o suprafa\u021b\u0103 preg\u0103tit\u0103 \u0219i o frecare u\u0219oar\u0103 pentru a transfera modelul.<\/p>\n<p>Pur \u0219i simplu \u00eendep\u0103rta\u021bi h\u00e2rtia de protec\u021bie, a\u0219eza\u021bi transferul pe suprafa\u021ba dorit\u0103 \u0219i freca\u021bi-l cu instrumentul inclus pentru a transfera modelul. Transferul poate fi t\u0103iat \u0219i rearanjat pentru a se potrivi nevoilor dvs. specifice, f\u0103c\u00e2ndu-l o alegere versatil\u0103 \u0219i personalizabil\u0103 pentru toate proiectele dvs. de decor.<\/p>","protected":false},"excerpt":{"rendered":"<p>Aduce\u021bi lumea fermec\u0103toare a baletului Sp\u0103rg\u0103torul de nuci \u00een proiectele dvs. de s\u0103rb\u0103tori cu minitransferul \u201eNutcracker Christmas\u201d . Acest set con\u021bine trei foi diferite, de 15,25 x 30,5 cm, cu imagini frumos detaliate ale Sp\u0103rg\u0103torului de nuci, Z\u00e2nei Zah\u0103rului, Regelui \u0218oarecilor, Regelui \u0218obolanilor \u0219i multe altele. Perfect pentru transformarea cutiilor cadou, a mobilierului \u0219i a [&hellip;]<\/p>","protected":false},"featured_media":4305,"comment_status":"open","ping_status":"closed","template":"","meta":{"_et_pb_use_builder":"","_et_pb_old_content":"","_et_gb_content_width":""},"product_cat":[79,75],"product_tag":[],"_links":{"self":[{"href":"https:\/\/redesignwithjulia.com\/ro\/wp-json\/wp\/v2\/product\/4304"}],"collection":[{"href":"https:\/\/redesignwithjulia.com\/ro\/wp-json\/wp\/v2\/product"}],"about":[{"href":"https:\/\/redesignwithjulia.com\/ro\/wp-json\/wp\/v2\/types\/product"}],"replies":[{"embeddable":true,"href":"https:\/\/redesignwithjulia.com\/ro\/wp-json\/wp\/v2\/comments?post=4304"}],"wp:featuredmedia":[{"embeddable":true,"href":"https:\/\/redesignwithjulia.com\/ro\/wp-json\/wp\/v2\/media\/4305"}],"wp:attachment":[{"href":"https:\/\/redesignwithjulia.com\/ro\/wp-json\/wp\/v2\/media?parent=4304"}],"wp:term":[{"taxonomy":"product_cat","embeddable":true,"href":"https:\/\/redesignwithjulia.com\/ro\/wp-json\/wp\/v2\/product_cat?post=4304"},{"taxonomy":"product_tag","embeddable":true,"href":"https:\/\/redesignwithjulia.com\/ro\/wp-json\/wp\/v2\/product_tag?post=4304"}],"curies":[{"name":"wp","href":"https:\/\/api.w.org\/{rel}","templated":true}]}}