{"id":4313,"date":"2025-10-08T14:26:20","date_gmt":"2025-10-08T12:26:20","guid":{"rendered":"https:\/\/redesignwithjulia.com\/?post_type=product&#038;p=4313"},"modified":"2025-10-09T09:31:07","modified_gmt":"2025-10-09T07:31:07","slug":"friendly-koala-transfer-decorativ-mini-redesign-with-prima","status":"publish","type":"product","link":"https:\/\/redesignwithjulia.com\/ro\/produs\/friendly-koala-transfer-decorativ-mini-redesign-with-prima\/","title":{"rendered":"Friendly Koala &#8211; Transfer Decorativ Mini Redesign with Prima"},"content":{"rendered":"<p>Un koala prietenos v\u0103 a\u0219teapt\u0103 s\u0103 fie urm\u0103toarea achizi\u021bie pentru proiectele dvs. de decor! Dr\u0103gu\u021bi \u0219i bl\u00e2nzi, ace\u0219ti koala sunt un plus distractiv pentru toate ideile dvs. de decorare. Amprent\u0103 mai mic\u0103, impact uria\u0219! Transferurile noastre de 15 x 30 cm ofer\u0103 aceea\u0219i calitate \u00eenalt\u0103 ca transferurile noastre standard, av\u00e2nd o dimensiune mai mic\u0103, perfect\u0103 pentru proiecte detaliate, piese mai mici \u0219i multe altele! Pur \u0219i simplu dezlipi\u021bi, freca\u021bi \u0219i transfera\u021bi un design frumos detaliat pentru a transforma urm\u0103toarea dvs. pies\u0103 \u00eentr-o oper\u0103 de art\u0103.<\/p>\n<p>3 foi, dimensiune: 15,25 x 30,5 cm<\/p>","protected":false},"excerpt":{"rendered":"<p>Un koala prietenos v\u0103 a\u0219teapt\u0103 s\u0103 fie urm\u0103toarea achizi\u021bie pentru proiectele dvs. de decor! Dr\u0103gu\u021bi \u0219i bl\u00e2nzi, ace\u0219ti koala sunt un plus distractiv pentru toate ideile dvs. de decorare. Amprent\u0103 mai mic\u0103, impact uria\u0219! Transferurile noastre de 15 x 30 cm ofer\u0103 aceea\u0219i calitate \u00eenalt\u0103 ca transferurile noastre standard, av\u00e2nd o dimensiune mai mic\u0103, perfect\u0103 [&hellip;]<\/p>","protected":false},"featured_media":4314,"comment_status":"open","ping_status":"closed","template":"","meta":{"_et_pb_use_builder":"","_et_pb_old_content":"","_et_gb_content_width":""},"product_cat":[79,75],"product_tag":[],"_links":{"self":[{"href":"https:\/\/redesignwithjulia.com\/ro\/wp-json\/wp\/v2\/product\/4313"}],"collection":[{"href":"https:\/\/redesignwithjulia.com\/ro\/wp-json\/wp\/v2\/product"}],"about":[{"href":"https:\/\/redesignwithjulia.com\/ro\/wp-json\/wp\/v2\/types\/product"}],"replies":[{"embeddable":true,"href":"https:\/\/redesignwithjulia.com\/ro\/wp-json\/wp\/v2\/comments?post=4313"}],"wp:featuredmedia":[{"embeddable":true,"href":"https:\/\/redesignwithjulia.com\/ro\/wp-json\/wp\/v2\/media\/4314"}],"wp:attachment":[{"href":"https:\/\/redesignwithjulia.com\/ro\/wp-json\/wp\/v2\/media?parent=4313"}],"wp:term":[{"taxonomy":"product_cat","embeddable":true,"href":"https:\/\/redesignwithjulia.com\/ro\/wp-json\/wp\/v2\/product_cat?post=4313"},{"taxonomy":"product_tag","embeddable":true,"href":"https:\/\/redesignwithjulia.com\/ro\/wp-json\/wp\/v2\/product_tag?post=4313"}],"curies":[{"name":"wp","href":"https:\/\/api.w.org\/{rel}","templated":true}]}}