{"id":4319,"date":"2025-10-08T14:37:10","date_gmt":"2025-10-08T12:37:10","guid":{"rendered":"https:\/\/redesignwithjulia.com\/?post_type=product&#038;p=4319"},"modified":"2025-10-09T08:27:34","modified_gmt":"2025-10-09T06:27:34","slug":"panda-sweet-transfer-decorativ-mini-redesign-with-prima","status":"publish","type":"product","link":"https:\/\/redesignwithjulia.com\/ro\/produs\/panda-sweet-transfer-decorativ-mini-redesign-with-prima\/","title":{"rendered":"Panda Sweet &#8211; Transfer Decorativ Mini Redesign with Prima"},"content":{"rendered":"<p>Un panda dr\u0103gu\u021b \u00eempodobe\u0219te acest transfer decorativ iar fa\u021ba lui fericit\u0103 poate \u00eempodobi piesele tale! Prezint\u0103 o varietate de plante de bambus \u0219i multe altele! Amprent\u0103 mai mic\u0103, impact uria\u0219! Transferul ofer\u0103 aceea\u0219i calitate \u00eenalt\u0103 ca transferurile noastre standard, cu o dimensiune mai mic\u0103, perfect\u0103 pentru proiecte detaliate, piese mai mici \u0219i multe altele! Pur \u0219i simplu dezlipe\u0219te, freac\u0103 \u0219i transfer\u0103 un design frumos detaliat pentru a transforma urm\u0103toarea ta pies\u0103 \u00eentr-o oper\u0103 de art\u0103.<\/p>\n<p>Dimensiunea celor 3 foi: 15,25 x 30,5 cm<\/p>","protected":false},"excerpt":{"rendered":"<p>Un panda dr\u0103gu\u021b \u00eempodobe\u0219te acest transfer decorativ iar fa\u021ba lui fericit\u0103 poate \u00eempodobi piesele tale! Prezint\u0103 o varietate de plante de bambus \u0219i multe altele! Amprent\u0103 mai mic\u0103, impact uria\u0219! Transferul ofer\u0103 aceea\u0219i calitate \u00eenalt\u0103 ca transferurile noastre standard, cu o dimensiune mai mic\u0103, perfect\u0103 pentru proiecte detaliate, piese mai mici \u0219i multe altele! Pur [&hellip;]<\/p>","protected":false},"featured_media":4321,"comment_status":"open","ping_status":"closed","template":"","meta":{"_et_pb_use_builder":"","_et_pb_old_content":"","_et_gb_content_width":""},"product_cat":[79,75],"product_tag":[],"_links":{"self":[{"href":"https:\/\/redesignwithjulia.com\/ro\/wp-json\/wp\/v2\/product\/4319"}],"collection":[{"href":"https:\/\/redesignwithjulia.com\/ro\/wp-json\/wp\/v2\/product"}],"about":[{"href":"https:\/\/redesignwithjulia.com\/ro\/wp-json\/wp\/v2\/types\/product"}],"replies":[{"embeddable":true,"href":"https:\/\/redesignwithjulia.com\/ro\/wp-json\/wp\/v2\/comments?post=4319"}],"wp:featuredmedia":[{"embeddable":true,"href":"https:\/\/redesignwithjulia.com\/ro\/wp-json\/wp\/v2\/media\/4321"}],"wp:attachment":[{"href":"https:\/\/redesignwithjulia.com\/ro\/wp-json\/wp\/v2\/media?parent=4319"}],"wp:term":[{"taxonomy":"product_cat","embeddable":true,"href":"https:\/\/redesignwithjulia.com\/ro\/wp-json\/wp\/v2\/product_cat?post=4319"},{"taxonomy":"product_tag","embeddable":true,"href":"https:\/\/redesignwithjulia.com\/ro\/wp-json\/wp\/v2\/product_tag?post=4319"}],"curies":[{"name":"wp","href":"https:\/\/api.w.org\/{rel}","templated":true}]}}