{"id":4341,"date":"2025-10-17T18:13:41","date_gmt":"2025-10-17T16:13:41","guid":{"rendered":"https:\/\/redesignwithjulia.com\/?post_type=product&#038;p=4341"},"modified":"2025-10-21T21:59:28","modified_gmt":"2025-10-21T19:59:28","slug":"the-blue-house-material-decorativ-mobila-redesign-with-prima-a1","status":"publish","type":"product","link":"https:\/\/redesignwithjulia.com\/ro\/produs\/the-blue-house-material-decorativ-mobila-redesign-with-prima-a1\/","title":{"rendered":"The Blue House  \u2013 material decorativ mobil\u0103 Redesign with Prima \u2013 A1"},"content":{"rendered":"<p>1 foaie, dimensiune A1 &#8211;<\/p>\n<p>Materialul decoupage A1 de la Redesign with Prima este absolut \u00eenc\u00e2nt\u0103tor! Cu nuan\u021bele sale delicate de roz, verde \u0219i designul eteric, aceast\u0103 h\u00e2rtie pentru decoupage va ad\u0103uga o not\u0103 de frumuse\u021be delicat\u0103 proiectelor dvs. Bucura\u021bi-v\u0103 de calit\u0103\u021bile de vis \u0219i fermec\u0103toare ale acestui materiali \u00een timp ce v\u0103 aduce\u021bi la via\u021b\u0103 viziunile creative! Materialul este creat printr-un proces de imprimare unic rezistent, permi\u021b\u00e2ndu-v\u0103 s\u0103 crea\u021bi piese de decor unice \u0219i personalizate. Un material de \u00eenalt\u0103 calitate, construit pe flexibilitate, u\u0219urin\u021b\u0103 \u00een utilizare \u0219i durabilitate, noua noastr\u0103 fibr\u0103 pentru decoupage v\u0103 va oferi cu siguran\u021b\u0103 rezultate \u0219i aplica\u021bii incredibile. Fabricat dintr-un material fibros de \u00eenalt\u0103 densitate este conceput pentru a fi utilizat pe orice suprafa\u021b\u0103, de la mobilier la pere\u021bi, cu o suprafa\u021b\u0103 f\u0103r\u0103 cute care va oferi rezultate incredibile. Acest material rezistent la rupere, f\u0103r\u0103 cute \u0219i extrem de versatil este compatibil cu majoritatea mediilor pe baz\u0103 de ap\u0103 \u0219i se va integra complet \u00een suprafe\u021bele dvs. f\u0103r\u0103 a se cr\u0103pa sau deforma. Combina\u021bi-l cu gelul nostru Decoupage Gel \u00een variantele mat\u0103 sau lucioas\u0103 pentru rezultate optime.<\/p>\n<p>&nbsp;<\/p>","protected":false},"excerpt":{"rendered":"<p>1 foaie, dimensiune A1 &#8211; Materialul decoupage A1 de la Redesign with Prima este absolut \u00eenc\u00e2nt\u0103tor! Cu nuan\u021bele sale delicate de roz, verde \u0219i designul eteric, aceast\u0103 h\u00e2rtie pentru decoupage va ad\u0103uga o not\u0103 de frumuse\u021be delicat\u0103 proiectelor dvs. Bucura\u021bi-v\u0103 de calit\u0103\u021bile de vis \u0219i fermec\u0103toare ale acestui materiali \u00een timp ce v\u0103 aduce\u021bi la [&hellip;]<\/p>","protected":false},"featured_media":4342,"comment_status":"open","ping_status":"closed","template":"","meta":{"_et_pb_use_builder":"","_et_pb_old_content":"","_et_gb_content_width":""},"product_cat":[77,66],"product_tag":[],"_links":{"self":[{"href":"https:\/\/redesignwithjulia.com\/ro\/wp-json\/wp\/v2\/product\/4341"}],"collection":[{"href":"https:\/\/redesignwithjulia.com\/ro\/wp-json\/wp\/v2\/product"}],"about":[{"href":"https:\/\/redesignwithjulia.com\/ro\/wp-json\/wp\/v2\/types\/product"}],"replies":[{"embeddable":true,"href":"https:\/\/redesignwithjulia.com\/ro\/wp-json\/wp\/v2\/comments?post=4341"}],"wp:featuredmedia":[{"embeddable":true,"href":"https:\/\/redesignwithjulia.com\/ro\/wp-json\/wp\/v2\/media\/4342"}],"wp:attachment":[{"href":"https:\/\/redesignwithjulia.com\/ro\/wp-json\/wp\/v2\/media?parent=4341"}],"wp:term":[{"taxonomy":"product_cat","embeddable":true,"href":"https:\/\/redesignwithjulia.com\/ro\/wp-json\/wp\/v2\/product_cat?post=4341"},{"taxonomy":"product_tag","embeddable":true,"href":"https:\/\/redesignwithjulia.com\/ro\/wp-json\/wp\/v2\/product_tag?post=4341"}],"curies":[{"name":"wp","href":"https:\/\/api.w.org\/{rel}","templated":true}]}}