{"id":4360,"date":"2025-10-22T18:56:17","date_gmt":"2025-10-22T16:56:17","guid":{"rendered":"https:\/\/redesignwithjulia.com\/?post_type=product&#038;p=4360"},"modified":"2025-11-11T14:39:44","modified_gmt":"2025-11-11T12:39:44","slug":"rosette-aviary-transfer-decorativ-mobila","status":"publish","type":"product","link":"https:\/\/redesignwithjulia.com\/ro\/produs\/rosette-aviary-transfer-decorativ-mobila\/","title":{"rendered":"Rosette Aviary \u2013 Transfer  decorativ mobil\u0103"},"content":{"rendered":"<p>Aduce\u021bi elegan\u021b\u0103 atemporal\u0103 proiectelor dvs. cu \u201eRosette Aviary\u201d.<\/p>\n<p>Acest transfer uimitor prezint\u0103 ramuri delicate, rozete \u00eenflorite \u0219i p\u0103s\u0103ri c\u00e2nt\u0103toare a\u0219ezate pe ramuri, \u00een tonuri calde de sezon. Perfect pentru accentele de mobilier de s\u0103rb\u0103tori, decorul pere\u021bilor \u0219i tehnici mixte creative, transform\u0103 orice suprafa\u021b\u0103 \u00eentr-o oper\u0103 de art\u0103 festiv\u0103.<\/p>\n<p>MOD DE UTILIZARE:<\/p>\n<p>Cu acest transfer, transformarea proiectului dvs. este foarte u\u0219oar\u0103. Alege\u021bi suprafa\u021ba preferat\u0103, fie c\u0103 este vorba de un dulap vechi uitat, un perete simplu sau un obiect decorativ uzat. Desprinde\u021bi, a\u0219eza\u021bi \u0219i freca\u021bi transferul cu instrumentul inclus \u0219i observa\u021bi cum piesa dvs. se transform\u0103 din obi\u0219nuit\u0103 \u00een extraordinar\u0103.<\/p>\n<p>Dimensiune: 60,96 x 88,9 cm (t\u0103iat \u00een 4 foi)<\/p>\n<p>&nbsp;<\/p>","protected":false},"excerpt":{"rendered":"<p>Aduce\u021bi elegan\u021b\u0103 atemporal\u0103 proiectelor dvs. cu \u201eRosette Aviary\u201d. Acest transfer uimitor prezint\u0103 ramuri delicate, rozete \u00eenflorite \u0219i p\u0103s\u0103ri c\u00e2nt\u0103toare a\u0219ezate pe ramuri, \u00een tonuri calde de sezon. Perfect pentru accentele de mobilier de s\u0103rb\u0103tori, decorul pere\u021bilor \u0219i tehnici mixte creative, transform\u0103 orice suprafa\u021b\u0103 \u00eentr-o oper\u0103 de art\u0103 festiv\u0103. MOD DE UTILIZARE: Cu acest transfer, transformarea [&hellip;]<\/p>","protected":false},"featured_media":4361,"comment_status":"open","ping_status":"closed","template":"","meta":{"_et_pb_use_builder":"","_et_pb_old_content":"","_et_gb_content_width":""},"product_cat":[84,79],"product_tag":[],"_links":{"self":[{"href":"https:\/\/redesignwithjulia.com\/ro\/wp-json\/wp\/v2\/product\/4360"}],"collection":[{"href":"https:\/\/redesignwithjulia.com\/ro\/wp-json\/wp\/v2\/product"}],"about":[{"href":"https:\/\/redesignwithjulia.com\/ro\/wp-json\/wp\/v2\/types\/product"}],"replies":[{"embeddable":true,"href":"https:\/\/redesignwithjulia.com\/ro\/wp-json\/wp\/v2\/comments?post=4360"}],"wp:featuredmedia":[{"embeddable":true,"href":"https:\/\/redesignwithjulia.com\/ro\/wp-json\/wp\/v2\/media\/4361"}],"wp:attachment":[{"href":"https:\/\/redesignwithjulia.com\/ro\/wp-json\/wp\/v2\/media?parent=4360"}],"wp:term":[{"taxonomy":"product_cat","embeddable":true,"href":"https:\/\/redesignwithjulia.com\/ro\/wp-json\/wp\/v2\/product_cat?post=4360"},{"taxonomy":"product_tag","embeddable":true,"href":"https:\/\/redesignwithjulia.com\/ro\/wp-json\/wp\/v2\/product_tag?post=4360"}],"curies":[{"name":"wp","href":"https:\/\/api.w.org\/{rel}","templated":true}]}}