{"id":4369,"date":"2025-10-22T19:51:13","date_gmt":"2025-10-22T17:51:13","guid":{"rendered":"https:\/\/redesignwithjulia.com\/?post_type=product&#038;p=4369"},"modified":"2025-11-19T22:18:39","modified_gmt":"2025-11-19T20:18:39","slug":"the-rosy-nest-transfer-decorativ-mediu-redesign-with-prima","status":"publish","type":"product","link":"https:\/\/redesignwithjulia.com\/ro\/produs\/the-rosy-nest-transfer-decorativ-mediu-redesign-with-prima\/","title":{"rendered":"The Rosy Nest \u2013 Transfer Decorativ Mediu Redesign with Prima"},"content":{"rendered":"<p>Ad\u0103uga\u021bi un plus de farmec confortabil cu The Rosy Nest. Aceste transferuri Middy frumos dimensionate prezint\u0103 buchete de trandafiri \u0219i frunze de iarn\u0103, concepute pentru a se potrivi proiectelor mai mici, cum ar fi t\u0103vi, ornamente, semne \u0219i multe altele. U\u0219or de aplicat \u0219i versatile, acestea aduc instantaneu spiritul s\u0103rb\u0103torilor \u00een crea\u021biile dvs.<\/p>\n<p>MOD DE UTILIZARE:<\/p>\n<p>Cu acest transfer, transformarea proiectului dvs. este foarte u\u0219oar\u0103. Alege\u021bi suprafa\u021ba preferat\u0103, fie c\u0103 este vorba de un dulap vechi uitat, un perete simplu sau un obiect decorativ uzat. Desprinde\u021bi, a\u0219eza\u021bi \u0219i freca\u021bi transferul cu instrumentul inclus \u0219i observa\u021bi cum piesa dvs. se transform\u0103 din obi\u0219nuit\u0103 \u00een extraordinar\u0103.<\/p>\n<p>Dimensiune: 21,59 x 27,94 cm (3 foi)<\/p>","protected":false},"excerpt":{"rendered":"<p>Ad\u0103uga\u021bi un plus de farmec confortabil cu The Rosy Nest. Aceste transferuri Middy frumos dimensionate prezint\u0103 buchete de trandafiri \u0219i frunze de iarn\u0103, concepute pentru a se potrivi proiectelor mai mici, cum ar fi t\u0103vi, ornamente, semne \u0219i multe altele. U\u0219or de aplicat \u0219i versatile, acestea aduc instantaneu spiritul s\u0103rb\u0103torilor \u00een crea\u021biile dvs. MOD DE [&hellip;]<\/p>","protected":false},"featured_media":4370,"comment_status":"open","ping_status":"closed","template":"","meta":{"_et_pb_use_builder":"","_et_pb_old_content":"","_et_gb_content_width":""},"product_cat":[84,79,68],"product_tag":[],"_links":{"self":[{"href":"https:\/\/redesignwithjulia.com\/ro\/wp-json\/wp\/v2\/product\/4369"}],"collection":[{"href":"https:\/\/redesignwithjulia.com\/ro\/wp-json\/wp\/v2\/product"}],"about":[{"href":"https:\/\/redesignwithjulia.com\/ro\/wp-json\/wp\/v2\/types\/product"}],"replies":[{"embeddable":true,"href":"https:\/\/redesignwithjulia.com\/ro\/wp-json\/wp\/v2\/comments?post=4369"}],"wp:featuredmedia":[{"embeddable":true,"href":"https:\/\/redesignwithjulia.com\/ro\/wp-json\/wp\/v2\/media\/4370"}],"wp:attachment":[{"href":"https:\/\/redesignwithjulia.com\/ro\/wp-json\/wp\/v2\/media?parent=4369"}],"wp:term":[{"taxonomy":"product_cat","embeddable":true,"href":"https:\/\/redesignwithjulia.com\/ro\/wp-json\/wp\/v2\/product_cat?post=4369"},{"taxonomy":"product_tag","embeddable":true,"href":"https:\/\/redesignwithjulia.com\/ro\/wp-json\/wp\/v2\/product_tag?post=4369"}],"curies":[{"name":"wp","href":"https:\/\/api.w.org\/{rel}","templated":true}]}}