{"id":4372,"date":"2025-10-22T20:01:29","date_gmt":"2025-10-22T18:01:29","guid":{"rendered":"https:\/\/redesignwithjulia.com\/?post_type=product&#038;p=4372"},"modified":"2026-03-13T13:51:03","modified_gmt":"2026-03-13T11:51:03","slug":"the-velvet-nest-material-decorativ-mobila-redesign-with-prima-a1","status":"publish","type":"product","link":"https:\/\/redesignwithjulia.com\/ro\/produs\/the-velvet-nest-material-decorativ-mobila-redesign-with-prima-a1\/","title":{"rendered":"The Velvet Nest \u2013 material decorativ mobil\u0103 Redesign with Prima \u2013 A1"},"content":{"rendered":"<p>Detaliile delicate, picturale, se \u00eembin\u0103 cu nuan\u021bele bogate ale s\u0103rb\u0103torilor \u00een The Velvet Nest.<\/p>\n<p>Cu p\u0103s\u0103rile sale gra\u021bioase cuib\u0103rite printre fructe de p\u0103dure \u0219i ramuri, acest material A1 este ideal pentru panouri de mobilier, tablouri pe p\u00e2nz\u0103 sau decora\u021biuni de perete. Durabil\u0103, dar delicat\u0103 \u00een aspect, ofer\u0103 o atmosfer\u0103 festiv\u0103 f\u0103r\u0103 efort.<\/p>\n<p>Realizat\u0103 cu grij\u0103 pentru o aplicare u\u0219oar\u0103, acest material decoupage este ideal pentru renovarea mobilierului, decorarea pere\u021bilor sau crea\u021bii mixte.<br \/>\nPentru cele mai bune rezultate, combina\u021bi-o cu gelul Decoupage \u00een variantele MATTE sau SHINE, sau cu Powertex easy Coat \u00een variantele MAT sau GLOSSY pentru a proteja \u0219i a pune \u00een valoare fiecare detaliu al capodoperei dvs.<\/p>\n<p>Dimensiuni: 59,4 x 84 cm<\/p>","protected":false},"excerpt":{"rendered":"<p>Detaliile delicate, picturale, se \u00eembin\u0103 cu nuan\u021bele bogate ale s\u0103rb\u0103torilor \u00een The Velvet Nest. Cu p\u0103s\u0103rile sale gra\u021bioase cuib\u0103rite printre fructe de p\u0103dure \u0219i ramuri, acest material A1 este ideal pentru panouri de mobilier, tablouri pe p\u00e2nz\u0103 sau decora\u021biuni de perete. Durabil\u0103, dar delicat\u0103 \u00een aspect, ofer\u0103 o atmosfer\u0103 festiv\u0103 f\u0103r\u0103 efort. Realizat\u0103 cu grij\u0103 [&hellip;]<\/p>","protected":false},"featured_media":4373,"comment_status":"open","ping_status":"closed","template":"","meta":{"_et_pb_use_builder":"","_et_pb_old_content":"","_et_gb_content_width":""},"product_cat":[77,66],"product_tag":[],"_links":{"self":[{"href":"https:\/\/redesignwithjulia.com\/ro\/wp-json\/wp\/v2\/product\/4372"}],"collection":[{"href":"https:\/\/redesignwithjulia.com\/ro\/wp-json\/wp\/v2\/product"}],"about":[{"href":"https:\/\/redesignwithjulia.com\/ro\/wp-json\/wp\/v2\/types\/product"}],"replies":[{"embeddable":true,"href":"https:\/\/redesignwithjulia.com\/ro\/wp-json\/wp\/v2\/comments?post=4372"}],"wp:featuredmedia":[{"embeddable":true,"href":"https:\/\/redesignwithjulia.com\/ro\/wp-json\/wp\/v2\/media\/4373"}],"wp:attachment":[{"href":"https:\/\/redesignwithjulia.com\/ro\/wp-json\/wp\/v2\/media?parent=4372"}],"wp:term":[{"taxonomy":"product_cat","embeddable":true,"href":"https:\/\/redesignwithjulia.com\/ro\/wp-json\/wp\/v2\/product_cat?post=4372"},{"taxonomy":"product_tag","embeddable":true,"href":"https:\/\/redesignwithjulia.com\/ro\/wp-json\/wp\/v2\/product_tag?post=4372"}],"curies":[{"name":"wp","href":"https:\/\/api.w.org\/{rel}","templated":true}]}}