{"id":4375,"date":"2025-10-23T20:33:00","date_gmt":"2025-10-23T18:33:00","guid":{"rendered":"https:\/\/redesignwithjulia.com\/?post_type=product&#038;p=4375"},"modified":"2025-10-23T20:55:44","modified_gmt":"2025-10-23T18:55:44","slug":"rosette-royale-transfer-decorativ-mediu-redesign-with-prima","status":"publish","type":"product","link":"https:\/\/redesignwithjulia.com\/ro\/produs\/rosette-royale-transfer-decorativ-mediu-redesign-with-prima\/","title":{"rendered":"Rosette Royale \u2013 Transfer Decorativ Mediu Redesign with Prima"},"content":{"rendered":"<p>Trandafiri u\u0219or \u00eemb\u0103tr\u00e2ni\u021bi, vi\u021b\u0103 de vie delicat\u0103 \u0219i accente aurii se \u00eembin\u0103 \u00een transferul mediu Rosette Royale, un design gra\u021bios, plin de farmec floral vintage.<\/p>\n<p>Fiecare dintre cele trei foi este plin\u0103 de buchete picturale de flori crem, roz, prune \u0219i galben pal, \u00eembog\u0103\u021bite cu frunze texturate \u0219i elemente florale uscate care adaug\u0103 c\u0103ldur\u0103 \u0219i profunzime.<\/p>\n<p>Acest transfer se potrive\u0219te perfect pe fa\u021badele sertarelor, t\u0103vi \u0219i piese decorative, fiind ideal pentru proiecte DIY romantice, de inspira\u021bie francez\u0103, sau pentru decorarea casei \u00een stil gr\u0103din\u0103.<\/p>\n<p>MOD DE UTILIZARE: Aplica\u021bi transferul Rosette Royale Middy prin dezlipire, a\u0219ezare \u0219i frecare pe suprafa\u021ba aleas\u0103 &#8211; lemn, sticl\u0103 sau metal. Finaliza\u021bi cu un strat de sigilare pentru o frumuse\u021be de durat\u0103.<\/p>\n<p>Exclusiv de la Redesign with Prima\u00ae \u2013 modelele dvs. preferate, acum \u00een nuan\u021be botanice delicate.<\/p>\n<p>Dimensiune: 21,5 x 27,9 cm (3 foi)<\/p>","protected":false},"excerpt":{"rendered":"<p>Trandafiri u\u0219or \u00eemb\u0103tr\u00e2ni\u021bi, vi\u021b\u0103 de vie delicat\u0103 \u0219i accente aurii se \u00eembin\u0103 \u00een transferul mediu Rosette Royale, un design gra\u021bios, plin de farmec floral vintage. Fiecare dintre cele trei foi este plin\u0103 de buchete picturale de flori crem, roz, prune \u0219i galben pal, \u00eembog\u0103\u021bite cu frunze texturate \u0219i elemente florale uscate care adaug\u0103 c\u0103ldur\u0103 \u0219i [&hellip;]<\/p>","protected":false},"featured_media":4376,"comment_status":"open","ping_status":"closed","template":"","meta":{"_et_pb_use_builder":"","_et_pb_old_content":"","_et_gb_content_width":""},"product_cat":[79,68],"product_tag":[],"_links":{"self":[{"href":"https:\/\/redesignwithjulia.com\/ro\/wp-json\/wp\/v2\/product\/4375"}],"collection":[{"href":"https:\/\/redesignwithjulia.com\/ro\/wp-json\/wp\/v2\/product"}],"about":[{"href":"https:\/\/redesignwithjulia.com\/ro\/wp-json\/wp\/v2\/types\/product"}],"replies":[{"embeddable":true,"href":"https:\/\/redesignwithjulia.com\/ro\/wp-json\/wp\/v2\/comments?post=4375"}],"wp:featuredmedia":[{"embeddable":true,"href":"https:\/\/redesignwithjulia.com\/ro\/wp-json\/wp\/v2\/media\/4376"}],"wp:attachment":[{"href":"https:\/\/redesignwithjulia.com\/ro\/wp-json\/wp\/v2\/media?parent=4375"}],"wp:term":[{"taxonomy":"product_cat","embeddable":true,"href":"https:\/\/redesignwithjulia.com\/ro\/wp-json\/wp\/v2\/product_cat?post=4375"},{"taxonomy":"product_tag","embeddable":true,"href":"https:\/\/redesignwithjulia.com\/ro\/wp-json\/wp\/v2\/product_tag?post=4375"}],"curies":[{"name":"wp","href":"https:\/\/api.w.org\/{rel}","templated":true}]}}