{"id":4384,"date":"2025-10-23T21:01:22","date_gmt":"2025-10-23T19:01:22","guid":{"rendered":"https:\/\/redesignwithjulia.com\/?post_type=product&#038;p=4384"},"modified":"2025-10-24T08:45:09","modified_gmt":"2025-10-24T06:45:09","slug":"bouquet-de-provence-transfer-decorativ-mediu-redesign-with-prima","status":"publish","type":"product","link":"https:\/\/redesignwithjulia.com\/ro\/produs\/bouquet-de-provence-transfer-decorativ-mediu-redesign-with-prima\/","title":{"rendered":"Bouquet de Provence \u2013 Transfer Decorativ Mediu \u2013 Redesign with Prima"},"content":{"rendered":"<p>O cascad\u0103 str\u0103lucitoare de trandafiri galben-aurii ocup\u0103 locul central \u00een transferul Bouquet de Provence A4.<\/p>\n<p>Acest design \u00eensorit prezint\u0103 flori pline \u0219i \u00eenflorite \u00eentr-o palet\u0103 bogat\u0103 de nuan\u021be de chihlimbar, miere \u0219i citrice pal, accentuate de frunzi\u0219ul verde moale. Este floarea perfect\u0103 pentru a \u00eenveseli mobilierul, piesele din hol sau dulapurile de buc\u0103t\u0103rie, conferindu-le un aspect proasp\u0103t, ca \u0219i cum ar fi proasp\u0103t culese din gr\u0103din\u0103.<\/p>\n<p>MOD DE UTILIZARE:<br \/>\nPur \u0219i simplu dezlipi\u021bi, ap\u0103sa\u021bi \u0219i freca\u021bi transferul Bouquet de Provence Middy pe suprafa\u021ba aleas\u0103 pentru un aspect cald, pictat manual, care \u00eenflore\u0219te \u00een c\u00e2teva minute. Exclusiv de la Redesign with Prima\u00ae \u2013 modelele dvs. preferate, acum \u00een nuan\u021be botanice delicate.<\/p>\n<p>Dimensiune: 21,5 x 27,9 cm (3 foi)<\/p>","protected":false},"excerpt":{"rendered":"<p>O cascad\u0103 str\u0103lucitoare de trandafiri galben-aurii ocup\u0103 locul central \u00een transferul Bouquet de Provence A4. Acest design \u00eensorit prezint\u0103 flori pline \u0219i \u00eenflorite \u00eentr-o palet\u0103 bogat\u0103 de nuan\u021be de chihlimbar, miere \u0219i citrice pal, accentuate de frunzi\u0219ul verde moale. Este floarea perfect\u0103 pentru a \u00eenveseli mobilierul, piesele din hol sau dulapurile de buc\u0103t\u0103rie, conferindu-le un [&hellip;]<\/p>","protected":false},"featured_media":4385,"comment_status":"open","ping_status":"closed","template":"","meta":{"_et_pb_use_builder":"","_et_pb_old_content":"","_et_gb_content_width":""},"product_cat":[79,68],"product_tag":[],"_links":{"self":[{"href":"https:\/\/redesignwithjulia.com\/ro\/wp-json\/wp\/v2\/product\/4384"}],"collection":[{"href":"https:\/\/redesignwithjulia.com\/ro\/wp-json\/wp\/v2\/product"}],"about":[{"href":"https:\/\/redesignwithjulia.com\/ro\/wp-json\/wp\/v2\/types\/product"}],"replies":[{"embeddable":true,"href":"https:\/\/redesignwithjulia.com\/ro\/wp-json\/wp\/v2\/comments?post=4384"}],"wp:featuredmedia":[{"embeddable":true,"href":"https:\/\/redesignwithjulia.com\/ro\/wp-json\/wp\/v2\/media\/4385"}],"wp:attachment":[{"href":"https:\/\/redesignwithjulia.com\/ro\/wp-json\/wp\/v2\/media?parent=4384"}],"wp:term":[{"taxonomy":"product_cat","embeddable":true,"href":"https:\/\/redesignwithjulia.com\/ro\/wp-json\/wp\/v2\/product_cat?post=4384"},{"taxonomy":"product_tag","embeddable":true,"href":"https:\/\/redesignwithjulia.com\/ro\/wp-json\/wp\/v2\/product_tag?post=4384"}],"curies":[{"name":"wp","href":"https:\/\/api.w.org\/{rel}","templated":true}]}}