{"id":4388,"date":"2025-10-24T09:05:41","date_gmt":"2025-10-24T07:05:41","guid":{"rendered":"https:\/\/redesignwithjulia.com\/?post_type=product&#038;p=4388"},"modified":"2026-03-09T10:35:41","modified_gmt":"2026-03-09T08:35:41","slug":"angelic-floral-noel-matrita-silicon-redesign-with-prima","status":"publish","type":"product","link":"https:\/\/redesignwithjulia.com\/ro\/produs\/angelic-floral-noel-matrita-silicon-redesign-with-prima\/","title":{"rendered":"Angelic Floral Noel \u2013 Matri\u021b\u0103 silicon Redesign with Prima"},"content":{"rendered":"<p>Un cor de \u00eengeri delicati, ghirlande fluide, clopote \u0219i ramuri de ilice \u2014 matri\u021ba\u00a0 Angelic Floral Noel surprinde frumuse\u021bea \u0219i gra\u021bia unui Cr\u0103ciun tradi\u021bional \u00eentr-o form\u0103 detaliat\u0103 \u0219i tridimensional\u0103.<\/p>\n<p>Ideal pentru ornamente, cutii de suveniruri \u0219i decora\u021biuni de sezon pentru pere\u021bi, acest tipar aduce o not\u0103 elegant\u0103 \u0219i atemporal\u0103 crea\u021biilor dvs. de s\u0103rb\u0103tori.<\/p>\n<p>Conceput pentru r\u0103\u0219in\u0103, lut uscat la aer, fondant, ciocolat\u0103 \u0219i multe altele, fiecare turnare surprinde detaliile fine care fac ca o pies\u0103 s\u0103 fie cu adev\u0103rat special\u0103. Potrivit pentru alimente, rezistent la cuptor \u0219i gata s\u0103 transforme orice suprafa\u021b\u0103 \u00een ceva extraordinar.<\/p>\n<p>Dimensiuni: 20,32 x 12,7 cm<\/p>","protected":false},"excerpt":{"rendered":"<p>Un cor de \u00eengeri delicati, ghirlande fluide, clopote \u0219i ramuri de ilice \u2014 matri\u021ba\u00a0 Angelic Floral Noel surprinde frumuse\u021bea \u0219i gra\u021bia unui Cr\u0103ciun tradi\u021bional \u00eentr-o form\u0103 detaliat\u0103 \u0219i tridimensional\u0103. Ideal pentru ornamente, cutii de suveniruri \u0219i decora\u021biuni de sezon pentru pere\u021bi, acest tipar aduce o not\u0103 elegant\u0103 \u0219i atemporal\u0103 crea\u021biilor dvs. de s\u0103rb\u0103tori. Conceput pentru [&hellip;]<\/p>","protected":false},"featured_media":4389,"comment_status":"open","ping_status":"closed","template":"","meta":{"_et_pb_use_builder":"","_et_pb_old_content":"","_et_gb_content_width":""},"product_cat":[21],"product_tag":[],"_links":{"self":[{"href":"https:\/\/redesignwithjulia.com\/ro\/wp-json\/wp\/v2\/product\/4388"}],"collection":[{"href":"https:\/\/redesignwithjulia.com\/ro\/wp-json\/wp\/v2\/product"}],"about":[{"href":"https:\/\/redesignwithjulia.com\/ro\/wp-json\/wp\/v2\/types\/product"}],"replies":[{"embeddable":true,"href":"https:\/\/redesignwithjulia.com\/ro\/wp-json\/wp\/v2\/comments?post=4388"}],"wp:featuredmedia":[{"embeddable":true,"href":"https:\/\/redesignwithjulia.com\/ro\/wp-json\/wp\/v2\/media\/4389"}],"wp:attachment":[{"href":"https:\/\/redesignwithjulia.com\/ro\/wp-json\/wp\/v2\/media?parent=4388"}],"wp:term":[{"taxonomy":"product_cat","embeddable":true,"href":"https:\/\/redesignwithjulia.com\/ro\/wp-json\/wp\/v2\/product_cat?post=4388"},{"taxonomy":"product_tag","embeddable":true,"href":"https:\/\/redesignwithjulia.com\/ro\/wp-json\/wp\/v2\/product_tag?post=4388"}],"curies":[{"name":"wp","href":"https:\/\/api.w.org\/{rel}","templated":true}]}}