{"id":4392,"date":"2025-10-24T09:28:04","date_gmt":"2025-10-24T07:28:04","guid":{"rendered":"https:\/\/redesignwithjulia.com\/?post_type=product&#038;p=4392"},"modified":"2026-03-09T10:37:50","modified_gmt":"2026-03-09T08:37:50","slug":"shimmering-holiday-ornaments-matrita-silicon-redesign-with-prima","status":"publish","type":"product","link":"https:\/\/redesignwithjulia.com\/ro\/produs\/shimmering-holiday-ornaments-matrita-silicon-redesign-with-prima\/","title":{"rendered":"Shimmering Holiday Ornaments \u2013 Matri\u021b\u0103 silicon Redesign with Prima"},"content":{"rendered":"<p>Elegant, detaliat \u0219i gata s\u0103 str\u0103luceasc\u0103 \u2014matri\u021ba Shimmering Holiday Ornaments include o selec\u021bie frumoas\u0103 de globuri \u00een relief cu motive florale, funde, perle \u0219i texturi de inspira\u021bie baroc\u0103.<\/p>\n<p>Aceast\u0103 matri\u021b\u0103 vine, de asemenea, cu corzi r\u0103sucite \u0219i \u0219iruri de m\u0103rgele \u2014 finisajele perfecte pentru a crea ornamente realiste, complet tridimensionale. Toarn\u0103-le \u00een r\u0103\u0219in\u0103 sau material de modelat \u0219i folose\u0219te-le pe cadouri, ghirlande, etichete sau decora\u021biuni de s\u0103rb\u0103tori realizate manual.<\/p>\n<p>Concepute pentru r\u0103\u0219in\u0103, lut uscat la aer, fondant, ciocolat\u0103 \u0219i multe altele, fiecare turnare surprinde detaliile fine care fac ca o pies\u0103 s\u0103 fie cu adev\u0103rat special\u0103. Potrivite pentru alimente, pot fi folosite \u00een cuptor \u0219i sunt gata s\u0103 transforme orice suprafa\u021b\u0103 \u00een ceva extraordinar.<\/p>\n<p>Dimensiune: 20,32 x 12,7 cm<\/p>","protected":false},"excerpt":{"rendered":"<p>Elegant, detaliat \u0219i gata s\u0103 str\u0103luceasc\u0103 \u2014matri\u021ba Shimmering Holiday Ornaments include o selec\u021bie frumoas\u0103 de globuri \u00een relief cu motive florale, funde, perle \u0219i texturi de inspira\u021bie baroc\u0103. Aceast\u0103 matri\u021b\u0103 vine, de asemenea, cu corzi r\u0103sucite \u0219i \u0219iruri de m\u0103rgele \u2014 finisajele perfecte pentru a crea ornamente realiste, complet tridimensionale. Toarn\u0103-le \u00een r\u0103\u0219in\u0103 sau material [&hellip;]<\/p>","protected":false},"featured_media":4393,"comment_status":"open","ping_status":"closed","template":"","meta":{"_et_pb_use_builder":"","_et_pb_old_content":"","_et_gb_content_width":""},"product_cat":[78,21],"product_tag":[],"_links":{"self":[{"href":"https:\/\/redesignwithjulia.com\/ro\/wp-json\/wp\/v2\/product\/4392"}],"collection":[{"href":"https:\/\/redesignwithjulia.com\/ro\/wp-json\/wp\/v2\/product"}],"about":[{"href":"https:\/\/redesignwithjulia.com\/ro\/wp-json\/wp\/v2\/types\/product"}],"replies":[{"embeddable":true,"href":"https:\/\/redesignwithjulia.com\/ro\/wp-json\/wp\/v2\/comments?post=4392"}],"wp:featuredmedia":[{"embeddable":true,"href":"https:\/\/redesignwithjulia.com\/ro\/wp-json\/wp\/v2\/media\/4393"}],"wp:attachment":[{"href":"https:\/\/redesignwithjulia.com\/ro\/wp-json\/wp\/v2\/media?parent=4392"}],"wp:term":[{"taxonomy":"product_cat","embeddable":true,"href":"https:\/\/redesignwithjulia.com\/ro\/wp-json\/wp\/v2\/product_cat?post=4392"},{"taxonomy":"product_tag","embeddable":true,"href":"https:\/\/redesignwithjulia.com\/ro\/wp-json\/wp\/v2\/product_tag?post=4392"}],"curies":[{"name":"wp","href":"https:\/\/api.w.org\/{rel}","templated":true}]}}