{"id":4400,"date":"2025-10-26T08:52:00","date_gmt":"2025-10-26T06:52:00","guid":{"rendered":"https:\/\/redesignwithjulia.com\/?post_type=product&#038;p=4400"},"modified":"2026-02-03T13:15:20","modified_gmt":"2026-02-03T11:15:20","slug":"flower-children-transfer-decorativ-mini-redesign-with-prima-2","status":"publish","type":"product","link":"https:\/\/redesignwithjulia.com\/ro\/produs\/flower-children-transfer-decorativ-mini-redesign-with-prima-2\/","title":{"rendered":"Flower Children \u2013 Transfer Decorativ Mini Redesign with Prima"},"content":{"rendered":"<p>Frumuse\u021be instantanee pe aproape orice suprafa\u021b\u0103 v\u0103 pute\u021bi imagina. Transferurile noastre sunt u\u0219or de utilizat, care se aplic\u0103 prin frecare pe o gam\u0103 larg\u0103 de suprafe\u021be, permi\u021b\u00e2nd o multitudine de utiliz\u0103ri \u00een decor, mobilier \u0219i multimedia. Pur \u0219i simplu dezlipi\u021bi, freca\u021bi \u0219i transfera\u021bi un design frumos detaliat pentru a transforma urm\u0103toarea dvs. pies\u0103 \u00eentr-o oper\u0103 de art\u0103.<\/p>\n<p>Dimensiunea celor 3 foi: 15,25 x 30,5 cm<\/p>","protected":false},"excerpt":{"rendered":"<p>Frumuse\u021be instantanee pe aproape orice suprafa\u021b\u0103 v\u0103 pute\u021bi imagina. Transferurile noastre sunt u\u0219or de utilizat, care se aplic\u0103 prin frecare pe o gam\u0103 larg\u0103 de suprafe\u021be, permi\u021b\u00e2nd o multitudine de utiliz\u0103ri \u00een decor, mobilier \u0219i multimedia. Pur \u0219i simplu dezlipi\u021bi, freca\u021bi \u0219i transfera\u021bi un design frumos detaliat pentru a transforma urm\u0103toarea dvs. pies\u0103 \u00eentr-o oper\u0103 [&hellip;]<\/p>","protected":false},"featured_media":4401,"comment_status":"open","ping_status":"closed","template":"","meta":{"_et_pb_use_builder":"","_et_pb_old_content":"","_et_gb_content_width":""},"product_cat":[79,75],"product_tag":[],"_links":{"self":[{"href":"https:\/\/redesignwithjulia.com\/ro\/wp-json\/wp\/v2\/product\/4400"}],"collection":[{"href":"https:\/\/redesignwithjulia.com\/ro\/wp-json\/wp\/v2\/product"}],"about":[{"href":"https:\/\/redesignwithjulia.com\/ro\/wp-json\/wp\/v2\/types\/product"}],"replies":[{"embeddable":true,"href":"https:\/\/redesignwithjulia.com\/ro\/wp-json\/wp\/v2\/comments?post=4400"}],"wp:featuredmedia":[{"embeddable":true,"href":"https:\/\/redesignwithjulia.com\/ro\/wp-json\/wp\/v2\/media\/4401"}],"wp:attachment":[{"href":"https:\/\/redesignwithjulia.com\/ro\/wp-json\/wp\/v2\/media?parent=4400"}],"wp:term":[{"taxonomy":"product_cat","embeddable":true,"href":"https:\/\/redesignwithjulia.com\/ro\/wp-json\/wp\/v2\/product_cat?post=4400"},{"taxonomy":"product_tag","embeddable":true,"href":"https:\/\/redesignwithjulia.com\/ro\/wp-json\/wp\/v2\/product_tag?post=4400"}],"curies":[{"name":"wp","href":"https:\/\/api.w.org\/{rel}","templated":true}]}}