{"id":4403,"date":"2025-10-26T08:58:04","date_gmt":"2025-10-26T06:58:04","guid":{"rendered":"https:\/\/redesignwithjulia.com\/?post_type=product&#038;p=4403"},"modified":"2025-10-26T08:59:06","modified_gmt":"2025-10-26T06:59:06","slug":"classic-rides-transfer-decorativ-mini-redesign-with-prima-2","status":"publish","type":"product","link":"https:\/\/redesignwithjulia.com\/ro\/produs\/classic-rides-transfer-decorativ-mini-redesign-with-prima-2\/","title":{"rendered":"Classic Rides \u2013 Transfer Decorativ Mini Redesign with Prima"},"content":{"rendered":"<p>Iubitorii de ma\u0219ini clasice se pot bucura! Acest transfer este perfect pentru decorarea pieselor destinate fanaticilor de ma\u0219ini clasice din via\u021ba ta! Amprent\u0103 mai mic\u0103, impact uria\u0219! Transferurile noastre ofer\u0103 aceea\u0219i calitate \u00eenalt\u0103 ca transferurile noastre standard, av\u00e2nd o dimensiune mai mic\u0103, perfect\u0103 pentru proiecte detaliate, piese mai mici \u0219i multe altele! Pur \u0219i simplu dezlipe\u0219te, freac\u0103 \u0219i transfer\u0103 un design frumos detaliat pentru a transforma urm\u0103toarea ta pies\u0103 \u00eentr-o oper\u0103 de art\u0103.<\/p>\n<p>Dimensiunea celor 3 foi: 15,25 x 30,5 cm<\/p>","protected":false},"excerpt":{"rendered":"<p>Iubitorii de ma\u0219ini clasice se pot bucura! Acest transfer este perfect pentru decorarea pieselor destinate fanaticilor de ma\u0219ini clasice din via\u021ba ta! Amprent\u0103 mai mic\u0103, impact uria\u0219! Transferurile noastre ofer\u0103 aceea\u0219i calitate \u00eenalt\u0103 ca transferurile noastre standard, av\u00e2nd o dimensiune mai mic\u0103, perfect\u0103 pentru proiecte detaliate, piese mai mici \u0219i multe altele! Pur \u0219i simplu [&hellip;]<\/p>","protected":false},"featured_media":4404,"comment_status":"open","ping_status":"closed","template":"","meta":{"_et_pb_use_builder":"","_et_pb_old_content":"","_et_gb_content_width":""},"product_cat":[79,75],"product_tag":[],"_links":{"self":[{"href":"https:\/\/redesignwithjulia.com\/ro\/wp-json\/wp\/v2\/product\/4403"}],"collection":[{"href":"https:\/\/redesignwithjulia.com\/ro\/wp-json\/wp\/v2\/product"}],"about":[{"href":"https:\/\/redesignwithjulia.com\/ro\/wp-json\/wp\/v2\/types\/product"}],"replies":[{"embeddable":true,"href":"https:\/\/redesignwithjulia.com\/ro\/wp-json\/wp\/v2\/comments?post=4403"}],"wp:featuredmedia":[{"embeddable":true,"href":"https:\/\/redesignwithjulia.com\/ro\/wp-json\/wp\/v2\/media\/4404"}],"wp:attachment":[{"href":"https:\/\/redesignwithjulia.com\/ro\/wp-json\/wp\/v2\/media?parent=4403"}],"wp:term":[{"taxonomy":"product_cat","embeddable":true,"href":"https:\/\/redesignwithjulia.com\/ro\/wp-json\/wp\/v2\/product_cat?post=4403"},{"taxonomy":"product_tag","embeddable":true,"href":"https:\/\/redesignwithjulia.com\/ro\/wp-json\/wp\/v2\/product_tag?post=4403"}],"curies":[{"name":"wp","href":"https:\/\/api.w.org\/{rel}","templated":true}]}}